{"id":3548,"date":"2024-07-09T14:02:42","date_gmt":"2024-07-09T06:02:42","guid":{"rendered":"http:\/\/elementorwp.my.yxly8.com\/?post_type=product&#038;p=3548"},"modified":"2024-07-09T14:05:21","modified_gmt":"2024-07-09T06:05:21","slug":"frp-conductive-grating","status":"publish","type":"product","link":"https:\/\/www.sino-grate.com\/de\/produkt\/frp-conductive-grating\/","title":{"rendered":"FRP Leitf\u00e4higer Gitterrost"},"content":{"rendered":"<div data-elementor-type=\"product-post\" data-elementor-id=\"3548\" class=\"elementor elementor-3548\" data-elementor-post-type=\"product\">\n\t\t\t\t\t\t<section class=\"elementor-section elementor-top-section elementor-element elementor-element-5deb344 elementor-section-boxed elementor-section-height-default elementor-section-height-default\" data-id=\"5deb344\" data-element_type=\"section\">\n\t\t\t\t\t\t<div class=\"elementor-container elementor-column-gap-default\">\n\t\t\t\t\t<div class=\"elementor-column elementor-col-100 elementor-top-column elementor-element elementor-element-b140a44\" data-id=\"b140a44\" data-element_type=\"column\">\n\t\t\t<div class=\"elementor-widget-wrap elementor-element-populated\">\n\t\t\t\t\t\t<div class=\"elementor-element elementor-element-42a405f elementor-widget elementor-widget-text-editor\" data-id=\"42a405f\" data-element_type=\"widget\" data-widget_type=\"text-editor.default\">\n\t\t\t\t<div class=\"elementor-widget-container\">\n\t\t\t\t\t\t\t\t\t<p>GFK-Gitterroste sind an sich isolierend, nicht leitend oder w\u00e4rmeleitend, aber in einigen speziellen F\u00e4llen werden auch leitende Anforderungen an GFK-Gitterroste gestellt.<\/p><p>Die \u00fcbliche Arbeitsmethode besteht darin, eine Graphitschicht mit einer Dicke von etwa 3 bis 5 mm auf der Oberfl\u00e4che anzubringen, um die Gefahr einer elektrostatischen Aufladung zu beseitigen.<\/p><p>Mit dieser L\u00f6sung konnte jedoch kein vollst\u00e4ndig leitf\u00e4higes Ergebnis erzielt werden.<\/p><p>Sino Composite bietet eine einzigartige und exklusive L\u00f6sung f\u00fcr Kunden, die die Leitf\u00e4higkeit mit einem ganzen Teil des Gitters herstellen. Die leitf\u00e4hige Leistung ist um ein Vielfaches besser als die traditionelle Methode.<\/p><p>Kontaktieren Sie unser Verkaufsteam, um weitere Informationen zu erhalten.<\/p>\t\t\t\t\t\t\t\t<\/div>\n\t\t\t\t<\/div>\n\t\t\t\t\t<\/div>\n\t\t<\/div>\n\t\t\t\t\t<\/div>\n\t\t<\/section>\n\t\t\t\t<section class=\"elementor-section elementor-top-section elementor-element elementor-element-f9deb96 elementor-section-boxed elementor-section-height-default elementor-section-height-default\" data-id=\"f9deb96\" data-element_type=\"section\">\n\t\t\t\t\t\t<div class=\"elementor-container elementor-column-gap-default\">\n\t\t\t\t\t<div class=\"elementor-column elementor-col-50 elementor-top-column elementor-element elementor-element-8418d67\" data-id=\"8418d67\" data-element_type=\"column\">\n\t\t\t<div class=\"elementor-widget-wrap elementor-element-populated\">\n\t\t\t\t\t\t<div class=\"elementor-element elementor-element-994cb53 elementor-widget elementor-widget-image\" data-id=\"994cb53\" data-element_type=\"widget\" data-widget_type=\"image.default\">\n\t\t\t\t<div class=\"elementor-widget-container\">\n\t\t\t\t\t\t\t\t\t\t\t\t\t\t\t<img fetchpriority=\"high\" decoding=\"async\" width=\"502\" height=\"326\" src=\"https:\/\/www.sino-grate.com\/wp-content\/uploads\/2024\/07\/1688440097171729.jpg\" class=\"attachment-large size-large wp-image-3549\" alt=\"FRP Conductive Grating\" srcset=\"https:\/\/www.sino-grate.com\/wp-content\/uploads\/2024\/07\/1688440097171729.jpg 502w, https:\/\/www.sino-grate.com\/wp-content\/uploads\/2024\/07\/1688440097171729-300x195.jpg 300w\" sizes=\"(max-width: 502px) 100vw, 502px\" \/>\t\t\t\t\t\t\t\t\t\t\t\t\t\t\t<\/div>\n\t\t\t\t<\/div>\n\t\t\t\t\t<\/div>\n\t\t<\/div>\n\t\t\t\t<div class=\"elementor-column elementor-col-50 elementor-top-column elementor-element elementor-element-02505f1\" data-id=\"02505f1\" data-element_type=\"column\">\n\t\t\t<div class=\"elementor-widget-wrap elementor-element-populated\">\n\t\t\t\t\t\t<div class=\"elementor-element elementor-element-04b8cf3 elementor-widget elementor-widget-image\" data-id=\"04b8cf3\" data-element_type=\"widget\" data-widget_type=\"image.default\">\n\t\t\t\t<div class=\"elementor-widget-container\">\n\t\t\t\t\t\t\t\t\t\t\t\t\t\t\t<img decoding=\"async\" width=\"502\" height=\"326\" src=\"https:\/\/www.sino-grate.com\/wp-content\/uploads\/2024\/07\/1688440101719572.jpg\" class=\"attachment-large size-large wp-image-3552\" alt=\"\" srcset=\"https:\/\/www.sino-grate.com\/wp-content\/uploads\/2024\/07\/1688440101719572.jpg 502w, https:\/\/www.sino-grate.com\/wp-content\/uploads\/2024\/07\/1688440101719572-300x195.jpg 300w\" sizes=\"(max-width: 502px) 100vw, 502px\" \/>\t\t\t\t\t\t\t\t\t\t\t\t\t\t\t<\/div>\n\t\t\t\t<\/div>\n\t\t\t\t\t<\/div>\n\t\t<\/div>\n\t\t\t\t\t<\/div>\n\t\t<\/section>\n\t\t\t\t<\/div>","protected":false},"excerpt":{"rendered":"<p>FRP grating itself is an insulator, not conductive or thermally conductive, but in some specific occasions, there are also conductive requirements for FRP grating. The commonly used method of operation is to add a graphite layer with a thickness of about 3~5mm on the surface to eliminate the danger of electrostatic charge. However this solution [&hellip;]<\/p>\n","protected":false},"featured_media":3549,"template":"","meta":{"site-sidebar-layout":"no-sidebar","site-content-layout":"page-builder","ast-site-content-layout":"full-width-container","site-content-style":"default","site-sidebar-style":"default","ast-global-header-display":"","ast-banner-title-visibility":"","ast-main-header-display":"","ast-hfb-above-header-display":"","ast-hfb-below-header-display":"","ast-hfb-mobile-header-display":"","site-post-title":"disabled","ast-breadcrumbs-content":"","ast-featured-img":"disabled","footer-sml-layout":"","theme-transparent-header-meta":"default","adv-header-id-meta":"","stick-header-meta":"","header-above-stick-meta":"","header-main-stick-meta":"","header-below-stick-meta":"","astra-migrate-meta-layouts":"set","ast-page-background-enabled":"default","ast-page-background-meta":{"desktop":{"background-color":"","background-image":"","background-repeat":"repeat","background-position":"center center","background-size":"auto","background-attachment":"scroll","background-type":"","background-media":"","overlay-type":"","overlay-color":"","overlay-opacity":"","overlay-gradient":""},"tablet":{"background-color":"","background-image":"","background-repeat":"repeat","background-position":"center center","background-size":"auto","background-attachment":"scroll","background-type":"","background-media":"","overlay-type":"","overlay-color":"","overlay-opacity":"","overlay-gradient":""},"mobile":{"background-color":"","background-image":"","background-repeat":"repeat","background-position":"center center","background-size":"auto","background-attachment":"scroll","background-type":"","background-media":"","overlay-type":"","overlay-color":"","overlay-opacity":"","overlay-gradient":""}},"ast-content-background-meta":{"desktop":{"background-color":"var(--ast-global-color-5)","background-image":"","background-repeat":"repeat","background-position":"center center","background-size":"auto","background-attachment":"scroll","background-type":"","background-media":"","overlay-type":"","overlay-color":"","overlay-opacity":"","overlay-gradient":""},"tablet":{"background-color":"var(--ast-global-color-5)","background-image":"","background-repeat":"repeat","background-position":"center center","background-size":"auto","background-attachment":"scroll","background-type":"","background-media":"","overlay-type":"","overlay-color":"","overlay-opacity":"","overlay-gradient":""},"mobile":{"background-color":"var(--ast-global-color-5)","background-image":"","background-repeat":"repeat","background-position":"center center","background-size":"auto","background-attachment":"scroll","background-type":"","background-media":"","overlay-type":"","overlay-color":"","overlay-opacity":"","overlay-gradient":""}}},"product_brand":[],"product_cat":[86],"product_tag":[94,93,91],"class_list":{"0":"post-3548","1":"product","2":"type-product","3":"status-publish","4":"has-post-thumbnail","6":"product_cat-frp-molded-grating","7":"product_tag-frp-conductive-grating","8":"product_tag-frp-grating","9":"product_tag-frp-molded-grating","10":"desktop-align-left","11":"tablet-align-left","12":"mobile-align-left","13":"ast-product-gallery-layout-horizontal-slider","14":"ast-magnify-disabled","15":"ast-product-tabs-layout-horizontal","17":"first","18":"instock","19":"shipping-taxable","20":"product-type-simple"},"yoast_head":"<!-- This site is optimized with the Yoast SEO plugin v26.6 - https:\/\/yoast.com\/wordpress\/plugins\/seo\/ -->\n<title>FRP Conductive Grating - China FRP Grating, FRP Profiles, Grating Clips Suppliers, Manufacturers, Factory - Sino Grating<\/title>\n<meta name=\"robots\" content=\"index, follow, max-snippet:-1, max-image-preview:large, max-video-preview:-1\" \/>\n<link rel=\"canonical\" href=\"https:\/\/www.sino-grate.com\/de\/produkt\/frp-conductive-grating\/\" \/>\n<meta property=\"og:locale\" content=\"de_DE\" \/>\n<meta property=\"og:type\" content=\"article\" \/>\n<meta property=\"og:title\" content=\"FRP Conductive Grating - China FRP Grating, FRP Profiles, Grating Clips Suppliers, Manufacturers, Factory - Sino Grating\" \/>\n<meta property=\"og:description\" content=\"FRP grating itself is an insulator, not conductive or thermally conductive, but in some specific occasions, there are also conductive requirements for FRP grating. The commonly used method of operation is to add a graphite layer with a thickness of about 3~5mm on the surface to eliminate the danger of electrostatic charge. However this solution [&hellip;]\" \/>\n<meta property=\"og:url\" content=\"https:\/\/www.sino-grate.com\/de\/produkt\/frp-conductive-grating\/\" \/>\n<meta property=\"og:site_name\" content=\"China FRP Grating, FRP Profiles, Grating Clips Suppliers, Manufacturers, Factory - Sino Grating\" \/>\n<meta property=\"article:modified_time\" content=\"2024-07-09T06:05:21+00:00\" \/>\n<meta property=\"og:image\" content=\"https:\/\/www.sino-grate.com\/wp-content\/uploads\/2024\/07\/1688440097171729.jpg\" \/>\n\t<meta property=\"og:image:width\" content=\"502\" \/>\n\t<meta property=\"og:image:height\" content=\"326\" \/>\n\t<meta property=\"og:image:type\" content=\"image\/jpeg\" \/>\n<meta name=\"twitter:card\" content=\"summary_large_image\" \/>\n<meta name=\"twitter:label1\" content=\"Gesch\u00e4tzte Lesezeit\" \/>\n\t<meta name=\"twitter:data1\" content=\"1\u00a0Minute\" \/>\n<script type=\"application\/ld+json\" class=\"yoast-schema-graph\">{\"@context\":\"https:\/\/schema.org\",\"@graph\":[{\"@type\":\"WebPage\",\"@id\":\"https:\/\/www.sino-grate.com\/product\/frp-conductive-grating\/\",\"url\":\"https:\/\/www.sino-grate.com\/product\/frp-conductive-grating\/\",\"name\":\"FRP Conductive Grating - China FRP Grating, FRP Profiles, Grating Clips Suppliers, Manufacturers, Factory - Sino Grating\",\"isPartOf\":{\"@id\":\"https:\/\/www.sino-grate.com\/#website\"},\"primaryImageOfPage\":{\"@id\":\"https:\/\/www.sino-grate.com\/product\/frp-conductive-grating\/#primaryimage\"},\"image\":{\"@id\":\"https:\/\/www.sino-grate.com\/product\/frp-conductive-grating\/#primaryimage\"},\"thumbnailUrl\":\"https:\/\/www.sino-grate.com\/wp-content\/uploads\/2024\/07\/1688440097171729.jpg\",\"datePublished\":\"2024-07-09T06:02:42+00:00\",\"dateModified\":\"2024-07-09T06:05:21+00:00\",\"breadcrumb\":{\"@id\":\"https:\/\/www.sino-grate.com\/product\/frp-conductive-grating\/#breadcrumb\"},\"inLanguage\":\"de\",\"potentialAction\":[{\"@type\":\"ReadAction\",\"target\":[\"https:\/\/www.sino-grate.com\/product\/frp-conductive-grating\/\"]}]},{\"@type\":\"ImageObject\",\"inLanguage\":\"de\",\"@id\":\"https:\/\/www.sino-grate.com\/product\/frp-conductive-grating\/#primaryimage\",\"url\":\"https:\/\/www.sino-grate.com\/wp-content\/uploads\/2024\/07\/1688440097171729.jpg\",\"contentUrl\":\"https:\/\/www.sino-grate.com\/wp-content\/uploads\/2024\/07\/1688440097171729.jpg\",\"width\":502,\"height\":326,\"caption\":\"FRP Conductive Grating\"},{\"@type\":\"BreadcrumbList\",\"@id\":\"https:\/\/www.sino-grate.com\/product\/frp-conductive-grating\/#breadcrumb\",\"itemListElement\":[{\"@type\":\"ListItem\",\"position\":1,\"name\":\"Home\",\"item\":\"https:\/\/www.sino-grate.com\/\"},{\"@type\":\"ListItem\",\"position\":2,\"name\":\"Products\",\"item\":\"https:\/\/www.sino-grate.com\/shop\/\"},{\"@type\":\"ListItem\",\"position\":3,\"name\":\"FRP Conductive Grating\"}]},{\"@type\":\"WebSite\",\"@id\":\"https:\/\/www.sino-grate.com\/#website\",\"url\":\"https:\/\/www.sino-grate.com\/\",\"name\":\"China FRP Grating, FRP Profiles, Grating Clips Suppliers, Manufacturers, Factory - Sino Grating\",\"description\":\"Sino composite provides with excellent quality FRP grating, FRP profiles, FRP structures, other FRP products and clip accessories. We provide all-round services from design, helping customers with model selection, production, pre-assembly, and transportation.\",\"publisher\":{\"@id\":\"https:\/\/www.sino-grate.com\/#organization\"},\"potentialAction\":[{\"@type\":\"SearchAction\",\"target\":{\"@type\":\"EntryPoint\",\"urlTemplate\":\"https:\/\/www.sino-grate.com\/?s={search_term_string}\"},\"query-input\":{\"@type\":\"PropertyValueSpecification\",\"valueRequired\":true,\"valueName\":\"search_term_string\"}}],\"inLanguage\":\"de\"},{\"@type\":\"Organization\",\"@id\":\"https:\/\/www.sino-grate.com\/#organization\",\"name\":\"Sino Composite Structures Co.,Ltd.\",\"url\":\"https:\/\/www.sino-grate.com\/\",\"logo\":{\"@type\":\"ImageObject\",\"inLanguage\":\"de\",\"@id\":\"https:\/\/www.sino-grate.com\/#\/schema\/logo\/image\/\",\"url\":\"https:\/\/www.sino-grate.com\/wp-content\/uploads\/2023\/06\/sino_logo1.png\",\"contentUrl\":\"https:\/\/www.sino-grate.com\/wp-content\/uploads\/2023\/06\/sino_logo1.png\",\"width\":834,\"height\":125,\"caption\":\"Sino Composite Structures Co.,Ltd.\"},\"image\":{\"@id\":\"https:\/\/www.sino-grate.com\/#\/schema\/logo\/image\/\"}}]}<\/script>\n<!-- \/ Yoast SEO plugin. -->","yoast_head_json":{"title":"FRP Leitf\u00e4higer Gitterrost - China FRP Gitterrost, FRP-Profile, Gitterrostklammern Lieferanten, Hersteller, Fabrik - Sino Grating","robots":{"index":"index","follow":"follow","max-snippet":"max-snippet:-1","max-image-preview":"max-image-preview:large","max-video-preview":"max-video-preview:-1"},"canonical":"https:\/\/www.sino-grate.com\/de\/produkt\/frp-conductive-grating\/","og_locale":"de_DE","og_type":"article","og_title":"FRP Conductive Grating - China FRP Grating, FRP Profiles, Grating Clips Suppliers, Manufacturers, Factory - Sino Grating","og_description":"FRP grating itself is an insulator, not conductive or thermally conductive, but in some specific occasions, there are also conductive requirements for FRP grating. The commonly used method of operation is to add a graphite layer with a thickness of about 3~5mm on the surface to eliminate the danger of electrostatic charge. However this solution [&hellip;]","og_url":"https:\/\/www.sino-grate.com\/de\/produkt\/frp-conductive-grating\/","og_site_name":"China FRP Grating, FRP Profiles, Grating Clips Suppliers, Manufacturers, Factory - Sino Grating","article_modified_time":"2024-07-09T06:05:21+00:00","og_image":[{"width":502,"height":326,"url":"https:\/\/www.sino-grate.com\/wp-content\/uploads\/2024\/07\/1688440097171729.jpg","type":"image\/jpeg"}],"twitter_card":"summary_large_image","twitter_misc":{"Gesch\u00e4tzte Lesezeit":"1\u00a0Minute"},"schema":{"@context":"https:\/\/schema.org","@graph":[{"@type":"WebPage","@id":"https:\/\/www.sino-grate.com\/product\/frp-conductive-grating\/","url":"https:\/\/www.sino-grate.com\/product\/frp-conductive-grating\/","name":"FRP Leitf\u00e4higer Gitterrost - China FRP Gitterrost, FRP-Profile, Gitterrostklammern Lieferanten, Hersteller, Fabrik - Sino Grating","isPartOf":{"@id":"https:\/\/www.sino-grate.com\/#website"},"primaryImageOfPage":{"@id":"https:\/\/www.sino-grate.com\/product\/frp-conductive-grating\/#primaryimage"},"image":{"@id":"https:\/\/www.sino-grate.com\/product\/frp-conductive-grating\/#primaryimage"},"thumbnailUrl":"https:\/\/www.sino-grate.com\/wp-content\/uploads\/2024\/07\/1688440097171729.jpg","datePublished":"2024-07-09T06:02:42+00:00","dateModified":"2024-07-09T06:05:21+00:00","breadcrumb":{"@id":"https:\/\/www.sino-grate.com\/product\/frp-conductive-grating\/#breadcrumb"},"inLanguage":"de","potentialAction":[{"@type":"ReadAction","target":["https:\/\/www.sino-grate.com\/product\/frp-conductive-grating\/"]}]},{"@type":"ImageObject","inLanguage":"de","@id":"https:\/\/www.sino-grate.com\/product\/frp-conductive-grating\/#primaryimage","url":"https:\/\/www.sino-grate.com\/wp-content\/uploads\/2024\/07\/1688440097171729.jpg","contentUrl":"https:\/\/www.sino-grate.com\/wp-content\/uploads\/2024\/07\/1688440097171729.jpg","width":502,"height":326,"caption":"FRP Conductive Grating"},{"@type":"BreadcrumbList","@id":"https:\/\/www.sino-grate.com\/product\/frp-conductive-grating\/#breadcrumb","itemListElement":[{"@type":"ListItem","position":1,"name":"Home","item":"https:\/\/www.sino-grate.com\/"},{"@type":"ListItem","position":2,"name":"Products","item":"https:\/\/www.sino-grate.com\/shop\/"},{"@type":"ListItem","position":3,"name":"FRP Conductive Grating"}]},{"@type":"WebSite","@id":"https:\/\/www.sino-grate.com\/#website","url":"https:\/\/www.sino-grate.com\/","name":"China FRP-Gitterroste, FRP-Profile, Gitterrostklammern Lieferanten, Hersteller, Fabrik - Sino Grating","description":"Sino Composite bietet FRP-Gitter, FRP-Profile, FRP-Strukturen, andere FRP-Produkte und Clip-Zubeh\u00f6r in hervorragender Qualit\u00e4t. Wir bieten Rundum-Service vom Design, helfen Kunden bei der Modellauswahl, Produktion, Vormontage und Transport.","publisher":{"@id":"https:\/\/www.sino-grate.com\/#organization"},"potentialAction":[{"@type":"SearchAction","target":{"@type":"EntryPoint","urlTemplate":"https:\/\/www.sino-grate.com\/?s={search_term_string}"},"query-input":{"@type":"PropertyValueSpecification","valueRequired":true,"valueName":"search_term_string"}}],"inLanguage":"de"},{"@type":"Organization","@id":"https:\/\/www.sino-grate.com\/#organization","name":"Sino Composite Structures Co.,Ltd.","url":"https:\/\/www.sino-grate.com\/","logo":{"@type":"ImageObject","inLanguage":"de","@id":"https:\/\/www.sino-grate.com\/#\/schema\/logo\/image\/","url":"https:\/\/www.sino-grate.com\/wp-content\/uploads\/2023\/06\/sino_logo1.png","contentUrl":"https:\/\/www.sino-grate.com\/wp-content\/uploads\/2023\/06\/sino_logo1.png","width":834,"height":125,"caption":"Sino Composite Structures Co.,Ltd."},"image":{"@id":"https:\/\/www.sino-grate.com\/#\/schema\/logo\/image\/"}}]}},"_links":{"self":[{"href":"https:\/\/www.sino-grate.com\/de\/wp-json\/wp\/v2\/product\/3548","targetHints":{"allow":["GET"]}}],"collection":[{"href":"https:\/\/www.sino-grate.com\/de\/wp-json\/wp\/v2\/product"}],"about":[{"href":"https:\/\/www.sino-grate.com\/de\/wp-json\/wp\/v2\/types\/product"}],"version-history":[{"count":0,"href":"https:\/\/www.sino-grate.com\/de\/wp-json\/wp\/v2\/product\/3548\/revisions"}],"wp:featuredmedia":[{"embeddable":true,"href":"https:\/\/www.sino-grate.com\/de\/wp-json\/wp\/v2\/media\/3549"}],"wp:attachment":[{"href":"https:\/\/www.sino-grate.com\/de\/wp-json\/wp\/v2\/media?parent=3548"}],"wp:term":[{"taxonomy":"product_brand","embeddable":true,"href":"https:\/\/www.sino-grate.com\/de\/wp-json\/wp\/v2\/product_brand?post=3548"},{"taxonomy":"product_cat","embeddable":true,"href":"https:\/\/www.sino-grate.com\/de\/wp-json\/wp\/v2\/product_cat?post=3548"},{"taxonomy":"product_tag","embeddable":true,"href":"https:\/\/www.sino-grate.com\/de\/wp-json\/wp\/v2\/product_tag?post=3548"}],"curies":[{"name":"wp","href":"https:\/\/api.w.org\/{rel}","templated":true}]}}