{"id":3954,"date":"2024-07-10T16:42:38","date_gmt":"2024-07-10T08:42:38","guid":{"rendered":"http:\/\/elementorwp.my.yxly8.com\/?post_type=product&#038;p=3954"},"modified":"2024-07-10T16:53:22","modified_gmt":"2024-07-10T08:53:22","slug":"frp-food-grade-molded-grating","status":"publish","type":"product","link":"https:\/\/www.sino-grate.com\/de\/produkt\/frp-food-grade-molded-grating\/","title":{"rendered":"FRP Lebensmittelgeeignete geformte Gitterroste"},"content":{"rendered":"<div data-elementor-type=\"product-post\" data-elementor-id=\"3954\" class=\"elementor elementor-3954\" data-elementor-post-type=\"product\">\n\t\t\t\t\t\t<section class=\"elementor-section elementor-top-section elementor-element elementor-element-2f64354 elementor-section-boxed elementor-section-height-default elementor-section-height-default\" data-id=\"2f64354\" data-element_type=\"section\">\n\t\t\t\t\t\t<div class=\"elementor-container elementor-column-gap-default\">\n\t\t\t\t\t<div class=\"elementor-column elementor-col-100 elementor-top-column elementor-element elementor-element-79ef36e\" data-id=\"79ef36e\" data-element_type=\"column\">\n\t\t\t<div class=\"elementor-widget-wrap elementor-element-populated\">\n\t\t\t\t\t\t<div class=\"elementor-element elementor-element-6ab4f27 elementor-position-left elementor-vertical-align-middle elementor-widget elementor-widget-image-box\" data-id=\"6ab4f27\" data-element_type=\"widget\" data-widget_type=\"image-box.default\">\n\t\t\t\t<div class=\"elementor-widget-container\">\n\t\t\t\t\t<div class=\"elementor-image-box-wrapper\"><figure class=\"elementor-image-box-img\"><img fetchpriority=\"high\" decoding=\"async\" width=\"400\" height=\"300\" src=\"https:\/\/www.sino-grate.com\/wp-content\/uploads\/2024\/07\/608bb77695460-1.jpg\" class=\"attachment-full size-full wp-image-3958\" alt=\"\" srcset=\"https:\/\/www.sino-grate.com\/wp-content\/uploads\/2024\/07\/608bb77695460-1.jpg 400w, https:\/\/www.sino-grate.com\/wp-content\/uploads\/2024\/07\/608bb77695460-1-300x225.jpg 300w\" sizes=\"(max-width: 400px) 100vw, 400px\" \/><\/figure><div class=\"elementor-image-box-content\"><p class=\"elementor-image-box-description\">In der Lebensmittel- und Getr\u00e4nkeindustrie werden schon seit langem feuchtigkeits- und korrosionsbest\u00e4ndige Laufstege und Gel\u00e4nderschutzsysteme gefordert. Sino Composite kann seinen Kunden lebensmittelechte GFK-Gitterroste, Handl\u00e4ufe und andere Zugangsprodukte anbieten. Unsere Produkte machen Schluss mit der Verunreinigung von Lebensmitteln und verf\u00fcgen gleichzeitig \u00fcber eine hervorragende Korrosionsbest\u00e4ndigkeit und Rutschhemmung.\n\nBitte kontaktieren Sie unser Verkaufsteam f\u00fcr weitere Informationen.<\/p><\/div><\/div>\t\t\t\t<\/div>\n\t\t\t\t<\/div>\n\t\t\t\t\t<\/div>\n\t\t<\/div>\n\t\t\t\t\t<\/div>\n\t\t<\/section>\n\t\t\t\t<\/div>","protected":false},"excerpt":{"rendered":"<p>For a long time, the food and beverage industry has always required moisture and corrosion resistance of walkways and railing protective systems. Sino Composite can provide customers with food grade FRP gratings, handrails and other access products. Our products put an end to any contamination of food, and at the same time have excellent corrosion [&hellip;]<\/p>\n","protected":false},"featured_media":3955,"template":"","meta":{"site-sidebar-layout":"no-sidebar","site-content-layout":"page-builder","ast-site-content-layout":"full-width-container","site-content-style":"default","site-sidebar-style":"default","ast-global-header-display":"","ast-banner-title-visibility":"","ast-main-header-display":"","ast-hfb-above-header-display":"","ast-hfb-below-header-display":"","ast-hfb-mobile-header-display":"","site-post-title":"disabled","ast-breadcrumbs-content":"","ast-featured-img":"disabled","footer-sml-layout":"","theme-transparent-header-meta":"default","adv-header-id-meta":"","stick-header-meta":"","header-above-stick-meta":"","header-main-stick-meta":"","header-below-stick-meta":"","astra-migrate-meta-layouts":"set","ast-page-background-enabled":"default","ast-page-background-meta":{"desktop":{"background-color":"","background-image":"","background-repeat":"repeat","background-position":"center center","background-size":"auto","background-attachment":"scroll","background-type":"","background-media":"","overlay-type":"","overlay-color":"","overlay-opacity":"","overlay-gradient":""},"tablet":{"background-color":"","background-image":"","background-repeat":"repeat","background-position":"center center","background-size":"auto","background-attachment":"scroll","background-type":"","background-media":"","overlay-type":"","overlay-color":"","overlay-opacity":"","overlay-gradient":""},"mobile":{"background-color":"","background-image":"","background-repeat":"repeat","background-position":"center center","background-size":"auto","background-attachment":"scroll","background-type":"","background-media":"","overlay-type":"","overlay-color":"","overlay-opacity":"","overlay-gradient":""}},"ast-content-background-meta":{"desktop":{"background-color":"var(--ast-global-color-5)","background-image":"","background-repeat":"repeat","background-position":"center center","background-size":"auto","background-attachment":"scroll","background-type":"","background-media":"","overlay-type":"","overlay-color":"","overlay-opacity":"","overlay-gradient":""},"tablet":{"background-color":"var(--ast-global-color-5)","background-image":"","background-repeat":"repeat","background-position":"center center","background-size":"auto","background-attachment":"scroll","background-type":"","background-media":"","overlay-type":"","overlay-color":"","overlay-opacity":"","overlay-gradient":""},"mobile":{"background-color":"var(--ast-global-color-5)","background-image":"","background-repeat":"repeat","background-position":"center center","background-size":"auto","background-attachment":"scroll","background-type":"","background-media":"","overlay-type":"","overlay-color":"","overlay-opacity":"","overlay-gradient":""}}},"product_brand":[],"product_cat":[86],"product_tag":[105,93,91],"class_list":{"0":"post-3954","1":"product","2":"type-product","3":"status-publish","4":"has-post-thumbnail","6":"product_cat-frp-molded-grating","7":"product_tag-frp-food-grade-molded-grating","8":"product_tag-frp-grating","9":"product_tag-frp-molded-grating","10":"desktop-align-left","11":"tablet-align-left","12":"mobile-align-left","13":"ast-product-gallery-layout-horizontal-slider","14":"ast-product-gallery-with-no-image","15":"ast-magnify-disabled","16":"ast-product-tabs-layout-horizontal","18":"first","19":"instock","20":"shipping-taxable","21":"product-type-simple"},"yoast_head":"<!-- This site is optimized with the Yoast SEO plugin v26.6 - https:\/\/yoast.com\/wordpress\/plugins\/seo\/ -->\n<title>FRP Food Grade Molded Grating - China FRP Grating, FRP Profiles, Grating Clips Suppliers, Manufacturers, Factory - Sino Grating<\/title>\n<meta name=\"robots\" content=\"index, follow, max-snippet:-1, max-image-preview:large, max-video-preview:-1\" \/>\n<link rel=\"canonical\" href=\"https:\/\/www.sino-grate.com\/de\/produkt\/frp-food-grade-molded-grating\/\" \/>\n<meta property=\"og:locale\" content=\"de_DE\" \/>\n<meta property=\"og:type\" content=\"article\" \/>\n<meta property=\"og:title\" content=\"FRP Food Grade Molded Grating - China FRP Grating, FRP Profiles, Grating Clips Suppliers, Manufacturers, Factory - Sino Grating\" \/>\n<meta property=\"og:description\" content=\"For a long time, the food and beverage industry has always required moisture and corrosion resistance of walkways and railing protective systems. Sino Composite can provide customers with food grade FRP gratings, handrails and other access products. Our products put an end to any contamination of food, and at the same time have excellent corrosion [&hellip;]\" \/>\n<meta property=\"og:url\" content=\"https:\/\/www.sino-grate.com\/de\/produkt\/frp-food-grade-molded-grating\/\" \/>\n<meta property=\"og:site_name\" content=\"China FRP Grating, FRP Profiles, Grating Clips Suppliers, Manufacturers, Factory - Sino Grating\" \/>\n<meta property=\"article:modified_time\" content=\"2024-07-10T08:53:22+00:00\" \/>\n<meta property=\"og:image\" content=\"https:\/\/www.sino-grate.com\/wp-content\/uploads\/2024\/07\/1688437156214714.jpg\" \/>\n\t<meta property=\"og:image:width\" content=\"502\" \/>\n\t<meta property=\"og:image:height\" content=\"326\" \/>\n\t<meta property=\"og:image:type\" content=\"image\/jpeg\" \/>\n<meta name=\"twitter:card\" content=\"summary_large_image\" \/>\n<script type=\"application\/ld+json\" class=\"yoast-schema-graph\">{\"@context\":\"https:\/\/schema.org\",\"@graph\":[{\"@type\":\"WebPage\",\"@id\":\"https:\/\/www.sino-grate.com\/product\/frp-food-grade-molded-grating\/\",\"url\":\"https:\/\/www.sino-grate.com\/product\/frp-food-grade-molded-grating\/\",\"name\":\"FRP Food Grade Molded Grating - China FRP Grating, FRP Profiles, Grating Clips Suppliers, Manufacturers, Factory - Sino Grating\",\"isPartOf\":{\"@id\":\"https:\/\/www.sino-grate.com\/#website\"},\"primaryImageOfPage\":{\"@id\":\"https:\/\/www.sino-grate.com\/product\/frp-food-grade-molded-grating\/#primaryimage\"},\"image\":{\"@id\":\"https:\/\/www.sino-grate.com\/product\/frp-food-grade-molded-grating\/#primaryimage\"},\"thumbnailUrl\":\"https:\/\/www.sino-grate.com\/wp-content\/uploads\/2024\/07\/1688437156214714.jpg\",\"datePublished\":\"2024-07-10T08:42:38+00:00\",\"dateModified\":\"2024-07-10T08:53:22+00:00\",\"breadcrumb\":{\"@id\":\"https:\/\/www.sino-grate.com\/product\/frp-food-grade-molded-grating\/#breadcrumb\"},\"inLanguage\":\"de\",\"potentialAction\":[{\"@type\":\"ReadAction\",\"target\":[\"https:\/\/www.sino-grate.com\/product\/frp-food-grade-molded-grating\/\"]}]},{\"@type\":\"ImageObject\",\"inLanguage\":\"de\",\"@id\":\"https:\/\/www.sino-grate.com\/product\/frp-food-grade-molded-grating\/#primaryimage\",\"url\":\"https:\/\/www.sino-grate.com\/wp-content\/uploads\/2024\/07\/1688437156214714.jpg\",\"contentUrl\":\"https:\/\/www.sino-grate.com\/wp-content\/uploads\/2024\/07\/1688437156214714.jpg\",\"width\":502,\"height\":326},{\"@type\":\"BreadcrumbList\",\"@id\":\"https:\/\/www.sino-grate.com\/product\/frp-food-grade-molded-grating\/#breadcrumb\",\"itemListElement\":[{\"@type\":\"ListItem\",\"position\":1,\"name\":\"Home\",\"item\":\"https:\/\/www.sino-grate.com\/\"},{\"@type\":\"ListItem\",\"position\":2,\"name\":\"Products\",\"item\":\"https:\/\/www.sino-grate.com\/shop\/\"},{\"@type\":\"ListItem\",\"position\":3,\"name\":\"FRP Food Grade Molded Grating\"}]},{\"@type\":\"WebSite\",\"@id\":\"https:\/\/www.sino-grate.com\/#website\",\"url\":\"https:\/\/www.sino-grate.com\/\",\"name\":\"China FRP Grating, FRP Profiles, Grating Clips Suppliers, Manufacturers, Factory - Sino Grating\",\"description\":\"Sino composite provides with excellent quality FRP grating, FRP profiles, FRP structures, other FRP products and clip accessories. We provide all-round services from design, helping customers with model selection, production, pre-assembly, and transportation.\",\"publisher\":{\"@id\":\"https:\/\/www.sino-grate.com\/#organization\"},\"potentialAction\":[{\"@type\":\"SearchAction\",\"target\":{\"@type\":\"EntryPoint\",\"urlTemplate\":\"https:\/\/www.sino-grate.com\/?s={search_term_string}\"},\"query-input\":{\"@type\":\"PropertyValueSpecification\",\"valueRequired\":true,\"valueName\":\"search_term_string\"}}],\"inLanguage\":\"de\"},{\"@type\":\"Organization\",\"@id\":\"https:\/\/www.sino-grate.com\/#organization\",\"name\":\"Sino Composite Structures Co.,Ltd.\",\"url\":\"https:\/\/www.sino-grate.com\/\",\"logo\":{\"@type\":\"ImageObject\",\"inLanguage\":\"de\",\"@id\":\"https:\/\/www.sino-grate.com\/#\/schema\/logo\/image\/\",\"url\":\"https:\/\/www.sino-grate.com\/wp-content\/uploads\/2023\/06\/sino_logo1.png\",\"contentUrl\":\"https:\/\/www.sino-grate.com\/wp-content\/uploads\/2023\/06\/sino_logo1.png\",\"width\":834,\"height\":125,\"caption\":\"Sino Composite Structures Co.,Ltd.\"},\"image\":{\"@id\":\"https:\/\/www.sino-grate.com\/#\/schema\/logo\/image\/\"}}]}<\/script>\n<!-- \/ Yoast SEO plugin. -->","yoast_head_json":{"title":"FRP Food Grade Molded Grating - China FRP Grating, FRP Profiles, Grating Clips Suppliers, Manufacturers, Factory - Sino Grating","robots":{"index":"index","follow":"follow","max-snippet":"max-snippet:-1","max-image-preview":"max-image-preview:large","max-video-preview":"max-video-preview:-1"},"canonical":"https:\/\/www.sino-grate.com\/de\/produkt\/frp-food-grade-molded-grating\/","og_locale":"de_DE","og_type":"article","og_title":"FRP Food Grade Molded Grating - China FRP Grating, FRP Profiles, Grating Clips Suppliers, Manufacturers, Factory - Sino Grating","og_description":"For a long time, the food and beverage industry has always required moisture and corrosion resistance of walkways and railing protective systems. Sino Composite can provide customers with food grade FRP gratings, handrails and other access products. Our products put an end to any contamination of food, and at the same time have excellent corrosion [&hellip;]","og_url":"https:\/\/www.sino-grate.com\/de\/produkt\/frp-food-grade-molded-grating\/","og_site_name":"China FRP Grating, FRP Profiles, Grating Clips Suppliers, Manufacturers, Factory - Sino Grating","article_modified_time":"2024-07-10T08:53:22+00:00","og_image":[{"width":502,"height":326,"url":"https:\/\/www.sino-grate.com\/wp-content\/uploads\/2024\/07\/1688437156214714.jpg","type":"image\/jpeg"}],"twitter_card":"summary_large_image","schema":{"@context":"https:\/\/schema.org","@graph":[{"@type":"WebPage","@id":"https:\/\/www.sino-grate.com\/product\/frp-food-grade-molded-grating\/","url":"https:\/\/www.sino-grate.com\/product\/frp-food-grade-molded-grating\/","name":"FRP Food Grade Molded Grating - China FRP Grating, FRP Profiles, Grating Clips Suppliers, Manufacturers, Factory - Sino Grating","isPartOf":{"@id":"https:\/\/www.sino-grate.com\/#website"},"primaryImageOfPage":{"@id":"https:\/\/www.sino-grate.com\/product\/frp-food-grade-molded-grating\/#primaryimage"},"image":{"@id":"https:\/\/www.sino-grate.com\/product\/frp-food-grade-molded-grating\/#primaryimage"},"thumbnailUrl":"https:\/\/www.sino-grate.com\/wp-content\/uploads\/2024\/07\/1688437156214714.jpg","datePublished":"2024-07-10T08:42:38+00:00","dateModified":"2024-07-10T08:53:22+00:00","breadcrumb":{"@id":"https:\/\/www.sino-grate.com\/product\/frp-food-grade-molded-grating\/#breadcrumb"},"inLanguage":"de","potentialAction":[{"@type":"ReadAction","target":["https:\/\/www.sino-grate.com\/product\/frp-food-grade-molded-grating\/"]}]},{"@type":"ImageObject","inLanguage":"de","@id":"https:\/\/www.sino-grate.com\/product\/frp-food-grade-molded-grating\/#primaryimage","url":"https:\/\/www.sino-grate.com\/wp-content\/uploads\/2024\/07\/1688437156214714.jpg","contentUrl":"https:\/\/www.sino-grate.com\/wp-content\/uploads\/2024\/07\/1688437156214714.jpg","width":502,"height":326},{"@type":"BreadcrumbList","@id":"https:\/\/www.sino-grate.com\/product\/frp-food-grade-molded-grating\/#breadcrumb","itemListElement":[{"@type":"ListItem","position":1,"name":"Home","item":"https:\/\/www.sino-grate.com\/"},{"@type":"ListItem","position":2,"name":"Products","item":"https:\/\/www.sino-grate.com\/shop\/"},{"@type":"ListItem","position":3,"name":"FRP Food Grade Molded Grating"}]},{"@type":"WebSite","@id":"https:\/\/www.sino-grate.com\/#website","url":"https:\/\/www.sino-grate.com\/","name":"China FRP-Gitterroste, FRP-Profile, Gitterrostklammern Lieferanten, Hersteller, Fabrik - Sino Grating","description":"Sino Composite bietet FRP-Gitter, FRP-Profile, FRP-Strukturen, andere FRP-Produkte und Clip-Zubeh\u00f6r in hervorragender Qualit\u00e4t. Wir bieten Rundum-Service vom Design, helfen Kunden bei der Modellauswahl, Produktion, Vormontage und Transport.","publisher":{"@id":"https:\/\/www.sino-grate.com\/#organization"},"potentialAction":[{"@type":"SearchAction","target":{"@type":"EntryPoint","urlTemplate":"https:\/\/www.sino-grate.com\/?s={search_term_string}"},"query-input":{"@type":"PropertyValueSpecification","valueRequired":true,"valueName":"search_term_string"}}],"inLanguage":"de"},{"@type":"Organization","@id":"https:\/\/www.sino-grate.com\/#organization","name":"Sino Composite Structures Co.,Ltd.","url":"https:\/\/www.sino-grate.com\/","logo":{"@type":"ImageObject","inLanguage":"de","@id":"https:\/\/www.sino-grate.com\/#\/schema\/logo\/image\/","url":"https:\/\/www.sino-grate.com\/wp-content\/uploads\/2023\/06\/sino_logo1.png","contentUrl":"https:\/\/www.sino-grate.com\/wp-content\/uploads\/2023\/06\/sino_logo1.png","width":834,"height":125,"caption":"Sino Composite Structures Co.,Ltd."},"image":{"@id":"https:\/\/www.sino-grate.com\/#\/schema\/logo\/image\/"}}]}},"_links":{"self":[{"href":"https:\/\/www.sino-grate.com\/de\/wp-json\/wp\/v2\/product\/3954","targetHints":{"allow":["GET"]}}],"collection":[{"href":"https:\/\/www.sino-grate.com\/de\/wp-json\/wp\/v2\/product"}],"about":[{"href":"https:\/\/www.sino-grate.com\/de\/wp-json\/wp\/v2\/types\/product"}],"version-history":[{"count":0,"href":"https:\/\/www.sino-grate.com\/de\/wp-json\/wp\/v2\/product\/3954\/revisions"}],"wp:featuredmedia":[{"embeddable":true,"href":"https:\/\/www.sino-grate.com\/de\/wp-json\/wp\/v2\/media\/3955"}],"wp:attachment":[{"href":"https:\/\/www.sino-grate.com\/de\/wp-json\/wp\/v2\/media?parent=3954"}],"wp:term":[{"taxonomy":"product_brand","embeddable":true,"href":"https:\/\/www.sino-grate.com\/de\/wp-json\/wp\/v2\/product_brand?post=3954"},{"taxonomy":"product_cat","embeddable":true,"href":"https:\/\/www.sino-grate.com\/de\/wp-json\/wp\/v2\/product_cat?post=3954"},{"taxonomy":"product_tag","embeddable":true,"href":"https:\/\/www.sino-grate.com\/de\/wp-json\/wp\/v2\/product_tag?post=3954"}],"curies":[{"name":"wp","href":"https:\/\/api.w.org\/{rel}","templated":true}]}}