{"id":3346,"date":"2024-07-08T15:29:20","date_gmt":"2024-07-08T07:29:20","guid":{"rendered":"http:\/\/elementorwp.my.yxly8.com\/?post_type=product&#038;p=3346"},"modified":"2024-07-09T13:51:03","modified_gmt":"2024-07-09T05:51:03","slug":"frp-molded-grating","status":"publish","type":"product","link":"https:\/\/www.sino-grate.com\/es_ec\/producto\/frp-molded-grating\/","title":{"rendered":"Rejilla moldeada FRP"},"content":{"rendered":"<p>La rejilla moldeada FRP es una placa estructural portante que utiliza hilo de fibra de vidrio sin \u00e1lcalis de alta resistencia como material de refuerzo, resina termoendurecible como material matriz, y se funde en un molde met\u00e1lico especial.<br \/>\nEl producto es ligero, de alta resistencia, resistente a la corrosi\u00f3n, ign\u00edfugo, s\u00f3lido y antideslizante, y tiene excelentes propiedades.<br \/>\nSe utiliza ampliamente en petroqu\u00edmica, energ\u00eda el\u00e9ctrica, tratamiento de aguas residuales, ingenier\u00eda naval y otras industrias. Es adecuado para plataformas operativas, escaleras, cubiertas de zanjas, decoraci\u00f3n de edificios y otras ocasiones. Es un componente ideal para soportar cargas en diversas situaciones corrosivas.<br \/>\nCaracter\u00edsticas de la rejilla moldeada FRP:<br \/>\n1.Resistencia a la corrosi\u00f3n Las resinas con diferentes propiedades confieren a la rejilla diferente resistencia a la corrosi\u00f3n, y pueden utilizarse durante mucho tiempo en entornos corrosivos de medios gaseosos y l\u00edquidos de diferentes \u00e1cidos, \u00e1lcalis, sales y disolventes org\u00e1nicos.<br \/>\n2.Ign\u00edfugo: La resina matriz de alta calidad y la f\u00f3rmula retardante de llama \u00fanica dan al producto excelentes propiedades retardantes de llama. Los productos de rejilla FRP han superado las pruebas de retardante de llama de la Sociedad Americana de Pruebas y Materiales (ASTM) y han alcanzado el nivel de retardante de llama de primera clase.<br \/>\n3.Ligero y de alta resistencia. La combinaci\u00f3n completa del hilo continuo de fibra de vidrio sin \u00e1lcalis y la resina de trefilado en horno de cuba a gran escala confiere a la rejilla unas caracter\u00edsticas \u00fanicas de ligereza y alta resistencia. La gravedad espec\u00edfica del producto es s\u00f3lo 1\/4 de la del acero y 1\/3 de la del aluminio, y La resistencia espec\u00edfica supera a la del acero; diferentes espesores y tama\u00f1os de rejilla pueden satisfacer diferentes requisitos de soporte de carga y lograr un rendimiento de costes \u00f3ptimo.<br \/>\n4.Seguro y antideslizante, el alto m\u00f3dulo el\u00e1stico y los diferentes efectos de superficie proporcionan a la rejilla un rendimiento fiable, seguro y antideslizante. El producto tiene una ligera elasticidad, reduciendo la fatiga de los trabajadores; diferentes efectos superficiales como doble plano, superficie de media luna, superficie de arena, cubierta de diamante, etc. Proporcionan a los clientes diferentes propiedades antideslizantes.<br \/>\n5.Propiedades el\u00e9ctricas: La fibra de vidrio sin \u00e1lcalis y la resina de alto rendimiento confieren al producto unas propiedades el\u00e9ctricas superiores. La resistencia a la ruptura el\u00e9ctrica del producto puede alcanzar los 10KV\/mm. No produce chispas cuando impactan herramientas met\u00e1licas. El producto no es magn\u00e9tico y puede resistir la electricidad y la resistencia magn\u00e9tica. Es seguro de usar en entornos explosivos.<br \/>\n6. La resina matriz de alta calidad resistente al envejecimiento y los aditivos antienvejecimiento confieren a la rejilla propiedades antienvejecimiento duraderas. El dise\u00f1o \u00fanico de la rejilla interior hace que la rejilla tenga una buena funci\u00f3n de autolimpieza, asegurando que la rejilla tenga un brillo duradero y una alta resistencia sostenida. La vida \u00fatil puede alcanzar los 25 a\u00f1os.<\/p>","protected":false},"excerpt":{"rendered":"<p>FRP molded grating is a load-bearing structural plate that uses high-strength alkali-free glass fiber yarn as the reinforcing material, thermosetting resin as the matrix material, and is cast on a special metal mold. The product is lightweight, high-strength, corrosion-resistant, flame-retardant, solid and non-slip and has excellent properties. It is widely used in petrochemical, electric power, [&hellip;]<\/p>\n","protected":false},"featured_media":3188,"template":"","meta":{"site-sidebar-layout":"default","site-content-layout":"","ast-site-content-layout":"default","site-content-style":"default","site-sidebar-style":"default","ast-global-header-display":"","ast-banner-title-visibility":"","ast-main-header-display":"","ast-hfb-above-header-display":"","ast-hfb-below-header-display":"","ast-hfb-mobile-header-display":"","site-post-title":"","ast-breadcrumbs-content":"","ast-featured-img":"","footer-sml-layout":"","theme-transparent-header-meta":"default","adv-header-id-meta":"","stick-header-meta":"","header-above-stick-meta":"","header-main-stick-meta":"","header-below-stick-meta":"","astra-migrate-meta-layouts":"set","ast-page-background-enabled":"default","ast-page-background-meta":{"desktop":{"background-color":"","background-image":"","background-repeat":"repeat","background-position":"center center","background-size":"auto","background-attachment":"scroll","background-type":"","background-media":"","overlay-type":"","overlay-color":"","overlay-opacity":"","overlay-gradient":""},"tablet":{"background-color":"","background-image":"","background-repeat":"repeat","background-position":"center center","background-size":"auto","background-attachment":"scroll","background-type":"","background-media":"","overlay-type":"","overlay-color":"","overlay-opacity":"","overlay-gradient":""},"mobile":{"background-color":"","background-image":"","background-repeat":"repeat","background-position":"center center","background-size":"auto","background-attachment":"scroll","background-type":"","background-media":"","overlay-type":"","overlay-color":"","overlay-opacity":"","overlay-gradient":""}},"ast-content-background-meta":{"desktop":{"background-color":"var(--ast-global-color-5)","background-image":"","background-repeat":"repeat","background-position":"center center","background-size":"auto","background-attachment":"scroll","background-type":"","background-media":"","overlay-type":"","overlay-color":"","overlay-opacity":"","overlay-gradient":""},"tablet":{"background-color":"var(--ast-global-color-5)","background-image":"","background-repeat":"repeat","background-position":"center center","background-size":"auto","background-attachment":"scroll","background-type":"","background-media":"","overlay-type":"","overlay-color":"","overlay-opacity":"","overlay-gradient":""},"mobile":{"background-color":"var(--ast-global-color-5)","background-image":"","background-repeat":"repeat","background-position":"center center","background-size":"auto","background-attachment":"scroll","background-type":"","background-media":"","overlay-type":"","overlay-color":"","overlay-opacity":"","overlay-gradient":""}}},"product_brand":[],"product_cat":[86],"product_tag":[93,91],"class_list":{"0":"post-3346","1":"product","2":"type-product","3":"status-publish","4":"has-post-thumbnail","6":"product_cat-frp-molded-grating","7":"product_tag-frp-grating","8":"product_tag-frp-molded-grating","9":"desktop-align-left","10":"tablet-align-left","11":"mobile-align-left","12":"ast-product-gallery-layout-horizontal-slider","13":"ast-magnify-disabled","14":"ast-product-tabs-layout-horizontal","16":"first","17":"instock","18":"shipping-taxable","19":"product-type-simple"},"yoast_head":"<!-- This site is optimized with the Yoast SEO plugin v26.6 - https:\/\/yoast.com\/wordpress\/plugins\/seo\/ -->\n<title>FRP Molded Grating - China FRP Grating, FRP Profiles, Grating Clips Suppliers, Manufacturers, Factory - Sino Grating<\/title>\n<meta name=\"robots\" content=\"index, follow, max-snippet:-1, max-image-preview:large, max-video-preview:-1\" \/>\n<link rel=\"canonical\" href=\"https:\/\/www.sino-grate.com\/es_ec\/producto\/frp-molded-grating\/\" \/>\n<meta property=\"og:locale\" content=\"es_ES\" \/>\n<meta property=\"og:type\" content=\"article\" \/>\n<meta property=\"og:title\" content=\"FRP Molded Grating - China FRP Grating, FRP Profiles, Grating Clips Suppliers, Manufacturers, Factory - Sino Grating\" \/>\n<meta property=\"og:description\" content=\"FRP molded grating is a load-bearing structural plate that uses high-strength alkali-free glass fiber yarn as the reinforcing material, thermosetting resin as the matrix material, and is cast on a special metal mold. The product is lightweight, high-strength, corrosion-resistant, flame-retardant, solid and non-slip and has excellent properties. It is widely used in petrochemical, electric power, [&hellip;]\" \/>\n<meta property=\"og:url\" content=\"https:\/\/www.sino-grate.com\/es_ec\/producto\/frp-molded-grating\/\" \/>\n<meta property=\"og:site_name\" content=\"China FRP Grating, FRP Profiles, Grating Clips Suppliers, Manufacturers, Factory - Sino Grating\" \/>\n<meta property=\"article:modified_time\" content=\"2024-07-09T05:51:03+00:00\" \/>\n<meta property=\"og:image\" content=\"https:\/\/www.sino-grate.com\/wp-content\/uploads\/2024\/07\/1705899654566017.jpg\" \/>\n\t<meta property=\"og:image:width\" content=\"800\" \/>\n\t<meta property=\"og:image:height\" content=\"598\" \/>\n\t<meta property=\"og:image:type\" content=\"image\/jpeg\" \/>\n<meta name=\"twitter:card\" content=\"summary_large_image\" \/>\n<meta name=\"twitter:label1\" content=\"Tiempo de lectura\" \/>\n\t<meta name=\"twitter:data1\" content=\"2 minutos\" \/>\n<script type=\"application\/ld+json\" class=\"yoast-schema-graph\">{\"@context\":\"https:\/\/schema.org\",\"@graph\":[{\"@type\":\"WebPage\",\"@id\":\"https:\/\/www.sino-grate.com\/product\/frp-molded-grating\/\",\"url\":\"https:\/\/www.sino-grate.com\/product\/frp-molded-grating\/\",\"name\":\"FRP Molded Grating - China FRP Grating, FRP Profiles, Grating Clips Suppliers, Manufacturers, Factory - Sino Grating\",\"isPartOf\":{\"@id\":\"https:\/\/www.sino-grate.com\/#website\"},\"primaryImageOfPage\":{\"@id\":\"https:\/\/www.sino-grate.com\/product\/frp-molded-grating\/#primaryimage\"},\"image\":{\"@id\":\"https:\/\/www.sino-grate.com\/product\/frp-molded-grating\/#primaryimage\"},\"thumbnailUrl\":\"https:\/\/www.sino-grate.com\/wp-content\/uploads\/2024\/07\/1705899654566017.jpg\",\"datePublished\":\"2024-07-08T07:29:20+00:00\",\"dateModified\":\"2024-07-09T05:51:03+00:00\",\"breadcrumb\":{\"@id\":\"https:\/\/www.sino-grate.com\/product\/frp-molded-grating\/#breadcrumb\"},\"inLanguage\":\"es\",\"potentialAction\":[{\"@type\":\"ReadAction\",\"target\":[\"https:\/\/www.sino-grate.com\/product\/frp-molded-grating\/\"]}]},{\"@type\":\"ImageObject\",\"inLanguage\":\"es\",\"@id\":\"https:\/\/www.sino-grate.com\/product\/frp-molded-grating\/#primaryimage\",\"url\":\"https:\/\/www.sino-grate.com\/wp-content\/uploads\/2024\/07\/1705899654566017.jpg\",\"contentUrl\":\"https:\/\/www.sino-grate.com\/wp-content\/uploads\/2024\/07\/1705899654566017.jpg\",\"width\":800,\"height\":598},{\"@type\":\"BreadcrumbList\",\"@id\":\"https:\/\/www.sino-grate.com\/product\/frp-molded-grating\/#breadcrumb\",\"itemListElement\":[{\"@type\":\"ListItem\",\"position\":1,\"name\":\"Home\",\"item\":\"https:\/\/www.sino-grate.com\/\"},{\"@type\":\"ListItem\",\"position\":2,\"name\":\"Products\",\"item\":\"https:\/\/www.sino-grate.com\/shop\/\"},{\"@type\":\"ListItem\",\"position\":3,\"name\":\"FRP Molded Grating\"}]},{\"@type\":\"WebSite\",\"@id\":\"https:\/\/www.sino-grate.com\/#website\",\"url\":\"https:\/\/www.sino-grate.com\/\",\"name\":\"China FRP Grating, FRP Profiles, Grating Clips Suppliers, Manufacturers, Factory - Sino Grating\",\"description\":\"Sino composite provides with excellent quality FRP grating, FRP profiles, FRP structures, other FRP products and clip accessories. We provide all-round services from design, helping customers with model selection, production, pre-assembly, and transportation.\",\"publisher\":{\"@id\":\"https:\/\/www.sino-grate.com\/#organization\"},\"potentialAction\":[{\"@type\":\"SearchAction\",\"target\":{\"@type\":\"EntryPoint\",\"urlTemplate\":\"https:\/\/www.sino-grate.com\/?s={search_term_string}\"},\"query-input\":{\"@type\":\"PropertyValueSpecification\",\"valueRequired\":true,\"valueName\":\"search_term_string\"}}],\"inLanguage\":\"es\"},{\"@type\":\"Organization\",\"@id\":\"https:\/\/www.sino-grate.com\/#organization\",\"name\":\"Sino Composite Structures Co.,Ltd.\",\"url\":\"https:\/\/www.sino-grate.com\/\",\"logo\":{\"@type\":\"ImageObject\",\"inLanguage\":\"es\",\"@id\":\"https:\/\/www.sino-grate.com\/#\/schema\/logo\/image\/\",\"url\":\"https:\/\/www.sino-grate.com\/wp-content\/uploads\/2023\/06\/sino_logo1.png\",\"contentUrl\":\"https:\/\/www.sino-grate.com\/wp-content\/uploads\/2023\/06\/sino_logo1.png\",\"width\":834,\"height\":125,\"caption\":\"Sino Composite Structures Co.,Ltd.\"},\"image\":{\"@id\":\"https:\/\/www.sino-grate.com\/#\/schema\/logo\/image\/\"}}]}<\/script>\n<!-- \/ Yoast SEO plugin. -->","yoast_head_json":{"title":"FRP Moldeado Rejilla - China FRP Rejilla, FRP Perfiles, Rejilla Clips Proveedores, Fabricantes, F\u00e1brica - Sino Grating","robots":{"index":"index","follow":"follow","max-snippet":"max-snippet:-1","max-image-preview":"max-image-preview:large","max-video-preview":"max-video-preview:-1"},"canonical":"https:\/\/www.sino-grate.com\/es_ec\/producto\/frp-molded-grating\/","og_locale":"es_ES","og_type":"article","og_title":"FRP Molded Grating - China FRP Grating, FRP Profiles, Grating Clips Suppliers, Manufacturers, Factory - Sino Grating","og_description":"FRP molded grating is a load-bearing structural plate that uses high-strength alkali-free glass fiber yarn as the reinforcing material, thermosetting resin as the matrix material, and is cast on a special metal mold. The product is lightweight, high-strength, corrosion-resistant, flame-retardant, solid and non-slip and has excellent properties. It is widely used in petrochemical, electric power, [&hellip;]","og_url":"https:\/\/www.sino-grate.com\/es_ec\/producto\/frp-molded-grating\/","og_site_name":"China FRP Grating, FRP Profiles, Grating Clips Suppliers, Manufacturers, Factory - Sino Grating","article_modified_time":"2024-07-09T05:51:03+00:00","og_image":[{"width":800,"height":598,"url":"https:\/\/www.sino-grate.com\/wp-content\/uploads\/2024\/07\/1705899654566017.jpg","type":"image\/jpeg"}],"twitter_card":"summary_large_image","twitter_misc":{"Tiempo de lectura":"2 minutos"},"schema":{"@context":"https:\/\/schema.org","@graph":[{"@type":"WebPage","@id":"https:\/\/www.sino-grate.com\/product\/frp-molded-grating\/","url":"https:\/\/www.sino-grate.com\/product\/frp-molded-grating\/","name":"FRP Moldeado Rejilla - China FRP Rejilla, FRP Perfiles, Rejilla Clips Proveedores, Fabricantes, F\u00e1brica - Sino Grating","isPartOf":{"@id":"https:\/\/www.sino-grate.com\/#website"},"primaryImageOfPage":{"@id":"https:\/\/www.sino-grate.com\/product\/frp-molded-grating\/#primaryimage"},"image":{"@id":"https:\/\/www.sino-grate.com\/product\/frp-molded-grating\/#primaryimage"},"thumbnailUrl":"https:\/\/www.sino-grate.com\/wp-content\/uploads\/2024\/07\/1705899654566017.jpg","datePublished":"2024-07-08T07:29:20+00:00","dateModified":"2024-07-09T05:51:03+00:00","breadcrumb":{"@id":"https:\/\/www.sino-grate.com\/product\/frp-molded-grating\/#breadcrumb"},"inLanguage":"es","potentialAction":[{"@type":"ReadAction","target":["https:\/\/www.sino-grate.com\/product\/frp-molded-grating\/"]}]},{"@type":"ImageObject","inLanguage":"es","@id":"https:\/\/www.sino-grate.com\/product\/frp-molded-grating\/#primaryimage","url":"https:\/\/www.sino-grate.com\/wp-content\/uploads\/2024\/07\/1705899654566017.jpg","contentUrl":"https:\/\/www.sino-grate.com\/wp-content\/uploads\/2024\/07\/1705899654566017.jpg","width":800,"height":598},{"@type":"BreadcrumbList","@id":"https:\/\/www.sino-grate.com\/product\/frp-molded-grating\/#breadcrumb","itemListElement":[{"@type":"ListItem","position":1,"name":"Home","item":"https:\/\/www.sino-grate.com\/"},{"@type":"ListItem","position":2,"name":"Products","item":"https:\/\/www.sino-grate.com\/shop\/"},{"@type":"ListItem","position":3,"name":"FRP Molded Grating"}]},{"@type":"WebSite","@id":"https:\/\/www.sino-grate.com\/#website","url":"https:\/\/www.sino-grate.com\/","name":"China Rejilla FRP, Perfiles FRP, Clips de Rejilla Proveedores, Fabricantes, F\u00e1brica - Sino Grating","description":"Sino composite suministra rejillas FRP, perfiles FRP, estructuras FRP, otros productos FRP y accesorios de clip de excelente calidad. Ofrecemos servicios integrales desde el dise\u00f1o, ayudando a los clientes con la selecci\u00f3n del modelo, la producci\u00f3n, el premontaje y el transporte.","publisher":{"@id":"https:\/\/www.sino-grate.com\/#organization"},"potentialAction":[{"@type":"SearchAction","target":{"@type":"EntryPoint","urlTemplate":"https:\/\/www.sino-grate.com\/?s={search_term_string}"},"query-input":{"@type":"PropertyValueSpecification","valueRequired":true,"valueName":"search_term_string"}}],"inLanguage":"es"},{"@type":"Organization","@id":"https:\/\/www.sino-grate.com\/#organization","name":"Sino Composite Structures Co.,Ltd.","url":"https:\/\/www.sino-grate.com\/","logo":{"@type":"ImageObject","inLanguage":"es","@id":"https:\/\/www.sino-grate.com\/#\/schema\/logo\/image\/","url":"https:\/\/www.sino-grate.com\/wp-content\/uploads\/2023\/06\/sino_logo1.png","contentUrl":"https:\/\/www.sino-grate.com\/wp-content\/uploads\/2023\/06\/sino_logo1.png","width":834,"height":125,"caption":"Sino Composite Structures Co.,Ltd."},"image":{"@id":"https:\/\/www.sino-grate.com\/#\/schema\/logo\/image\/"}}]}},"_links":{"self":[{"href":"https:\/\/www.sino-grate.com\/es_ec\/wp-json\/wp\/v2\/product\/3346","targetHints":{"allow":["GET"]}}],"collection":[{"href":"https:\/\/www.sino-grate.com\/es_ec\/wp-json\/wp\/v2\/product"}],"about":[{"href":"https:\/\/www.sino-grate.com\/es_ec\/wp-json\/wp\/v2\/types\/product"}],"version-history":[{"count":0,"href":"https:\/\/www.sino-grate.com\/es_ec\/wp-json\/wp\/v2\/product\/3346\/revisions"}],"wp:featuredmedia":[{"embeddable":true,"href":"https:\/\/www.sino-grate.com\/es_ec\/wp-json\/wp\/v2\/media\/3188"}],"wp:attachment":[{"href":"https:\/\/www.sino-grate.com\/es_ec\/wp-json\/wp\/v2\/media?parent=3346"}],"wp:term":[{"taxonomy":"product_brand","embeddable":true,"href":"https:\/\/www.sino-grate.com\/es_ec\/wp-json\/wp\/v2\/product_brand?post=3346"},{"taxonomy":"product_cat","embeddable":true,"href":"https:\/\/www.sino-grate.com\/es_ec\/wp-json\/wp\/v2\/product_cat?post=3346"},{"taxonomy":"product_tag","embeddable":true,"href":"https:\/\/www.sino-grate.com\/es_ec\/wp-json\/wp\/v2\/product_tag?post=3346"}],"curies":[{"name":"wp","href":"https:\/\/api.w.org\/{rel}","templated":true}]}}