{"id":4198,"date":"2024-07-11T15:18:49","date_gmt":"2024-07-11T07:18:49","guid":{"rendered":"http:\/\/elementorwp.my.yxly8.com\/?post_type=product&#038;p=4198"},"modified":"2025-03-10T13:06:19","modified_gmt":"2025-03-10T05:06:19","slug":"fiberglass-rebar","status":"publish","type":"product","link":"https:\/\/www.sino-grate.com\/es_ec\/producto\/fiberglass-rebar\/","title":{"rendered":"Varilla de fibra de vidrio"},"content":{"rendered":"<div data-elementor-type=\"product-post\" data-elementor-id=\"4198\" class=\"elementor elementor-4198\" data-elementor-post-type=\"product\">\n\t\t\t\t\t\t<section class=\"elementor-section elementor-top-section elementor-element elementor-element-a781957 elementor-section-boxed elementor-section-height-default elementor-section-height-default\" data-id=\"a781957\" data-element_type=\"section\">\n\t\t\t\t\t\t<div class=\"elementor-container elementor-column-gap-default\">\n\t\t\t\t\t<div class=\"elementor-column elementor-col-100 elementor-top-column elementor-element elementor-element-49fdec5\" data-id=\"49fdec5\" data-element_type=\"column\">\n\t\t\t<div class=\"elementor-widget-wrap elementor-element-populated\">\n\t\t\t\t\t\t<div class=\"elementor-element elementor-element-5b94f79 elementor-widget elementor-widget-text-editor\" data-id=\"5b94f79\" data-element_type=\"widget\" data-widget_type=\"text-editor.default\">\n\t\t\t\t<div class=\"elementor-widget-container\">\n\t\t\t\t\t\t\t\t\t<p>La barra de refuerzo reforzada con fibra es un nuevo tipo de material compuesto que utiliza fibra de vidrio de alta resistencia, fibra de basalto, etc. como materiales de refuerzo, resina sint\u00e9tica y agentes auxiliares como materiales de matriz, y se forma mediante un proceso de pultrusi\u00f3n.<\/p><p>Incluye principalmente \"barras de refuerzo reforzadas con fibra de vidrio\" y \"barras de refuerzo reforzadas con fibra de basalto\". (\u03a63mm\uff5e\u03a632mm)<\/p><p>Caracter\u00edsticas de las barras de refuerzo de fibra<\/p><p>Peso ligero: s\u00f3lo 1\/4 del mismo volumen de las barras de refuerzo de acero; la densidad oscila entre 1,5-1,9 (g\/cm3).<\/p><p>Fuerte resistencia a la corrosi\u00f3n: resistencia a la corrosi\u00f3n de productos qu\u00edmicos como el \u00e1cido y el \u00e1lcali y resistir la corrosi\u00f3n de iones de cloruro y soluciones de pH bajo, especialmente la resistencia a la corrosi\u00f3n de compuestos de carbono y compuestos de cloro.<\/p><p>F\u00e1cil de cortar y conveniente para la construcci\u00f3n: El cabezal de corte se puede cortar directamente, y se pueden producir varias piezas est\u00e1ndar y no est\u00e1ndar con diferentes secciones y longitudes seg\u00fan los requisitos del usuario. Las bandas de tensi\u00f3n no met\u00e1licas se pueden utilizar para la encuadernaci\u00f3n in situ, que es simple de operar.<\/p><p>Fuerte fuerza de uni\u00f3n del hormig\u00f3n: El coeficiente de dilataci\u00f3n t\u00e9rmica est\u00e1 m\u00e1s cerca del cemento que del acero, por lo que tiene mayor fuerza de uni\u00f3n con el hormig\u00f3n.<\/p><p>Gran capacidad de dise\u00f1o: m\u00f3dulo el\u00e1stico estable. La dimensi\u00f3n es estable bajo tensi\u00f3n t\u00e9rmica, y la flexi\u00f3n y otras formas se pueden termoformar arbitrariamente; tiene un buen rendimiento de seguridad, no conductor, no conductor, retardante de llama y antiest\u00e1tico, y no producir\u00e1 chispas al chocar con el metal cambiando la f\u00f3rmula.<\/p><p>Fuerte permeabilidad magn\u00e9tica: Este material es un material no magn\u00e9tico, y no necesita ser desmagnetizado en componentes de hormig\u00f3n no magn\u00e9ticos o electromagn\u00e9ticos.<\/p><p>Par\u00e1metros de las barras de refuerzo de fibra<\/p>\t\t\t\t\t\t\t\t<\/div>\n\t\t\t\t<\/div>\n\t\t\t\t<div class=\"elementor-element elementor-element-1dd44b3 elementor-widget elementor-widget-text-editor\" data-id=\"1dd44b3\" data-element_type=\"widget\" data-widget_type=\"text-editor.default\">\n\t\t\t\t<div class=\"elementor-widget-container\">\n\t\t\t\t\t\t\t\t\t<table border=\"1\" width=\"100%\"><tbody><tr class=\"firstRow\"><td valign=\"top\" width=\"133\">\u00a0<\/td><td valign=\"top\" width=\"201\"><p>Barras de refuerzo reforzadas con fibra de vidrio<\/p><\/td><td valign=\"top\" width=\"232\"><p>Barras de refuerzo reforzadas con fibra de basalto<\/p><\/td><\/tr><tr><td valign=\"top\" width=\"133\"><p>Superficie<\/p><\/td><td colspan=\"2\" valign=\"top\" width=\"434\"><p>chorro de arena hilo\/superficie y chorro de arena hilo\/superficie<\/p><\/td><\/tr><tr><td valign=\"top\" width=\"133\"><p>Material<\/p><\/td><td valign=\"top\" width=\"201\"><p>fibra de vidrio+resina epoxi<\/p><\/td><td valign=\"top\" width=\"232\"><p>fibra de basalto+resina epoxi<\/p><\/td><\/tr><tr><td valign=\"top\" width=\"133\"><p>Di\u00e1metro<\/p><\/td><td valign=\"top\" width=\"201\"><p>\u03a63mm\uff5e\u03a640mm<\/p><\/td><td valign=\"top\" width=\"232\"><p>\u03a63mm\uff5e\u03a640mm<\/p><\/td><\/tr><tr><td valign=\"top\" width=\"133\"><p>Resistencia a la tracci\u00f3n<\/p><\/td><td valign=\"top\" width=\"201\"><p>(MPa) \u2265550<\/p><\/td><td valign=\"top\" width=\"232\"><p>(MPa) \u2265700<\/p><\/td><\/tr><tr><td valign=\"top\" width=\"133\"><p>M\u00f3dulo de elasticidad<\/p><\/td><td valign=\"top\" width=\"201\"><p>(GPa) 30-41<\/p><\/td><td valign=\"top\" width=\"232\"><p>(GPa) \u226545<\/p><\/td><\/tr><\/tbody><\/table>\t\t\t\t\t\t\t\t<\/div>\n\t\t\t\t<\/div>\n\t\t\t\t<div class=\"elementor-element elementor-element-e08a9b4 elementor-widget elementor-widget-text-editor\" data-id=\"e08a9b4\" data-element_type=\"widget\" data-widget_type=\"text-editor.default\">\n\t\t\t\t<div class=\"elementor-widget-container\">\n\t\t\t\t\t\t\t\t\t<p>Aplicaci\u00f3n<\/p><p>1. T\u00faneles de metro (escudo), autopistas, ferrocarriles, aeropuertos, muelles, estaciones, proyectos de conservaci\u00f3n del agua, proyectos subterr\u00e1neos y otros campos.<\/p><p>2. Adecuado para entornos corrosivos como plantas de tratamiento de aguas residuales, plantas qu\u00edmicas, electrolizadores, tapas de alcantarilla, proyectos de defensa costera, etc.<\/p><p>3. Es adecuado para ingenier\u00eda militar, ingenier\u00eda confidencial, ingenier\u00eda especial y otros entornos que requieren aislamiento y desmagnetizaci\u00f3n.<\/p><p><br \/>P\u00f3ngase en contacto con nuestro equipo de ventas para obtener m\u00e1s informaci\u00f3n.<\/p>\t\t\t\t\t\t\t\t<\/div>\n\t\t\t\t<\/div>\n\t\t\t\t<div class=\"elementor-element elementor-element-1bc771c elementor-widget elementor-widget-gallery\" data-id=\"1bc771c\" data-element_type=\"widget\" data-settings=\"{&quot;gallery_layout&quot;:&quot;masonry&quot;,&quot;columns&quot;:3,&quot;lazyload&quot;:&quot;yes&quot;,&quot;columns_tablet&quot;:2,&quot;columns_mobile&quot;:1,&quot;gap&quot;:{&quot;unit&quot;:&quot;px&quot;,&quot;size&quot;:10,&quot;sizes&quot;:[]},&quot;gap_tablet&quot;:{&quot;unit&quot;:&quot;px&quot;,&quot;size&quot;:10,&quot;sizes&quot;:[]},&quot;gap_mobile&quot;:{&quot;unit&quot;:&quot;px&quot;,&quot;size&quot;:10,&quot;sizes&quot;:[]},&quot;content_hover_animation&quot;:&quot;fade-in&quot;}\" data-widget_type=\"gallery.default\">\n\t\t\t\t<div class=\"elementor-widget-container\">\n\t\t\t\t\t\t\t<div class=\"elementor-gallery__container\">\n\t\t\t\t\t\t\t<div class=\"e-gallery-item elementor-gallery-item elementor-animated-content\">\n\t\t\t\t\t<div class=\"e-gallery-image elementor-gallery-item__image\" data-thumbnail=\"https:\/\/www.sino-grate.com\/wp-content\/uploads\/2024\/07\/1688439872330129.jpg\" data-width=\"502\" data-height=\"326\" aria-label=\"\" role=\"img\" ><\/div>\n\t\t\t\t\t\t\t\t\t\t\t\t\t\t<\/div>\n\t\t\t\t\t\t\t<div class=\"e-gallery-item elementor-gallery-item elementor-animated-content\">\n\t\t\t\t\t<div class=\"e-gallery-image elementor-gallery-item__image\" data-thumbnail=\"https:\/\/www.sino-grate.com\/wp-content\/uploads\/2024\/07\/1688439877232885.jpg\" data-width=\"502\" data-height=\"326\" aria-label=\"\" role=\"img\" ><\/div>\n\t\t\t\t\t\t\t\t\t\t\t\t\t\t<\/div>\n\t\t\t\t\t\t\t<div class=\"e-gallery-item elementor-gallery-item elementor-animated-content\">\n\t\t\t\t\t<div class=\"e-gallery-image elementor-gallery-item__image\" data-thumbnail=\"https:\/\/www.sino-grate.com\/wp-content\/uploads\/2024\/07\/1688439881462199.jpg\" data-width=\"502\" data-height=\"326\" aria-label=\"\" role=\"img\" ><\/div>\n\t\t\t\t\t\t\t\t\t\t\t\t\t\t<\/div>\n\t\t\t\t\t\t\t<div class=\"e-gallery-item elementor-gallery-item elementor-animated-content\">\n\t\t\t\t\t<div class=\"e-gallery-image elementor-gallery-item__image\" data-thumbnail=\"https:\/\/www.sino-grate.com\/wp-content\/uploads\/2024\/07\/1688439885911457.jpg\" data-width=\"502\" data-height=\"326\" aria-label=\"\" role=\"img\" ><\/div>\n\t\t\t\t\t\t\t\t\t\t\t\t\t\t<\/div>\n\t\t\t\t\t\t\t<div class=\"e-gallery-item elementor-gallery-item elementor-animated-content\">\n\t\t\t\t\t<div class=\"e-gallery-image elementor-gallery-item__image\" data-thumbnail=\"https:\/\/www.sino-grate.com\/wp-content\/uploads\/2024\/07\/60b4b3c355279.png\" data-width=\"1000\" data-height=\"650\" aria-label=\"\" role=\"img\" ><\/div>\n\t\t\t\t\t\t\t\t\t\t\t\t\t\t<\/div>\n\t\t\t\t\t\t\t<div class=\"e-gallery-item elementor-gallery-item elementor-animated-content\">\n\t\t\t\t\t<div class=\"e-gallery-image elementor-gallery-item__image\" data-thumbnail=\"https:\/\/www.sino-grate.com\/wp-content\/uploads\/2024\/07\/608b90957c2b8.jpg\" data-width=\"1000\" data-height=\"650\" aria-label=\"\" role=\"img\" ><\/div>\n\t\t\t\t\t\t\t\t\t\t\t\t\t\t<\/div>\n\t\t\t\t\t<\/div>\n\t\t\t\t\t<\/div>\n\t\t\t\t<\/div>\n\t\t\t\t\t<\/div>\n\t\t<\/div>\n\t\t\t\t\t<\/div>\n\t\t<\/section>\n\t\t\t\t<\/div>","protected":false},"excerpt":{"rendered":"<p>Fiber reinforced rebar is a new type of composite material that uses high-strength glass fiber, basalt fiber, etc. as reinforcement materials, synthetic resin and auxiliary agents as matrix materials, and is formed by pultrusion process. Mainly includes &#8220;glass fiber reinforced rebar&#8221; and &#8220;basalt fiber reinforced rebar&#8221;. (\u03a63mm\uff5e\u03a632mm) The characteristics of fiber reinforcement rebar Light weight: [&hellip;]<\/p>\n","protected":false},"featured_media":5285,"template":"","meta":{"site-sidebar-layout":"no-sidebar","site-content-layout":"page-builder","ast-site-content-layout":"full-width-container","site-content-style":"default","site-sidebar-style":"default","ast-global-header-display":"","ast-banner-title-visibility":"","ast-main-header-display":"","ast-hfb-above-header-display":"","ast-hfb-below-header-display":"","ast-hfb-mobile-header-display":"","site-post-title":"disabled","ast-breadcrumbs-content":"","ast-featured-img":"disabled","footer-sml-layout":"","theme-transparent-header-meta":"default","adv-header-id-meta":"","stick-header-meta":"","header-above-stick-meta":"","header-main-stick-meta":"","header-below-stick-meta":"","astra-migrate-meta-layouts":"set","ast-page-background-enabled":"default","ast-page-background-meta":{"desktop":{"background-color":"","background-image":"","background-repeat":"repeat","background-position":"center center","background-size":"auto","background-attachment":"scroll","background-type":"","background-media":"","overlay-type":"","overlay-color":"","overlay-opacity":"","overlay-gradient":""},"tablet":{"background-color":"","background-image":"","background-repeat":"repeat","background-position":"center center","background-size":"auto","background-attachment":"scroll","background-type":"","background-media":"","overlay-type":"","overlay-color":"","overlay-opacity":"","overlay-gradient":""},"mobile":{"background-color":"","background-image":"","background-repeat":"repeat","background-position":"center center","background-size":"auto","background-attachment":"scroll","background-type":"","background-media":"","overlay-type":"","overlay-color":"","overlay-opacity":"","overlay-gradient":""}},"ast-content-background-meta":{"desktop":{"background-color":"var(--ast-global-color-5)","background-image":"","background-repeat":"repeat","background-position":"center center","background-size":"auto","background-attachment":"scroll","background-type":"","background-media":"","overlay-type":"","overlay-color":"","overlay-opacity":"","overlay-gradient":""},"tablet":{"background-color":"var(--ast-global-color-5)","background-image":"","background-repeat":"repeat","background-position":"center center","background-size":"auto","background-attachment":"scroll","background-type":"","background-media":"","overlay-type":"","overlay-color":"","overlay-opacity":"","overlay-gradient":""},"mobile":{"background-color":"var(--ast-global-color-5)","background-image":"","background-repeat":"repeat","background-position":"center center","background-size":"auto","background-attachment":"scroll","background-type":"","background-media":"","overlay-type":"","overlay-color":"","overlay-opacity":"","overlay-gradient":""}}},"product_brand":[],"product_cat":[73],"product_tag":[123],"class_list":{"0":"post-4198","1":"product","2":"type-product","3":"status-publish","4":"has-post-thumbnail","6":"product_cat-uncategorized","7":"product_tag-fiberglass-rebar","8":"desktop-align-left","9":"tablet-align-left","10":"mobile-align-left","11":"ast-product-gallery-layout-horizontal-slider","12":"ast-magnify-disabled","13":"ast-product-tabs-layout-horizontal","15":"first","16":"instock","17":"featured","18":"shipping-taxable","19":"product-type-simple"},"yoast_head":"<!-- This site is optimized with the Yoast SEO plugin v26.6 - https:\/\/yoast.com\/wordpress\/plugins\/seo\/ -->\n<title>Fiberglass Rebar - China FRP Grating, FRP Profiles, Grating Clips Suppliers, Manufacturers, Factory - Sino Grating<\/title>\n<meta name=\"robots\" content=\"index, follow, max-snippet:-1, max-image-preview:large, max-video-preview:-1\" \/>\n<link rel=\"canonical\" href=\"https:\/\/www.sino-grate.com\/es_ec\/producto\/fiberglass-rebar\/\" \/>\n<meta property=\"og:locale\" content=\"es_ES\" \/>\n<meta property=\"og:type\" content=\"article\" \/>\n<meta property=\"og:title\" content=\"Fiberglass Rebar - China FRP Grating, FRP Profiles, Grating Clips Suppliers, Manufacturers, Factory - Sino Grating\" \/>\n<meta property=\"og:description\" content=\"Fiber reinforced rebar is a new type of composite material that uses high-strength glass fiber, basalt fiber, etc. as reinforcement materials, synthetic resin and auxiliary agents as matrix materials, and is formed by pultrusion process. Mainly includes &#8220;glass fiber reinforced rebar&#8221; and &#8220;basalt fiber reinforced rebar&#8221;. (\u03a63mm\uff5e\u03a632mm) The characteristics of fiber reinforcement rebar Light weight: [&hellip;]\" \/>\n<meta property=\"og:url\" content=\"https:\/\/www.sino-grate.com\/es_ec\/producto\/fiberglass-rebar\/\" \/>\n<meta property=\"og:site_name\" content=\"China FRP Grating, FRP Profiles, Grating Clips Suppliers, Manufacturers, Factory - Sino Grating\" \/>\n<meta property=\"article:modified_time\" content=\"2025-03-10T05:06:19+00:00\" \/>\n<meta property=\"og:image\" content=\"https:\/\/www.sino-grate.com\/wp-content\/uploads\/2024\/07\/376a16501a54da9b8ede9f46803cb1dd.jpg\" \/>\n\t<meta property=\"og:image:width\" content=\"800\" \/>\n\t<meta property=\"og:image:height\" content=\"520\" \/>\n\t<meta property=\"og:image:type\" content=\"image\/jpeg\" \/>\n<meta name=\"twitter:card\" content=\"summary_large_image\" \/>\n<meta name=\"twitter:label1\" content=\"Tiempo de lectura\" \/>\n\t<meta name=\"twitter:data1\" content=\"2 minutos\" \/>\n<script type=\"application\/ld+json\" class=\"yoast-schema-graph\">{\"@context\":\"https:\/\/schema.org\",\"@graph\":[{\"@type\":\"WebPage\",\"@id\":\"https:\/\/www.sino-grate.com\/product\/fiberglass-rebar\/\",\"url\":\"https:\/\/www.sino-grate.com\/product\/fiberglass-rebar\/\",\"name\":\"Fiberglass Rebar - China FRP Grating, FRP Profiles, Grating Clips Suppliers, Manufacturers, Factory - Sino Grating\",\"isPartOf\":{\"@id\":\"https:\/\/www.sino-grate.com\/#website\"},\"primaryImageOfPage\":{\"@id\":\"https:\/\/www.sino-grate.com\/product\/fiberglass-rebar\/#primaryimage\"},\"image\":{\"@id\":\"https:\/\/www.sino-grate.com\/product\/fiberglass-rebar\/#primaryimage\"},\"thumbnailUrl\":\"https:\/\/www.sino-grate.com\/wp-content\/uploads\/2024\/07\/376a16501a54da9b8ede9f46803cb1dd.jpg\",\"datePublished\":\"2024-07-11T07:18:49+00:00\",\"dateModified\":\"2025-03-10T05:06:19+00:00\",\"breadcrumb\":{\"@id\":\"https:\/\/www.sino-grate.com\/product\/fiberglass-rebar\/#breadcrumb\"},\"inLanguage\":\"es\",\"potentialAction\":[{\"@type\":\"ReadAction\",\"target\":[\"https:\/\/www.sino-grate.com\/product\/fiberglass-rebar\/\"]}]},{\"@type\":\"ImageObject\",\"inLanguage\":\"es\",\"@id\":\"https:\/\/www.sino-grate.com\/product\/fiberglass-rebar\/#primaryimage\",\"url\":\"https:\/\/www.sino-grate.com\/wp-content\/uploads\/2024\/07\/376a16501a54da9b8ede9f46803cb1dd.jpg\",\"contentUrl\":\"https:\/\/www.sino-grate.com\/wp-content\/uploads\/2024\/07\/376a16501a54da9b8ede9f46803cb1dd.jpg\",\"width\":800,\"height\":520,\"caption\":\"Fiberglass Rebar\"},{\"@type\":\"BreadcrumbList\",\"@id\":\"https:\/\/www.sino-grate.com\/product\/fiberglass-rebar\/#breadcrumb\",\"itemListElement\":[{\"@type\":\"ListItem\",\"position\":1,\"name\":\"Home\",\"item\":\"https:\/\/www.sino-grate.com\/\"},{\"@type\":\"ListItem\",\"position\":2,\"name\":\"Products\",\"item\":\"https:\/\/www.sino-grate.com\/shop\/\"},{\"@type\":\"ListItem\",\"position\":3,\"name\":\"Fiberglass Rebar\"}]},{\"@type\":\"WebSite\",\"@id\":\"https:\/\/www.sino-grate.com\/#website\",\"url\":\"https:\/\/www.sino-grate.com\/\",\"name\":\"China FRP Grating, FRP Profiles, Grating Clips Suppliers, Manufacturers, Factory - Sino Grating\",\"description\":\"Sino composite provides with excellent quality FRP grating, FRP profiles, FRP structures, other FRP products and clip accessories. We provide all-round services from design, helping customers with model selection, production, pre-assembly, and transportation.\",\"publisher\":{\"@id\":\"https:\/\/www.sino-grate.com\/#organization\"},\"potentialAction\":[{\"@type\":\"SearchAction\",\"target\":{\"@type\":\"EntryPoint\",\"urlTemplate\":\"https:\/\/www.sino-grate.com\/?s={search_term_string}\"},\"query-input\":{\"@type\":\"PropertyValueSpecification\",\"valueRequired\":true,\"valueName\":\"search_term_string\"}}],\"inLanguage\":\"es\"},{\"@type\":\"Organization\",\"@id\":\"https:\/\/www.sino-grate.com\/#organization\",\"name\":\"Sino Composite Structures Co.,Ltd.\",\"url\":\"https:\/\/www.sino-grate.com\/\",\"logo\":{\"@type\":\"ImageObject\",\"inLanguage\":\"es\",\"@id\":\"https:\/\/www.sino-grate.com\/#\/schema\/logo\/image\/\",\"url\":\"https:\/\/www.sino-grate.com\/wp-content\/uploads\/2023\/06\/sino_logo1.png\",\"contentUrl\":\"https:\/\/www.sino-grate.com\/wp-content\/uploads\/2023\/06\/sino_logo1.png\",\"width\":834,\"height\":125,\"caption\":\"Sino Composite Structures Co.,Ltd.\"},\"image\":{\"@id\":\"https:\/\/www.sino-grate.com\/#\/schema\/logo\/image\/\"}}]}<\/script>\n<!-- \/ Yoast SEO plugin. -->","yoast_head_json":{"title":"Fiberglass Rebar - China FRP Grating, FRP Profiles, Grating Clips Proveedores, Fabricantes, F\u00e1brica - Sino Grating","robots":{"index":"index","follow":"follow","max-snippet":"max-snippet:-1","max-image-preview":"max-image-preview:large","max-video-preview":"max-video-preview:-1"},"canonical":"https:\/\/www.sino-grate.com\/es_ec\/producto\/fiberglass-rebar\/","og_locale":"es_ES","og_type":"article","og_title":"Fiberglass Rebar - China FRP Grating, FRP Profiles, Grating Clips Suppliers, Manufacturers, Factory - Sino Grating","og_description":"Fiber reinforced rebar is a new type of composite material that uses high-strength glass fiber, basalt fiber, etc. as reinforcement materials, synthetic resin and auxiliary agents as matrix materials, and is formed by pultrusion process. Mainly includes &#8220;glass fiber reinforced rebar&#8221; and &#8220;basalt fiber reinforced rebar&#8221;. (\u03a63mm\uff5e\u03a632mm) The characteristics of fiber reinforcement rebar Light weight: [&hellip;]","og_url":"https:\/\/www.sino-grate.com\/es_ec\/producto\/fiberglass-rebar\/","og_site_name":"China FRP Grating, FRP Profiles, Grating Clips Suppliers, Manufacturers, Factory - Sino Grating","article_modified_time":"2025-03-10T05:06:19+00:00","og_image":[{"width":800,"height":520,"url":"https:\/\/www.sino-grate.com\/wp-content\/uploads\/2024\/07\/376a16501a54da9b8ede9f46803cb1dd.jpg","type":"image\/jpeg"}],"twitter_card":"summary_large_image","twitter_misc":{"Tiempo de lectura":"2 minutos"},"schema":{"@context":"https:\/\/schema.org","@graph":[{"@type":"WebPage","@id":"https:\/\/www.sino-grate.com\/product\/fiberglass-rebar\/","url":"https:\/\/www.sino-grate.com\/product\/fiberglass-rebar\/","name":"Fiberglass Rebar - China FRP Grating, FRP Profiles, Grating Clips Proveedores, Fabricantes, F\u00e1brica - Sino Grating","isPartOf":{"@id":"https:\/\/www.sino-grate.com\/#website"},"primaryImageOfPage":{"@id":"https:\/\/www.sino-grate.com\/product\/fiberglass-rebar\/#primaryimage"},"image":{"@id":"https:\/\/www.sino-grate.com\/product\/fiberglass-rebar\/#primaryimage"},"thumbnailUrl":"https:\/\/www.sino-grate.com\/wp-content\/uploads\/2024\/07\/376a16501a54da9b8ede9f46803cb1dd.jpg","datePublished":"2024-07-11T07:18:49+00:00","dateModified":"2025-03-10T05:06:19+00:00","breadcrumb":{"@id":"https:\/\/www.sino-grate.com\/product\/fiberglass-rebar\/#breadcrumb"},"inLanguage":"es","potentialAction":[{"@type":"ReadAction","target":["https:\/\/www.sino-grate.com\/product\/fiberglass-rebar\/"]}]},{"@type":"ImageObject","inLanguage":"es","@id":"https:\/\/www.sino-grate.com\/product\/fiberglass-rebar\/#primaryimage","url":"https:\/\/www.sino-grate.com\/wp-content\/uploads\/2024\/07\/376a16501a54da9b8ede9f46803cb1dd.jpg","contentUrl":"https:\/\/www.sino-grate.com\/wp-content\/uploads\/2024\/07\/376a16501a54da9b8ede9f46803cb1dd.jpg","width":800,"height":520,"caption":"Fiberglass Rebar"},{"@type":"BreadcrumbList","@id":"https:\/\/www.sino-grate.com\/product\/fiberglass-rebar\/#breadcrumb","itemListElement":[{"@type":"ListItem","position":1,"name":"Home","item":"https:\/\/www.sino-grate.com\/"},{"@type":"ListItem","position":2,"name":"Products","item":"https:\/\/www.sino-grate.com\/shop\/"},{"@type":"ListItem","position":3,"name":"Fiberglass Rebar"}]},{"@type":"WebSite","@id":"https:\/\/www.sino-grate.com\/#website","url":"https:\/\/www.sino-grate.com\/","name":"China Rejilla FRP, Perfiles FRP, Clips de Rejilla Proveedores, Fabricantes, F\u00e1brica - Sino Grating","description":"Sino composite suministra rejillas FRP, perfiles FRP, estructuras FRP, otros productos FRP y accesorios de clip de excelente calidad. Ofrecemos servicios integrales desde el dise\u00f1o, ayudando a los clientes con la selecci\u00f3n del modelo, la producci\u00f3n, el premontaje y el transporte.","publisher":{"@id":"https:\/\/www.sino-grate.com\/#organization"},"potentialAction":[{"@type":"SearchAction","target":{"@type":"EntryPoint","urlTemplate":"https:\/\/www.sino-grate.com\/?s={search_term_string}"},"query-input":{"@type":"PropertyValueSpecification","valueRequired":true,"valueName":"search_term_string"}}],"inLanguage":"es"},{"@type":"Organization","@id":"https:\/\/www.sino-grate.com\/#organization","name":"Sino Composite Structures Co.,Ltd.","url":"https:\/\/www.sino-grate.com\/","logo":{"@type":"ImageObject","inLanguage":"es","@id":"https:\/\/www.sino-grate.com\/#\/schema\/logo\/image\/","url":"https:\/\/www.sino-grate.com\/wp-content\/uploads\/2023\/06\/sino_logo1.png","contentUrl":"https:\/\/www.sino-grate.com\/wp-content\/uploads\/2023\/06\/sino_logo1.png","width":834,"height":125,"caption":"Sino Composite Structures Co.,Ltd."},"image":{"@id":"https:\/\/www.sino-grate.com\/#\/schema\/logo\/image\/"}}]}},"_links":{"self":[{"href":"https:\/\/www.sino-grate.com\/es_ec\/wp-json\/wp\/v2\/product\/4198","targetHints":{"allow":["GET"]}}],"collection":[{"href":"https:\/\/www.sino-grate.com\/es_ec\/wp-json\/wp\/v2\/product"}],"about":[{"href":"https:\/\/www.sino-grate.com\/es_ec\/wp-json\/wp\/v2\/types\/product"}],"version-history":[{"count":0,"href":"https:\/\/www.sino-grate.com\/es_ec\/wp-json\/wp\/v2\/product\/4198\/revisions"}],"wp:featuredmedia":[{"embeddable":true,"href":"https:\/\/www.sino-grate.com\/es_ec\/wp-json\/wp\/v2\/media\/5285"}],"wp:attachment":[{"href":"https:\/\/www.sino-grate.com\/es_ec\/wp-json\/wp\/v2\/media?parent=4198"}],"wp:term":[{"taxonomy":"product_brand","embeddable":true,"href":"https:\/\/www.sino-grate.com\/es_ec\/wp-json\/wp\/v2\/product_brand?post=4198"},{"taxonomy":"product_cat","embeddable":true,"href":"https:\/\/www.sino-grate.com\/es_ec\/wp-json\/wp\/v2\/product_cat?post=4198"},{"taxonomy":"product_tag","embeddable":true,"href":"https:\/\/www.sino-grate.com\/es_ec\/wp-json\/wp\/v2\/product_tag?post=4198"}],"curies":[{"name":"wp","href":"https:\/\/api.w.org\/{rel}","templated":true}]}}