{"id":4222,"date":"2024-07-11T15:36:09","date_gmt":"2024-07-11T07:36:09","guid":{"rendered":"http:\/\/elementorwp.my.yxly8.com\/?post_type=product&#038;p=4222"},"modified":"2025-03-10T13:10:45","modified_gmt":"2025-03-10T05:10:45","slug":"frp-cable-tray","status":"publish","type":"product","link":"https:\/\/www.sino-grate.com\/es_ec\/producto\/frp-cable-tray\/","title":{"rendered":"Bandeja portacables FRP"},"content":{"rendered":"<div data-elementor-type=\"product-post\" data-elementor-id=\"4222\" class=\"elementor elementor-4222\" data-elementor-post-type=\"product\">\n\t\t\t\t\t\t<section class=\"elementor-section elementor-top-section elementor-element elementor-element-96438a3 elementor-section-boxed elementor-section-height-default elementor-section-height-default\" data-id=\"96438a3\" data-element_type=\"section\">\n\t\t\t\t\t\t<div class=\"elementor-container elementor-column-gap-default\">\n\t\t\t\t\t<div class=\"elementor-column elementor-col-100 elementor-top-column elementor-element elementor-element-cc0b12d\" data-id=\"cc0b12d\" data-element_type=\"column\">\n\t\t\t<div class=\"elementor-widget-wrap elementor-element-populated\">\n\t\t\t\t\t\t<div class=\"elementor-element elementor-element-2835a99 elementor-widget elementor-widget-text-editor\" data-id=\"2835a99\" data-element_type=\"widget\" data-widget_type=\"text-editor.default\">\n\t\t\t\t<div class=\"elementor-widget-container\">\n\t\t\t\t\t\t\t\t\t<p>La bandeja portacables FRP\/GRP tiene la rigidez de la bandeja portacables met\u00e1lica y la tenacidad de la bandeja portacables GRP, con buena resistencia a la corrosi\u00f3n y fuerte resistencia al envejecimiento. Puede utilizarse ampliamente en los sectores del petr\u00f3leo, la industria qu\u00edmica, la energ\u00eda el\u00e9ctrica, la industria ligera, la televisi\u00f3n, las telecomunicaciones, etc.<\/p><p>Sino Composite ofrece bandejas portacables de PRFV con alta resistencia mec\u00e1nica. Tiene una hermosa apariencia, instalaci\u00f3n conveniente y larga vida \u00fatil. Las bandejas portacables de resina epoxi y resina epoxi compuesta son adecuadas para su uso en entornos corrosivos fuertes, grandes luces y cargas pesadas.<\/p>\t\t\t\t\t\t\t\t<\/div>\n\t\t\t\t<\/div>\n\t\t\t\t<div class=\"elementor-element elementor-element-91ceb52 elementor-widget elementor-widget-image\" data-id=\"91ceb52\" data-element_type=\"widget\" data-widget_type=\"image.default\">\n\t\t\t\t<div class=\"elementor-widget-container\">\n\t\t\t\t\t\t\t\t\t\t\t\t\t\t\t<img fetchpriority=\"high\" decoding=\"async\" width=\"800\" height=\"912\" src=\"https:\/\/www.sino-grate.com\/wp-content\/uploads\/2024\/07\/60b4a88682bf9.jpg\" class=\"attachment-large size-large wp-image-4226\" alt=\"\" srcset=\"https:\/\/www.sino-grate.com\/wp-content\/uploads\/2024\/07\/60b4a88682bf9.jpg 800w, https:\/\/www.sino-grate.com\/wp-content\/uploads\/2024\/07\/60b4a88682bf9-600x684.jpg 600w, https:\/\/www.sino-grate.com\/wp-content\/uploads\/2024\/07\/60b4a88682bf9-263x300.jpg 263w, https:\/\/www.sino-grate.com\/wp-content\/uploads\/2024\/07\/60b4a88682bf9-768x876.jpg 768w\" sizes=\"(max-width: 800px) 100vw, 800px\" \/>\t\t\t\t\t\t\t\t\t\t\t\t\t\t\t<\/div>\n\t\t\t\t<\/div>\n\t\t\t\t<div class=\"elementor-element elementor-element-29ecb6c elementor-widget elementor-widget-image\" data-id=\"29ecb6c\" data-element_type=\"widget\" data-widget_type=\"image.default\">\n\t\t\t\t<div class=\"elementor-widget-container\">\n\t\t\t\t\t\t\t\t\t\t\t\t\t\t\t<img decoding=\"async\" width=\"800\" height=\"676\" src=\"https:\/\/www.sino-grate.com\/wp-content\/uploads\/2024\/07\/60b4a88aa570d.jpg\" class=\"attachment-large size-large wp-image-4227\" alt=\"\" srcset=\"https:\/\/www.sino-grate.com\/wp-content\/uploads\/2024\/07\/60b4a88aa570d.jpg 800w, https:\/\/www.sino-grate.com\/wp-content\/uploads\/2024\/07\/60b4a88aa570d-600x507.jpg 600w, https:\/\/www.sino-grate.com\/wp-content\/uploads\/2024\/07\/60b4a88aa570d-300x254.jpg 300w, https:\/\/www.sino-grate.com\/wp-content\/uploads\/2024\/07\/60b4a88aa570d-768x649.jpg 768w\" sizes=\"(max-width: 800px) 100vw, 800px\" \/>\t\t\t\t\t\t\t\t\t\t\t\t\t\t\t<\/div>\n\t\t\t\t<\/div>\n\t\t\t\t<div class=\"elementor-element elementor-element-1301739 elementor-widget elementor-widget-image\" data-id=\"1301739\" data-element_type=\"widget\" data-widget_type=\"image.default\">\n\t\t\t\t<div class=\"elementor-widget-container\">\n\t\t\t\t\t\t\t\t\t\t\t\t\t\t\t<img decoding=\"async\" width=\"800\" height=\"622\" src=\"https:\/\/www.sino-grate.com\/wp-content\/uploads\/2024\/07\/60b4a88ebd81a.jpg\" class=\"attachment-large size-large wp-image-4228\" alt=\"\" srcset=\"https:\/\/www.sino-grate.com\/wp-content\/uploads\/2024\/07\/60b4a88ebd81a.jpg 800w, https:\/\/www.sino-grate.com\/wp-content\/uploads\/2024\/07\/60b4a88ebd81a-600x467.jpg 600w, https:\/\/www.sino-grate.com\/wp-content\/uploads\/2024\/07\/60b4a88ebd81a-300x233.jpg 300w, https:\/\/www.sino-grate.com\/wp-content\/uploads\/2024\/07\/60b4a88ebd81a-768x597.jpg 768w\" sizes=\"(max-width: 800px) 100vw, 800px\" \/>\t\t\t\t\t\t\t\t\t\t\t\t\t\t\t<\/div>\n\t\t\t\t<\/div>\n\t\t\t\t<div class=\"elementor-element elementor-element-d29e322 elementor-widget elementor-widget-image\" data-id=\"d29e322\" data-element_type=\"widget\" data-widget_type=\"image.default\">\n\t\t\t\t<div class=\"elementor-widget-container\">\n\t\t\t\t\t\t\t\t\t\t\t\t\t\t\t<img loading=\"lazy\" decoding=\"async\" width=\"800\" height=\"502\" src=\"https:\/\/www.sino-grate.com\/wp-content\/uploads\/2024\/07\/60b4a8937c36a.jpg\" class=\"attachment-large size-large wp-image-4229\" alt=\"\" srcset=\"https:\/\/www.sino-grate.com\/wp-content\/uploads\/2024\/07\/60b4a8937c36a.jpg 800w, https:\/\/www.sino-grate.com\/wp-content\/uploads\/2024\/07\/60b4a8937c36a-600x377.jpg 600w, https:\/\/www.sino-grate.com\/wp-content\/uploads\/2024\/07\/60b4a8937c36a-300x188.jpg 300w, https:\/\/www.sino-grate.com\/wp-content\/uploads\/2024\/07\/60b4a8937c36a-768x482.jpg 768w\" sizes=\"(max-width: 800px) 100vw, 800px\" \/>\t\t\t\t\t\t\t\t\t\t\t\t\t\t\t<\/div>\n\t\t\t\t<\/div>\n\t\t\t\t\t<\/div>\n\t\t<\/div>\n\t\t\t\t\t<\/div>\n\t\t<\/section>\n\t\t\t\t<\/div>","protected":false},"excerpt":{"rendered":"<p>FRP\/GRP cable tray has the rigidity of metal cable tray and the toughness of GRP cable tray, with good corrosion resistance and strong aging resistance. It can be widely used in petroleum, chemical industry, electric power, light industry, television, telecommunications, etc. Sino Composite offers GRP cable tray with high mechanical strength. It has beautiful appearance, [&hellip;]<\/p>\n","protected":false},"featured_media":5289,"template":"","meta":{"site-sidebar-layout":"no-sidebar","site-content-layout":"page-builder","ast-site-content-layout":"full-width-container","site-content-style":"default","site-sidebar-style":"default","ast-global-header-display":"","ast-banner-title-visibility":"","ast-main-header-display":"","ast-hfb-above-header-display":"","ast-hfb-below-header-display":"","ast-hfb-mobile-header-display":"","site-post-title":"disabled","ast-breadcrumbs-content":"","ast-featured-img":"disabled","footer-sml-layout":"","theme-transparent-header-meta":"default","adv-header-id-meta":"","stick-header-meta":"","header-above-stick-meta":"","header-main-stick-meta":"","header-below-stick-meta":"","astra-migrate-meta-layouts":"set","ast-page-background-enabled":"default","ast-page-background-meta":{"desktop":{"background-color":"","background-image":"","background-repeat":"repeat","background-position":"center center","background-size":"auto","background-attachment":"scroll","background-type":"","background-media":"","overlay-type":"","overlay-color":"","overlay-opacity":"","overlay-gradient":""},"tablet":{"background-color":"","background-image":"","background-repeat":"repeat","background-position":"center center","background-size":"auto","background-attachment":"scroll","background-type":"","background-media":"","overlay-type":"","overlay-color":"","overlay-opacity":"","overlay-gradient":""},"mobile":{"background-color":"","background-image":"","background-repeat":"repeat","background-position":"center center","background-size":"auto","background-attachment":"scroll","background-type":"","background-media":"","overlay-type":"","overlay-color":"","overlay-opacity":"","overlay-gradient":""}},"ast-content-background-meta":{"desktop":{"background-color":"var(--ast-global-color-5)","background-image":"","background-repeat":"repeat","background-position":"center center","background-size":"auto","background-attachment":"scroll","background-type":"","background-media":"","overlay-type":"","overlay-color":"","overlay-opacity":"","overlay-gradient":""},"tablet":{"background-color":"var(--ast-global-color-5)","background-image":"","background-repeat":"repeat","background-position":"center center","background-size":"auto","background-attachment":"scroll","background-type":"","background-media":"","overlay-type":"","overlay-color":"","overlay-opacity":"","overlay-gradient":""},"mobile":{"background-color":"var(--ast-global-color-5)","background-image":"","background-repeat":"repeat","background-position":"center center","background-size":"auto","background-attachment":"scroll","background-type":"","background-media":"","overlay-type":"","overlay-color":"","overlay-opacity":"","overlay-gradient":""}}},"product_brand":[],"product_cat":[125],"product_tag":[126],"class_list":{"0":"post-4222","1":"product","2":"type-product","3":"status-publish","4":"has-post-thumbnail","6":"product_cat-frp-cable-tray","7":"product_tag-frp-cable-tray","8":"desktop-align-left","9":"tablet-align-left","10":"mobile-align-left","11":"ast-product-gallery-layout-horizontal-slider","12":"ast-magnify-disabled","13":"ast-product-tabs-layout-horizontal","15":"first","16":"instock","17":"featured","18":"shipping-taxable","19":"product-type-simple"},"yoast_head":"<!-- This site is optimized with the Yoast SEO plugin v26.6 - https:\/\/yoast.com\/wordpress\/plugins\/seo\/ -->\n<title>FRP Cable Tray - China FRP Grating, FRP Profiles, Grating Clips Suppliers, Manufacturers, Factory - Sino Grating<\/title>\n<meta name=\"robots\" content=\"index, follow, max-snippet:-1, max-image-preview:large, max-video-preview:-1\" \/>\n<link rel=\"canonical\" href=\"https:\/\/www.sino-grate.com\/es_ec\/producto\/frp-cable-tray\/\" \/>\n<meta property=\"og:locale\" content=\"es_ES\" \/>\n<meta property=\"og:type\" content=\"article\" \/>\n<meta property=\"og:title\" content=\"FRP Cable Tray - China FRP Grating, FRP Profiles, Grating Clips Suppliers, Manufacturers, Factory - Sino Grating\" \/>\n<meta property=\"og:description\" content=\"FRP\/GRP cable tray has the rigidity of metal cable tray and the toughness of GRP cable tray, with good corrosion resistance and strong aging resistance. It can be widely used in petroleum, chemical industry, electric power, light industry, television, telecommunications, etc. Sino Composite offers GRP cable tray with high mechanical strength. It has beautiful appearance, [&hellip;]\" \/>\n<meta property=\"og:url\" content=\"https:\/\/www.sino-grate.com\/es_ec\/producto\/frp-cable-tray\/\" \/>\n<meta property=\"og:site_name\" content=\"China FRP Grating, FRP Profiles, Grating Clips Suppliers, Manufacturers, Factory - Sino Grating\" \/>\n<meta property=\"article:modified_time\" content=\"2025-03-10T05:10:45+00:00\" \/>\n<meta property=\"og:image\" content=\"https:\/\/www.sino-grate.com\/wp-content\/uploads\/2024\/07\/0f723b16058c6ab4bc9ce65267b337a9.jpg\" \/>\n\t<meta property=\"og:image:width\" content=\"800\" \/>\n\t<meta property=\"og:image:height\" content=\"520\" \/>\n\t<meta property=\"og:image:type\" content=\"image\/jpeg\" \/>\n<meta name=\"twitter:card\" content=\"summary_large_image\" \/>\n<meta name=\"twitter:label1\" content=\"Tiempo de lectura\" \/>\n\t<meta name=\"twitter:data1\" content=\"2 minutos\" \/>\n<script type=\"application\/ld+json\" class=\"yoast-schema-graph\">{\"@context\":\"https:\/\/schema.org\",\"@graph\":[{\"@type\":\"WebPage\",\"@id\":\"https:\/\/www.sino-grate.com\/product\/frp-cable-tray\/\",\"url\":\"https:\/\/www.sino-grate.com\/product\/frp-cable-tray\/\",\"name\":\"FRP Cable Tray - China FRP Grating, FRP Profiles, Grating Clips Suppliers, Manufacturers, Factory - Sino Grating\",\"isPartOf\":{\"@id\":\"https:\/\/www.sino-grate.com\/#website\"},\"primaryImageOfPage\":{\"@id\":\"https:\/\/www.sino-grate.com\/product\/frp-cable-tray\/#primaryimage\"},\"image\":{\"@id\":\"https:\/\/www.sino-grate.com\/product\/frp-cable-tray\/#primaryimage\"},\"thumbnailUrl\":\"https:\/\/www.sino-grate.com\/wp-content\/uploads\/2024\/07\/0f723b16058c6ab4bc9ce65267b337a9.jpg\",\"datePublished\":\"2024-07-11T07:36:09+00:00\",\"dateModified\":\"2025-03-10T05:10:45+00:00\",\"breadcrumb\":{\"@id\":\"https:\/\/www.sino-grate.com\/product\/frp-cable-tray\/#breadcrumb\"},\"inLanguage\":\"es\",\"potentialAction\":[{\"@type\":\"ReadAction\",\"target\":[\"https:\/\/www.sino-grate.com\/product\/frp-cable-tray\/\"]}]},{\"@type\":\"ImageObject\",\"inLanguage\":\"es\",\"@id\":\"https:\/\/www.sino-grate.com\/product\/frp-cable-tray\/#primaryimage\",\"url\":\"https:\/\/www.sino-grate.com\/wp-content\/uploads\/2024\/07\/0f723b16058c6ab4bc9ce65267b337a9.jpg\",\"contentUrl\":\"https:\/\/www.sino-grate.com\/wp-content\/uploads\/2024\/07\/0f723b16058c6ab4bc9ce65267b337a9.jpg\",\"width\":800,\"height\":520,\"caption\":\"FRP Cable Tray\"},{\"@type\":\"BreadcrumbList\",\"@id\":\"https:\/\/www.sino-grate.com\/product\/frp-cable-tray\/#breadcrumb\",\"itemListElement\":[{\"@type\":\"ListItem\",\"position\":1,\"name\":\"Home\",\"item\":\"https:\/\/www.sino-grate.com\/\"},{\"@type\":\"ListItem\",\"position\":2,\"name\":\"Products\",\"item\":\"https:\/\/www.sino-grate.com\/shop\/\"},{\"@type\":\"ListItem\",\"position\":3,\"name\":\"FRP Cable Tray\"}]},{\"@type\":\"WebSite\",\"@id\":\"https:\/\/www.sino-grate.com\/#website\",\"url\":\"https:\/\/www.sino-grate.com\/\",\"name\":\"China FRP Grating, FRP Profiles, Grating Clips Suppliers, Manufacturers, Factory - Sino Grating\",\"description\":\"Sino composite provides with excellent quality FRP grating, FRP profiles, FRP structures, other FRP products and clip accessories. We provide all-round services from design, helping customers with model selection, production, pre-assembly, and transportation.\",\"publisher\":{\"@id\":\"https:\/\/www.sino-grate.com\/#organization\"},\"potentialAction\":[{\"@type\":\"SearchAction\",\"target\":{\"@type\":\"EntryPoint\",\"urlTemplate\":\"https:\/\/www.sino-grate.com\/?s={search_term_string}\"},\"query-input\":{\"@type\":\"PropertyValueSpecification\",\"valueRequired\":true,\"valueName\":\"search_term_string\"}}],\"inLanguage\":\"es\"},{\"@type\":\"Organization\",\"@id\":\"https:\/\/www.sino-grate.com\/#organization\",\"name\":\"Sino Composite Structures Co.,Ltd.\",\"url\":\"https:\/\/www.sino-grate.com\/\",\"logo\":{\"@type\":\"ImageObject\",\"inLanguage\":\"es\",\"@id\":\"https:\/\/www.sino-grate.com\/#\/schema\/logo\/image\/\",\"url\":\"https:\/\/www.sino-grate.com\/wp-content\/uploads\/2023\/06\/sino_logo1.png\",\"contentUrl\":\"https:\/\/www.sino-grate.com\/wp-content\/uploads\/2023\/06\/sino_logo1.png\",\"width\":834,\"height\":125,\"caption\":\"Sino Composite Structures Co.,Ltd.\"},\"image\":{\"@id\":\"https:\/\/www.sino-grate.com\/#\/schema\/logo\/image\/\"}}]}<\/script>\n<!-- \/ Yoast SEO plugin. -->","yoast_head_json":{"title":"FRP Cable Tray - China FRP Grating, FRP Profiles, Grating Clips Proveedores, Fabricantes, F\u00e1brica - Sino Grating","robots":{"index":"index","follow":"follow","max-snippet":"max-snippet:-1","max-image-preview":"max-image-preview:large","max-video-preview":"max-video-preview:-1"},"canonical":"https:\/\/www.sino-grate.com\/es_ec\/producto\/frp-cable-tray\/","og_locale":"es_ES","og_type":"article","og_title":"FRP Cable Tray - China FRP Grating, FRP Profiles, Grating Clips Suppliers, Manufacturers, Factory - Sino Grating","og_description":"FRP\/GRP cable tray has the rigidity of metal cable tray and the toughness of GRP cable tray, with good corrosion resistance and strong aging resistance. It can be widely used in petroleum, chemical industry, electric power, light industry, television, telecommunications, etc. Sino Composite offers GRP cable tray with high mechanical strength. It has beautiful appearance, [&hellip;]","og_url":"https:\/\/www.sino-grate.com\/es_ec\/producto\/frp-cable-tray\/","og_site_name":"China FRP Grating, FRP Profiles, Grating Clips Suppliers, Manufacturers, Factory - Sino Grating","article_modified_time":"2025-03-10T05:10:45+00:00","og_image":[{"width":800,"height":520,"url":"https:\/\/www.sino-grate.com\/wp-content\/uploads\/2024\/07\/0f723b16058c6ab4bc9ce65267b337a9.jpg","type":"image\/jpeg"}],"twitter_card":"summary_large_image","twitter_misc":{"Tiempo de lectura":"2 minutos"},"schema":{"@context":"https:\/\/schema.org","@graph":[{"@type":"WebPage","@id":"https:\/\/www.sino-grate.com\/product\/frp-cable-tray\/","url":"https:\/\/www.sino-grate.com\/product\/frp-cable-tray\/","name":"FRP Cable Tray - China FRP Grating, FRP Profiles, Grating Clips Proveedores, Fabricantes, F\u00e1brica - Sino Grating","isPartOf":{"@id":"https:\/\/www.sino-grate.com\/#website"},"primaryImageOfPage":{"@id":"https:\/\/www.sino-grate.com\/product\/frp-cable-tray\/#primaryimage"},"image":{"@id":"https:\/\/www.sino-grate.com\/product\/frp-cable-tray\/#primaryimage"},"thumbnailUrl":"https:\/\/www.sino-grate.com\/wp-content\/uploads\/2024\/07\/0f723b16058c6ab4bc9ce65267b337a9.jpg","datePublished":"2024-07-11T07:36:09+00:00","dateModified":"2025-03-10T05:10:45+00:00","breadcrumb":{"@id":"https:\/\/www.sino-grate.com\/product\/frp-cable-tray\/#breadcrumb"},"inLanguage":"es","potentialAction":[{"@type":"ReadAction","target":["https:\/\/www.sino-grate.com\/product\/frp-cable-tray\/"]}]},{"@type":"ImageObject","inLanguage":"es","@id":"https:\/\/www.sino-grate.com\/product\/frp-cable-tray\/#primaryimage","url":"https:\/\/www.sino-grate.com\/wp-content\/uploads\/2024\/07\/0f723b16058c6ab4bc9ce65267b337a9.jpg","contentUrl":"https:\/\/www.sino-grate.com\/wp-content\/uploads\/2024\/07\/0f723b16058c6ab4bc9ce65267b337a9.jpg","width":800,"height":520,"caption":"FRP Cable Tray"},{"@type":"BreadcrumbList","@id":"https:\/\/www.sino-grate.com\/product\/frp-cable-tray\/#breadcrumb","itemListElement":[{"@type":"ListItem","position":1,"name":"Home","item":"https:\/\/www.sino-grate.com\/"},{"@type":"ListItem","position":2,"name":"Products","item":"https:\/\/www.sino-grate.com\/shop\/"},{"@type":"ListItem","position":3,"name":"FRP Cable Tray"}]},{"@type":"WebSite","@id":"https:\/\/www.sino-grate.com\/#website","url":"https:\/\/www.sino-grate.com\/","name":"China Rejilla FRP, Perfiles FRP, Clips de Rejilla Proveedores, Fabricantes, F\u00e1brica - Sino Grating","description":"Sino composite suministra rejillas FRP, perfiles FRP, estructuras FRP, otros productos FRP y accesorios de clip de excelente calidad. Ofrecemos servicios integrales desde el dise\u00f1o, ayudando a los clientes con la selecci\u00f3n del modelo, la producci\u00f3n, el premontaje y el transporte.","publisher":{"@id":"https:\/\/www.sino-grate.com\/#organization"},"potentialAction":[{"@type":"SearchAction","target":{"@type":"EntryPoint","urlTemplate":"https:\/\/www.sino-grate.com\/?s={search_term_string}"},"query-input":{"@type":"PropertyValueSpecification","valueRequired":true,"valueName":"search_term_string"}}],"inLanguage":"es"},{"@type":"Organization","@id":"https:\/\/www.sino-grate.com\/#organization","name":"Sino Composite Structures Co.,Ltd.","url":"https:\/\/www.sino-grate.com\/","logo":{"@type":"ImageObject","inLanguage":"es","@id":"https:\/\/www.sino-grate.com\/#\/schema\/logo\/image\/","url":"https:\/\/www.sino-grate.com\/wp-content\/uploads\/2023\/06\/sino_logo1.png","contentUrl":"https:\/\/www.sino-grate.com\/wp-content\/uploads\/2023\/06\/sino_logo1.png","width":834,"height":125,"caption":"Sino Composite Structures Co.,Ltd."},"image":{"@id":"https:\/\/www.sino-grate.com\/#\/schema\/logo\/image\/"}}]}},"_links":{"self":[{"href":"https:\/\/www.sino-grate.com\/es_ec\/wp-json\/wp\/v2\/product\/4222","targetHints":{"allow":["GET"]}}],"collection":[{"href":"https:\/\/www.sino-grate.com\/es_ec\/wp-json\/wp\/v2\/product"}],"about":[{"href":"https:\/\/www.sino-grate.com\/es_ec\/wp-json\/wp\/v2\/types\/product"}],"version-history":[{"count":0,"href":"https:\/\/www.sino-grate.com\/es_ec\/wp-json\/wp\/v2\/product\/4222\/revisions"}],"wp:featuredmedia":[{"embeddable":true,"href":"https:\/\/www.sino-grate.com\/es_ec\/wp-json\/wp\/v2\/media\/5289"}],"wp:attachment":[{"href":"https:\/\/www.sino-grate.com\/es_ec\/wp-json\/wp\/v2\/media?parent=4222"}],"wp:term":[{"taxonomy":"product_brand","embeddable":true,"href":"https:\/\/www.sino-grate.com\/es_ec\/wp-json\/wp\/v2\/product_brand?post=4222"},{"taxonomy":"product_cat","embeddable":true,"href":"https:\/\/www.sino-grate.com\/es_ec\/wp-json\/wp\/v2\/product_cat?post=4222"},{"taxonomy":"product_tag","embeddable":true,"href":"https:\/\/www.sino-grate.com\/es_ec\/wp-json\/wp\/v2\/product_tag?post=4222"}],"curies":[{"name":"wp","href":"https:\/\/api.w.org\/{rel}","templated":true}]}}