{"id":3401,"date":"2024-07-09T09:42:43","date_gmt":"2024-07-09T01:42:43","guid":{"rendered":"http:\/\/elementorwp.my.yxly8.com\/?post_type=product&#038;p=3401"},"modified":"2024-07-09T10:49:40","modified_gmt":"2024-07-09T02:49:40","slug":"frp-molded-grating-2","status":"publish","type":"product","link":"https:\/\/www.sino-grate.com\/fr\/produit\/frp-molded-grating-2\/","title":{"rendered":"Caillebotis moul\u00e9 en FRP"},"content":{"rendered":"<p>Le caillebotis en plastique renforc\u00e9 de fibres de verre (PRFV) est un mat\u00e9riau en forme de plaque avec des espaces, compos\u00e9 de fibres de verre comme mat\u00e9riau de renforcement et d'une r\u00e9sine polyester imperm\u00e9able comme matrice. Il est compos\u00e9 \u00e0 l'aide d'un traitement sp\u00e9cial. Le caillebotis FRP peut \u00eatre utilis\u00e9 comme mat\u00e9riau structurel. Il s'agit principalement de planchers, de couvertures de tranch\u00e9es, de plates-formes, de plates-formes de navires, d'escaliers, de planches, etc. dans des environnements corrosifs.<\/p>\n<p>Le caillebotis est tiss\u00e9 avec de multiples bandes de fibres de verre et moul\u00e9 int\u00e9gralement par coul\u00e9e de r\u00e9sine. Les panneaux de caillebotis en fibre de verre avec des grilles rectangulaires et carr\u00e9es r\u00e9guli\u00e8rement r\u00e9parties ont des caract\u00e9ristiques m\u00e9caniques identiques. Il peut \u00eatre largement utilis\u00e9 pour \u00e9valuer les plates-formes de travail, les plates-formes d'\u00e9quipement, les plates-formes d'installation, les passerelles, etc. dans des industries telles que le p\u00e9trole, l'\u00e9lectronique chimique, l'\u00e9nergie \u00e9lectrique, la papeterie, l'imprimerie et la teinture, la galvanoplastie, l'exploration oc\u00e9anique, le traitement des eaux us\u00e9es, etc. Il s'agit d'un produit id\u00e9al dans les environnements corrosifs et convient \u00e9galement \u00e0 la construction civile. sur l'appareil.<\/p>\n<h4><strong>Composition de base du produit<\/strong><\/h4>\n<table class=\"ke-zeroborder\" border=\"0\">\n<tbody>\n<tr class=\"firstRow\">\n<td>Mat\u00e9riau<\/td>\n<td>R\u00c9SINE DE LA CLASSE A, M\u00c8CHE ET HYDROXYDE D'ALUMINIUM<\/td>\n<\/tr>\n<tr>\n<td>Type de r\u00e9sine<\/td>\n<td>Ortho, ISO, Vinylester, Epoxy, Ph\u00e9nolique et autres<\/td>\n<\/tr>\n<tr>\n<td>Marques itin\u00e9rantes<\/td>\n<td>OWENSCORNING, JUSHI, CTG, CPIC, SHANGDONG FIBERGLASS, WBO, CHANGHAI, JOHNS MANILLE, ETC.<\/td>\n<\/tr>\n<tr>\n<td>Couleur<\/td>\n<td>PERSONNALIS\u00c9 PAR CARTE DE COULEUR RAL<\/td>\n<\/tr>\n<tr>\n<td>Surface<\/td>\n<td>CONCAVE&amp;M\u00c9NISQUE, LISSE&amp;PLAINE, SABLEUSE<\/td>\n<\/tr>\n<tr>\n<td>\u00c9paisseur<\/td>\n<td>12\/13\/14\/15\/20\/23\/25\/30\/35\/38\/40\/50\/60\/100mm<\/td>\n<\/tr>\n<tr>\n<td>Motif en maille<\/td>\n<td>MAILLE CARR\u00c9E, MAILLE RECTANGULAIRE, MICRO-MAILLE, MINI-MAILLE ET GRANDE MAILLE<\/td>\n<\/tr>\n<tr>\n<td>R\u00e9sistant au feu et \u00e0 la fum\u00e9e<\/td>\n<td>OUI<\/td>\n<\/tr>\n<tr>\n<td>R\u00e9sistant aux UV<\/td>\n<td>OUI<\/td>\n<\/tr>\n<tr>\n<td>Propri\u00e9t\u00e9s antid\u00e9rapantes<\/td>\n<td>OUI<\/td>\n<\/tr>\n<\/tbody>\n<\/table>\n<p>Sp\u00e9cification du produit<\/p>\n<p><img fetchpriority=\"high\" decoding=\"async\" class=\"alignnone size-medium wp-image-3422\" src=\"https:\/\/www.sino-grate.com\/wp-content\/uploads\/2024\/07\/1705892815142710-300x213.jpg\" alt=\"\" width=\"300\" height=\"213\" srcset=\"https:\/\/www.sino-grate.com\/wp-content\/uploads\/2024\/07\/1705892815142710-300x213.jpg 300w, https:\/\/www.sino-grate.com\/wp-content\/uploads\/2024\/07\/1705892815142710.jpg 495w\" sizes=\"(max-width: 300px) 100vw, 300px\" \/><\/p>\n<table class=\"ke-zeroborder\" border=\"0\">\n<tbody>\n<tr class=\"firstRow\">\n<td>Hauteur (mm)<\/td>\n<td>Taille des mailles (mm)<\/td>\n<td>\u00c9paisseur de la barre d'appui (haut\/bas)<\/td>\n<td>Taille du panneau (mm)<\/td>\n<td>Poids approximatif<br \/>\n(kg\/\u33a1)<\/td>\n<td>Zone ouverte (%)<\/td>\n<\/tr>\n<tr>\n<td>13<\/td>\n<td>38.1&#215;38.1<\/td>\n<td>6.0\/5.0<\/td>\n<td>1220&#215;3660<\/td>\n<td>6<\/td>\n<td>68%<\/td>\n<\/tr>\n<tr>\n<td>15<\/td>\n<td>38.1&#215;38.1<\/td>\n<td>6.0\/5.0<\/td>\n<td>1220&#215;3660<\/td>\n<td>7<\/td>\n<td>65%<\/td>\n<\/tr>\n<tr>\n<td>20<\/td>\n<td>38.1&#215;38.1<\/td>\n<td>6.0\/5.0<\/td>\n<td>1220&#215;3660<\/td>\n<td>9.8<\/td>\n<td>65%<\/td>\n<\/tr>\n<tr>\n<td>25<\/td>\n<td>38.1&#215;38.1<\/td>\n<td>6.4\/5.0<\/td>\n<td>1220&#215;3660<\/td>\n<td>12.3<\/td>\n<td>68%<\/td>\n<\/tr>\n<tr>\n<td>30<\/td>\n<td>38.1&#215;38.1<\/td>\n<td>6.5\/5.0<\/td>\n<td>1220&#215;3660<\/td>\n<td>14.6<\/td>\n<td>68%<\/td>\n<\/tr>\n<tr>\n<td>38<\/td>\n<td>38.1&#215;38.1<\/td>\n<td>7.0\/5.0<\/td>\n<td>1220&#215;3660<\/td>\n<td>19.5<\/td>\n<td>68%<\/td>\n<\/tr>\n<tr>\n<td>35(HD)<\/td>\n<td>38.1&#215;38.1<\/td>\n<td>10.5\/9.0<\/td>\n<td>1220&#215;3660<\/td>\n<td>29.4<\/td>\n<td>56%<\/td>\n<\/tr>\n<tr>\n<td>50(HD)<\/td>\n<td>38.1&#215;38.1<\/td>\n<td>11.0\/9.0<\/td>\n<td>1220&#215;3660<\/td>\n<td>42<\/td>\n<td>56%<\/td>\n<\/tr>\n<tr>\n<td>60(HD)<\/td>\n<td>38.1&#215;38.1<\/td>\n<td>11.0\/9.0<\/td>\n<td>1220&#215;3660<\/td>\n<td>50.4<\/td>\n<td>56%<\/td>\n<\/tr>\n<tr>\n<td>25<\/td>\n<td>40&#215;40<\/td>\n<td>6.4\/5.0<\/td>\n<td>1007&#215;4007<\/td>\n<td>12.3<\/td>\n<td>67%<\/td>\n<\/tr>\n<tr>\n<td>30<\/td>\n<td>40&#215;40<\/td>\n<td>6.6\/5.0<\/td>\n<td>1007&#215;4007<\/td>\n<td>14.6<\/td>\n<td>67%<\/td>\n<\/tr>\n<tr>\n<td>40<\/td>\n<td>40&#215;40<\/td>\n<td>7.0\/5.0<\/td>\n<td>1007&#215;4007<\/td>\n<td>19.5<\/td>\n<td>67%<\/td>\n<\/tr>\n<tr>\n<td>12<\/td>\n<td>50&#215;50<\/td>\n<td>6.0\/5.0<\/td>\n<td>1220&#215;3660<\/td>\n<td>4.8<\/td>\n<td>82%<\/td>\n<\/tr>\n<tr>\n<td>15<\/td>\n<td>50.8&#215;50.8<\/td>\n<td>6.2\/5.0<\/td>\n<td>1220&#215;3660<\/td>\n<td>7<\/td>\n<td>78%<\/td>\n<\/tr>\n<tr>\n<td>25<\/td>\n<td>50.8&#215;50.8<\/td>\n<td>6.4\/5.0<\/td>\n<td>1220&#215;3660<\/td>\n<td>11.5<\/td>\n<td>78%<\/td>\n<\/tr>\n<tr>\n<td>40<\/td>\n<td>50.8&#215;50.8<\/td>\n<td>7.0\/5.0<\/td>\n<td>1220&#215;3660<\/td>\n<td>16<\/td>\n<td>80%<\/td>\n<\/tr>\n<tr>\n<td>50<\/td>\n<td>50.8&#215;50.8<\/td>\n<td>8.0\/6.0<\/td>\n<td>1220&#215;3660<\/td>\n<td>21<\/td>\n<td>78%<\/td>\n<\/tr>\n<tr>\n<td>63<\/td>\n<td>50.8&#215;50.8<\/td>\n<td>8.3\/6.0<\/td>\n<td>1220&#215;3660<\/td>\n<td>29<\/td>\n<td>78%<\/td>\n<\/tr>\n<tr>\n<td>25<\/td>\n<td>83.3&#215;83.3<\/td>\n<td>6.5\/5.0<\/td>\n<td>1007&#215;4007<\/td>\n<td>5.8<\/td>\n<td>84%<\/td>\n<\/tr>\n<tr>\n<td>40<\/td>\n<td>83.3&#215;83.3<\/td>\n<td>7.0\/5.0<\/td>\n<td>1007&#215;4007<\/td>\n<td>9.5<\/td>\n<td>84%<\/td>\n<\/tr>\n<\/tbody>\n<\/table>\n<p><img decoding=\"async\" class=\"alignnone size-medium wp-image-3423\" src=\"https:\/\/www.sino-grate.com\/wp-content\/uploads\/2024\/07\/1705893600194325-300x205.jpg\" alt=\"\" width=\"300\" height=\"205\" srcset=\"https:\/\/www.sino-grate.com\/wp-content\/uploads\/2024\/07\/1705893600194325-300x205.jpg 300w, https:\/\/www.sino-grate.com\/wp-content\/uploads\/2024\/07\/1705893600194325.jpg 463w\" sizes=\"(max-width: 300px) 100vw, 300px\" \/><\/p>\n<table class=\"ke-zeroborder\" border=\"0\">\n<tbody>\n<tr class=\"firstRow\">\n<td>Hauteur (mm)<\/td>\n<td>Taille des mailles (mm)<\/td>\n<td>\u00c9paisseur de la barre d'appui (haut\/bas)<\/td>\n<td>Taille du panneau (mm)<\/td>\n<td>Poids approximatif<br \/>\n(kg\/\u33a1)<\/td>\n<td>Zone ouverte (%)<\/td>\n<\/tr>\n<tr>\n<td>30<\/td>\n<td>12.7&#215;12.7\/38.1&#215;38.1<\/td>\n<td>7.5&amp;4.5\/5.0<\/td>\n<td>1220&#215;3660<\/td>\n<td>22<\/td>\n<td>30%<\/td>\n<\/tr>\n<tr>\n<td>22<\/td>\n<td>13.3&#215;13.3\/40&#215;40<\/td>\n<td>6.4&amp;4.5\/5.0<\/td>\n<td>1247&#215;4047<\/td>\n<td>15.2<\/td>\n<td>30%<\/td>\n<\/tr>\n<tr>\n<td>30<\/td>\n<td>13.3&#215;13.3\/40&#215;40<\/td>\n<td>7.0&amp;4.5\/5.0<\/td>\n<td>1527&#215;4047<\/td>\n<td>19.6<\/td>\n<td>30%<\/td>\n<\/tr>\n<tr>\n<td>38<\/td>\n<td>13.3&#215;13.3\/40&#215;40<\/td>\n<td>7.0&amp;4.5\/5.0<\/td>\n<td>1527&#215;4047<\/td>\n<td>20.3<\/td>\n<td>30%<\/td>\n<\/tr>\n<tr>\n<td>25<\/td>\n<td>19.05&#215;19.05\/38.1&#215;38.1<\/td>\n<td>6.4\/5.0<\/td>\n<td>1220&#215;4000<\/td>\n<td>16.8<\/td>\n<td>40%<\/td>\n<\/tr>\n<tr>\n<td>30<\/td>\n<td>19.05&#215;19.05\/38.1&#215;38.1<\/td>\n<td>6.5\/5.0<\/td>\n<td>1220&#215;3660<\/td>\n<td>17.5<\/td>\n<td>40%<\/td>\n<\/tr>\n<tr>\n<td>38<\/td>\n<td>19.05&#215;19.05\/38.1&#215;38.1<\/td>\n<td>7.0\/5.0<\/td>\n<td>1524&#215;4000<\/td>\n<td>23.5<\/td>\n<td>40%<\/td>\n<\/tr>\n<tr>\n<td>50<\/td>\n<td>19.05&#215;19.05\/38.1&#215;38.1<\/td>\n<td>7.0\/5.0<\/td>\n<td>1220&#215;3660<\/td>\n<td>30<\/td>\n<td>40%<\/td>\n<\/tr>\n<tr>\n<td>14<\/td>\n<td>20&#215;20\/40&#215;40<\/td>\n<td>6.4\/5.0<\/td>\n<td>1247&#215;4047<\/td>\n<td>10.5<\/td>\n<td>42%<\/td>\n<\/tr>\n<tr>\n<td>22<\/td>\n<td>20&#215;20\/40&#215;40<\/td>\n<td>6.4\/5.0<\/td>\n<td>1527&#215;4047<\/td>\n<td>15.2<\/td>\n<td>42%<\/td>\n<\/tr>\n<tr>\n<td>30<\/td>\n<td>20&#215;20\/40&#215;40<\/td>\n<td>6.5\/5.0<\/td>\n<td>1527&#215;4047<\/td>\n<td>18.3<\/td>\n<td>42%<\/td>\n<\/tr>\n<tr>\n<td>40<\/td>\n<td>20&#215;20\/40&#215;40<\/td>\n<td>7.0\/5.0<\/td>\n<td>1527&#215;4047<\/td>\n<td>23.7<\/td>\n<td>42%<\/td>\n<\/tr>\n<tr>\n<td>50<\/td>\n<td>25.4&#215;25.4\/50.8&#215;50.8<\/td>\n<td>7.5&amp;7.0\/5.0<\/td>\n<td>1220&#215;3660<\/td>\n<td>28.5<\/td>\n<td>55%<\/td>\n<\/tr>\n<tr>\n<td>25<\/td>\n<td>26&#215;26\/52&#215;52<\/td>\n<td>7.0\/5.0<\/td>\n<td>1203&#215;4011<\/td>\n<td>13.1<\/td>\n<td>60%<\/td>\n<\/tr>\n<tr>\n<td>38<\/td>\n<td>26&#215;26\/52&#215;52<\/td>\n<td>7.0\/5.0<\/td>\n<td>1254&#215;4013<\/td>\n<td>19.5<\/td>\n<td>60%<\/td>\n<\/tr>\n<\/tbody>\n<\/table>","protected":false},"excerpt":{"rendered":"<p>Glass fiber reinforced plastic (FRP) grating is a plate-like material with spaces, which is made of glass fiber as a reinforcing material and impermeable polyester resin as a matrix. It is compounded through special processing. FRP grating can be used as a structural material. Mainly include floors, trench covers, platforms, ship platforms, stairs, planks, etc. [&hellip;]<\/p>\n","protected":false},"featured_media":3402,"template":"","meta":{"site-sidebar-layout":"default","site-content-layout":"","ast-site-content-layout":"default","site-content-style":"default","site-sidebar-style":"default","ast-global-header-display":"","ast-banner-title-visibility":"","ast-main-header-display":"","ast-hfb-above-header-display":"","ast-hfb-below-header-display":"","ast-hfb-mobile-header-display":"","site-post-title":"","ast-breadcrumbs-content":"","ast-featured-img":"","footer-sml-layout":"","theme-transparent-header-meta":"default","adv-header-id-meta":"","stick-header-meta":"","header-above-stick-meta":"","header-main-stick-meta":"","header-below-stick-meta":"","astra-migrate-meta-layouts":"set","ast-page-background-enabled":"default","ast-page-background-meta":{"desktop":{"background-color":"","background-image":"","background-repeat":"repeat","background-position":"center center","background-size":"auto","background-attachment":"scroll","background-type":"","background-media":"","overlay-type":"","overlay-color":"","overlay-opacity":"","overlay-gradient":""},"tablet":{"background-color":"","background-image":"","background-repeat":"repeat","background-position":"center center","background-size":"auto","background-attachment":"scroll","background-type":"","background-media":"","overlay-type":"","overlay-color":"","overlay-opacity":"","overlay-gradient":""},"mobile":{"background-color":"","background-image":"","background-repeat":"repeat","background-position":"center center","background-size":"auto","background-attachment":"scroll","background-type":"","background-media":"","overlay-type":"","overlay-color":"","overlay-opacity":"","overlay-gradient":""}},"ast-content-background-meta":{"desktop":{"background-color":"var(--ast-global-color-5)","background-image":"","background-repeat":"repeat","background-position":"center center","background-size":"auto","background-attachment":"scroll","background-type":"","background-media":"","overlay-type":"","overlay-color":"","overlay-opacity":"","overlay-gradient":""},"tablet":{"background-color":"var(--ast-global-color-5)","background-image":"","background-repeat":"repeat","background-position":"center center","background-size":"auto","background-attachment":"scroll","background-type":"","background-media":"","overlay-type":"","overlay-color":"","overlay-opacity":"","overlay-gradient":""},"mobile":{"background-color":"var(--ast-global-color-5)","background-image":"","background-repeat":"repeat","background-position":"center center","background-size":"auto","background-attachment":"scroll","background-type":"","background-media":"","overlay-type":"","overlay-color":"","overlay-opacity":"","overlay-gradient":""}}},"product_brand":[],"product_cat":[86],"product_tag":[91],"class_list":{"0":"post-3401","1":"product","2":"type-product","3":"status-publish","4":"has-post-thumbnail","6":"product_cat-frp-molded-grating","7":"product_tag-frp-molded-grating","8":"desktop-align-left","9":"tablet-align-left","10":"mobile-align-left","11":"ast-product-gallery-layout-horizontal-slider","12":"ast-magnify-disabled","13":"ast-product-tabs-layout-horizontal","15":"first","16":"instock","17":"shipping-taxable","18":"product-type-simple"},"yoast_head":"<!-- This site is optimized with the Yoast SEO plugin v26.6 - https:\/\/yoast.com\/wordpress\/plugins\/seo\/ -->\n<title>FRP Molded Grating - China FRP Grating, FRP Profiles, Grating Clips Suppliers, Manufacturers, Factory - Sino Grating<\/title>\n<meta name=\"robots\" content=\"index, follow, max-snippet:-1, max-image-preview:large, max-video-preview:-1\" \/>\n<link rel=\"canonical\" href=\"https:\/\/www.sino-grate.com\/fr\/produit\/frp-molded-grating-2\/\" \/>\n<meta property=\"og:locale\" content=\"fr_FR\" \/>\n<meta property=\"og:type\" content=\"article\" \/>\n<meta property=\"og:title\" content=\"FRP Molded Grating - China FRP Grating, FRP Profiles, Grating Clips Suppliers, Manufacturers, Factory - Sino Grating\" \/>\n<meta property=\"og:description\" content=\"Glass fiber reinforced plastic (FRP) grating is a plate-like material with spaces, which is made of glass fiber as a reinforcing material and impermeable polyester resin as a matrix. It is compounded through special processing. FRP grating can be used as a structural material. Mainly include floors, trench covers, platforms, ship platforms, stairs, planks, etc. [&hellip;]\" \/>\n<meta property=\"og:url\" content=\"https:\/\/www.sino-grate.com\/fr\/produit\/frp-molded-grating-2\/\" \/>\n<meta property=\"og:site_name\" content=\"China FRP Grating, FRP Profiles, Grating Clips Suppliers, Manufacturers, Factory - Sino Grating\" \/>\n<meta property=\"article:modified_time\" content=\"2024-07-09T02:49:40+00:00\" \/>\n<meta property=\"og:image\" content=\"https:\/\/www.sino-grate.com\/wp-content\/uploads\/2024\/07\/1705891951334599.jpg\" \/>\n\t<meta property=\"og:image:width\" content=\"494\" \/>\n\t<meta property=\"og:image:height\" content=\"393\" \/>\n\t<meta property=\"og:image:type\" content=\"image\/jpeg\" \/>\n<meta name=\"twitter:card\" content=\"summary_large_image\" \/>\n<meta name=\"twitter:label1\" content=\"Dur\u00e9e de lecture estim\u00e9e\" \/>\n\t<meta name=\"twitter:data1\" content=\"2 minutes\" \/>\n<script type=\"application\/ld+json\" class=\"yoast-schema-graph\">{\"@context\":\"https:\/\/schema.org\",\"@graph\":[{\"@type\":\"WebPage\",\"@id\":\"https:\/\/www.sino-grate.com\/product\/frp-molded-grating-2\/\",\"url\":\"https:\/\/www.sino-grate.com\/product\/frp-molded-grating-2\/\",\"name\":\"FRP Molded Grating - China FRP Grating, FRP Profiles, Grating Clips Suppliers, Manufacturers, Factory - Sino Grating\",\"isPartOf\":{\"@id\":\"https:\/\/www.sino-grate.com\/#website\"},\"primaryImageOfPage\":{\"@id\":\"https:\/\/www.sino-grate.com\/product\/frp-molded-grating-2\/#primaryimage\"},\"image\":{\"@id\":\"https:\/\/www.sino-grate.com\/product\/frp-molded-grating-2\/#primaryimage\"},\"thumbnailUrl\":\"https:\/\/www.sino-grate.com\/wp-content\/uploads\/2024\/07\/1705891951334599.jpg\",\"datePublished\":\"2024-07-09T01:42:43+00:00\",\"dateModified\":\"2024-07-09T02:49:40+00:00\",\"breadcrumb\":{\"@id\":\"https:\/\/www.sino-grate.com\/product\/frp-molded-grating-2\/#breadcrumb\"},\"inLanguage\":\"fr-FR\",\"potentialAction\":[{\"@type\":\"ReadAction\",\"target\":[\"https:\/\/www.sino-grate.com\/product\/frp-molded-grating-2\/\"]}]},{\"@type\":\"ImageObject\",\"inLanguage\":\"fr-FR\",\"@id\":\"https:\/\/www.sino-grate.com\/product\/frp-molded-grating-2\/#primaryimage\",\"url\":\"https:\/\/www.sino-grate.com\/wp-content\/uploads\/2024\/07\/1705891951334599.jpg\",\"contentUrl\":\"https:\/\/www.sino-grate.com\/wp-content\/uploads\/2024\/07\/1705891951334599.jpg\",\"width\":494,\"height\":393},{\"@type\":\"BreadcrumbList\",\"@id\":\"https:\/\/www.sino-grate.com\/product\/frp-molded-grating-2\/#breadcrumb\",\"itemListElement\":[{\"@type\":\"ListItem\",\"position\":1,\"name\":\"Home\",\"item\":\"https:\/\/www.sino-grate.com\/\"},{\"@type\":\"ListItem\",\"position\":2,\"name\":\"Products\",\"item\":\"https:\/\/www.sino-grate.com\/shop\/\"},{\"@type\":\"ListItem\",\"position\":3,\"name\":\"FRP Molded Grating\"}]},{\"@type\":\"WebSite\",\"@id\":\"https:\/\/www.sino-grate.com\/#website\",\"url\":\"https:\/\/www.sino-grate.com\/\",\"name\":\"China FRP Grating, FRP Profiles, Grating Clips Suppliers, Manufacturers, Factory - Sino Grating\",\"description\":\"Sino composite provides with excellent quality FRP grating, FRP profiles, FRP structures, other FRP products and clip accessories. We provide all-round services from design, helping customers with model selection, production, pre-assembly, and transportation.\",\"publisher\":{\"@id\":\"https:\/\/www.sino-grate.com\/#organization\"},\"potentialAction\":[{\"@type\":\"SearchAction\",\"target\":{\"@type\":\"EntryPoint\",\"urlTemplate\":\"https:\/\/www.sino-grate.com\/?s={search_term_string}\"},\"query-input\":{\"@type\":\"PropertyValueSpecification\",\"valueRequired\":true,\"valueName\":\"search_term_string\"}}],\"inLanguage\":\"fr-FR\"},{\"@type\":\"Organization\",\"@id\":\"https:\/\/www.sino-grate.com\/#organization\",\"name\":\"Sino Composite Structures Co.,Ltd.\",\"url\":\"https:\/\/www.sino-grate.com\/\",\"logo\":{\"@type\":\"ImageObject\",\"inLanguage\":\"fr-FR\",\"@id\":\"https:\/\/www.sino-grate.com\/#\/schema\/logo\/image\/\",\"url\":\"https:\/\/www.sino-grate.com\/wp-content\/uploads\/2023\/06\/sino_logo1.png\",\"contentUrl\":\"https:\/\/www.sino-grate.com\/wp-content\/uploads\/2023\/06\/sino_logo1.png\",\"width\":834,\"height\":125,\"caption\":\"Sino Composite Structures Co.,Ltd.\"},\"image\":{\"@id\":\"https:\/\/www.sino-grate.com\/#\/schema\/logo\/image\/\"}}]}<\/script>\n<!-- \/ Yoast SEO plugin. -->","yoast_head_json":{"title":"Caillebotis moul\u00e9 en FRP - Caillebotis en FRP, profil\u00e9s en FRP, clips pour caillebotis, fournisseurs, fabricants, usine de Chine - Sino Grating","robots":{"index":"index","follow":"follow","max-snippet":"max-snippet:-1","max-image-preview":"max-image-preview:large","max-video-preview":"max-video-preview:-1"},"canonical":"https:\/\/www.sino-grate.com\/fr\/produit\/frp-molded-grating-2\/","og_locale":"fr_FR","og_type":"article","og_title":"FRP Molded Grating - China FRP Grating, FRP Profiles, Grating Clips Suppliers, Manufacturers, Factory - Sino Grating","og_description":"Glass fiber reinforced plastic (FRP) grating is a plate-like material with spaces, which is made of glass fiber as a reinforcing material and impermeable polyester resin as a matrix. It is compounded through special processing. FRP grating can be used as a structural material. Mainly include floors, trench covers, platforms, ship platforms, stairs, planks, etc. [&hellip;]","og_url":"https:\/\/www.sino-grate.com\/fr\/produit\/frp-molded-grating-2\/","og_site_name":"China FRP Grating, FRP Profiles, Grating Clips Suppliers, Manufacturers, Factory - Sino Grating","article_modified_time":"2024-07-09T02:49:40+00:00","og_image":[{"width":494,"height":393,"url":"https:\/\/www.sino-grate.com\/wp-content\/uploads\/2024\/07\/1705891951334599.jpg","type":"image\/jpeg"}],"twitter_card":"summary_large_image","twitter_misc":{"Dur\u00e9e de lecture estim\u00e9e":"2 minutes"},"schema":{"@context":"https:\/\/schema.org","@graph":[{"@type":"WebPage","@id":"https:\/\/www.sino-grate.com\/product\/frp-molded-grating-2\/","url":"https:\/\/www.sino-grate.com\/product\/frp-molded-grating-2\/","name":"Caillebotis moul\u00e9 en FRP - Caillebotis en FRP, profil\u00e9s en FRP, clips pour caillebotis, fournisseurs, fabricants, usine de Chine - Sino Grating","isPartOf":{"@id":"https:\/\/www.sino-grate.com\/#website"},"primaryImageOfPage":{"@id":"https:\/\/www.sino-grate.com\/product\/frp-molded-grating-2\/#primaryimage"},"image":{"@id":"https:\/\/www.sino-grate.com\/product\/frp-molded-grating-2\/#primaryimage"},"thumbnailUrl":"https:\/\/www.sino-grate.com\/wp-content\/uploads\/2024\/07\/1705891951334599.jpg","datePublished":"2024-07-09T01:42:43+00:00","dateModified":"2024-07-09T02:49:40+00:00","breadcrumb":{"@id":"https:\/\/www.sino-grate.com\/product\/frp-molded-grating-2\/#breadcrumb"},"inLanguage":"fr-FR","potentialAction":[{"@type":"ReadAction","target":["https:\/\/www.sino-grate.com\/product\/frp-molded-grating-2\/"]}]},{"@type":"ImageObject","inLanguage":"fr-FR","@id":"https:\/\/www.sino-grate.com\/product\/frp-molded-grating-2\/#primaryimage","url":"https:\/\/www.sino-grate.com\/wp-content\/uploads\/2024\/07\/1705891951334599.jpg","contentUrl":"https:\/\/www.sino-grate.com\/wp-content\/uploads\/2024\/07\/1705891951334599.jpg","width":494,"height":393},{"@type":"BreadcrumbList","@id":"https:\/\/www.sino-grate.com\/product\/frp-molded-grating-2\/#breadcrumb","itemListElement":[{"@type":"ListItem","position":1,"name":"Home","item":"https:\/\/www.sino-grate.com\/"},{"@type":"ListItem","position":2,"name":"Products","item":"https:\/\/www.sino-grate.com\/shop\/"},{"@type":"ListItem","position":3,"name":"FRP Molded Grating"}]},{"@type":"WebSite","@id":"https:\/\/www.sino-grate.com\/#website","url":"https:\/\/www.sino-grate.com\/","name":"Chine Caillebotis en PRFV, profil\u00e9s en PRFV, clips pour caillebotis Fournisseurs, fabricants, usine - Sino Grating","description":"Sino composite fournit des caillebotis en PRFV, des profil\u00e9s en PRFV, des structures en PRFV, d'autres produits en PRFV et des accessoires de clip d'excellente qualit\u00e9. Nous fournissons des services complets, depuis la conception jusqu'\u00e0 la production, le pr\u00e9-assemblage et le transport, en passant par l'assistance aux clients dans la s\u00e9lection des mod\u00e8les.","publisher":{"@id":"https:\/\/www.sino-grate.com\/#organization"},"potentialAction":[{"@type":"SearchAction","target":{"@type":"EntryPoint","urlTemplate":"https:\/\/www.sino-grate.com\/?s={search_term_string}"},"query-input":{"@type":"PropertyValueSpecification","valueRequired":true,"valueName":"search_term_string"}}],"inLanguage":"fr-FR"},{"@type":"Organization","@id":"https:\/\/www.sino-grate.com\/#organization","name":"Sino Composite Structures Co, Ltd.","url":"https:\/\/www.sino-grate.com\/","logo":{"@type":"ImageObject","inLanguage":"fr-FR","@id":"https:\/\/www.sino-grate.com\/#\/schema\/logo\/image\/","url":"https:\/\/www.sino-grate.com\/wp-content\/uploads\/2023\/06\/sino_logo1.png","contentUrl":"https:\/\/www.sino-grate.com\/wp-content\/uploads\/2023\/06\/sino_logo1.png","width":834,"height":125,"caption":"Sino Composite Structures Co.,Ltd."},"image":{"@id":"https:\/\/www.sino-grate.com\/#\/schema\/logo\/image\/"}}]}},"_links":{"self":[{"href":"https:\/\/www.sino-grate.com\/fr\/wp-json\/wp\/v2\/product\/3401","targetHints":{"allow":["GET"]}}],"collection":[{"href":"https:\/\/www.sino-grate.com\/fr\/wp-json\/wp\/v2\/product"}],"about":[{"href":"https:\/\/www.sino-grate.com\/fr\/wp-json\/wp\/v2\/types\/product"}],"version-history":[{"count":1,"href":"https:\/\/www.sino-grate.com\/fr\/wp-json\/wp\/v2\/product\/3401\/revisions"}],"predecessor-version":[{"id":3421,"href":"https:\/\/www.sino-grate.com\/fr\/wp-json\/wp\/v2\/product\/3401\/revisions\/3421"}],"wp:featuredmedia":[{"embeddable":true,"href":"https:\/\/www.sino-grate.com\/fr\/wp-json\/wp\/v2\/media\/3402"}],"wp:attachment":[{"href":"https:\/\/www.sino-grate.com\/fr\/wp-json\/wp\/v2\/media?parent=3401"}],"wp:term":[{"taxonomy":"product_brand","embeddable":true,"href":"https:\/\/www.sino-grate.com\/fr\/wp-json\/wp\/v2\/product_brand?post=3401"},{"taxonomy":"product_cat","embeddable":true,"href":"https:\/\/www.sino-grate.com\/fr\/wp-json\/wp\/v2\/product_cat?post=3401"},{"taxonomy":"product_tag","embeddable":true,"href":"https:\/\/www.sino-grate.com\/fr\/wp-json\/wp\/v2\/product_tag?post=3401"}],"curies":[{"name":"wp","href":"https:\/\/api.w.org\/{rel}","templated":true}]}}