{"id":3474,"date":"2024-07-09T13:11:02","date_gmt":"2024-07-09T05:11:02","guid":{"rendered":"http:\/\/elementorwp.my.yxly8.com\/?post_type=product&#038;p=3474"},"modified":"2024-07-09T13:49:28","modified_gmt":"2024-07-09T05:49:28","slug":"frp-minimicro-mesh-molded-grating","status":"publish","type":"product","link":"https:\/\/www.sino-grate.com\/fr\/produit\/frp-minimicro-mesh-molded-grating\/","title":{"rendered":"Caillebotis moul\u00e9 FRP Mini&amp;Micro Mesh"},"content":{"rendered":"<div data-elementor-type=\"product-post\" data-elementor-id=\"3474\" class=\"elementor elementor-3474\" data-elementor-post-type=\"product\">\n\t\t\t\t\t\t<section class=\"elementor-section elementor-top-section elementor-element elementor-element-52449e8 elementor-section-content-middle elementor-section-boxed elementor-section-height-default elementor-section-height-default\" data-id=\"52449e8\" data-element_type=\"section\">\n\t\t\t\t\t\t<div class=\"elementor-container elementor-column-gap-default\">\n\t\t\t\t\t<div class=\"elementor-column elementor-col-50 elementor-top-column elementor-element elementor-element-6be03d8\" data-id=\"6be03d8\" data-element_type=\"column\">\n\t\t\t<div class=\"elementor-widget-wrap elementor-element-populated\">\n\t\t\t\t\t\t<div class=\"elementor-element elementor-element-52fac4a elementor-widget elementor-widget-image\" data-id=\"52fac4a\" data-element_type=\"widget\" data-widget_type=\"image.default\">\n\t\t\t\t<div class=\"elementor-widget-container\">\n\t\t\t\t\t\t\t\t\t\t\t\t\t\t\t<img fetchpriority=\"high\" decoding=\"async\" width=\"993\" height=\"896\" src=\"https:\/\/www.sino-grate.com\/wp-content\/uploads\/2024\/07\/608bb82ba4d33.jpg\" class=\"attachment-large size-large wp-image-3484\" alt=\"\" srcset=\"https:\/\/www.sino-grate.com\/wp-content\/uploads\/2024\/07\/608bb82ba4d33.jpg 993w, https:\/\/www.sino-grate.com\/wp-content\/uploads\/2024\/07\/608bb82ba4d33-600x541.jpg 600w, https:\/\/www.sino-grate.com\/wp-content\/uploads\/2024\/07\/608bb82ba4d33-800x722.jpg 800w, https:\/\/www.sino-grate.com\/wp-content\/uploads\/2024\/07\/608bb82ba4d33-300x271.jpg 300w, https:\/\/www.sino-grate.com\/wp-content\/uploads\/2024\/07\/608bb82ba4d33-768x693.jpg 768w\" sizes=\"(max-width: 993px) 100vw, 993px\" \/>\t\t\t\t\t\t\t\t\t\t\t\t\t\t\t<\/div>\n\t\t\t\t<\/div>\n\t\t\t\t\t<\/div>\n\t\t<\/div>\n\t\t\t\t<div class=\"elementor-column elementor-col-50 elementor-top-column elementor-element elementor-element-d0d618e\" data-id=\"d0d618e\" data-element_type=\"column\">\n\t\t\t<div class=\"elementor-widget-wrap elementor-element-populated\">\n\t\t\t\t\t\t<div class=\"elementor-element elementor-element-5fc3de7 elementor-widget elementor-widget-text-editor\" data-id=\"5fc3de7\" data-element_type=\"widget\" data-widget_type=\"text-editor.default\">\n\t\t\t\t<div class=\"elementor-widget-container\">\n\t\t\t\t\t\t\t\t\t<p>Le caillebotis mini&amp;micro est similaire au processus de production du caillebotis moul\u00e9 en PRFV, sauf qu'une nervure en forme de croix ou de Tic-Tac est ajout\u00e9e au caillebotis ordinaire. Les petits trous sur la surface peuvent emp\u00eacher les petits objets de tomber au sol \u00e0 travers le caillebotis.<br \/>Sino Composite propose des caillebotis Mini&amp;Micro avec toutes les mailles et hauteurs. L'ouverture varie entre 12-13mm et 19-20mm. La surface du caillebotis peut \u00eatre trait\u00e9e avec du sable antid\u00e9rapant.<\/p><p>Application des caillebotis FRP Mini&amp;Micro.<br \/>Docks\/marinas<br \/>Ponts<br \/>Zones de loisirs<\/p>\t\t\t\t\t\t\t\t<\/div>\n\t\t\t\t<\/div>\n\t\t\t\t\t<\/div>\n\t\t<\/div>\n\t\t\t\t\t<\/div>\n\t\t<\/section>\n\t\t\t\t<section class=\"elementor-section elementor-top-section elementor-element elementor-element-8afd27d elementor-section-boxed elementor-section-height-default elementor-section-height-default\" data-id=\"8afd27d\" data-element_type=\"section\">\n\t\t\t\t\t\t<div class=\"elementor-container elementor-column-gap-default\">\n\t\t\t\t\t<div class=\"elementor-column elementor-col-100 elementor-top-column elementor-element elementor-element-de4a001\" data-id=\"de4a001\" data-element_type=\"column\">\n\t\t\t<div class=\"elementor-widget-wrap elementor-element-populated\">\n\t\t\t\t\t\t<div class=\"elementor-element elementor-element-892ec11 elementor-widget elementor-widget-text-editor\" data-id=\"892ec11\" data-element_type=\"widget\" data-widget_type=\"text-editor.default\">\n\t\t\t\t<div class=\"elementor-widget-container\">\n\t\t\t\t\t\t\t\t\t<p>Piscines<\/p>\t\t\t\t\t\t\t\t<\/div>\n\t\t\t\t<\/div>\n\t\t\t\t\t<\/div>\n\t\t<\/div>\n\t\t\t\t\t<\/div>\n\t\t<\/section>\n\t\t\t\t<section class=\"elementor-section elementor-top-section elementor-element elementor-element-e1b8576 elementor-section-boxed elementor-section-height-default elementor-section-height-default\" data-id=\"e1b8576\" data-element_type=\"section\">\n\t\t\t\t\t\t<div class=\"elementor-container elementor-column-gap-default\">\n\t\t\t\t\t<div class=\"elementor-column elementor-col-50 elementor-top-column elementor-element elementor-element-ee8e970\" data-id=\"ee8e970\" data-element_type=\"column\">\n\t\t\t<div class=\"elementor-widget-wrap elementor-element-populated\">\n\t\t\t\t\t\t<div class=\"elementor-element elementor-element-44c6c02 elementor-widget elementor-widget-image\" data-id=\"44c6c02\" data-element_type=\"widget\" data-widget_type=\"image.default\">\n\t\t\t\t<div class=\"elementor-widget-container\">\n\t\t\t\t\t\t\t\t\t\t\t\t\t\t\t<img decoding=\"async\" width=\"1000\" height=\"650\" src=\"https:\/\/www.sino-grate.com\/wp-content\/uploads\/2024\/07\/608b69b67d966.jpg\" class=\"attachment-large size-large wp-image-3485\" alt=\"\" srcset=\"https:\/\/www.sino-grate.com\/wp-content\/uploads\/2024\/07\/608b69b67d966.jpg 1000w, https:\/\/www.sino-grate.com\/wp-content\/uploads\/2024\/07\/608b69b67d966-600x390.jpg 600w, https:\/\/www.sino-grate.com\/wp-content\/uploads\/2024\/07\/608b69b67d966-800x520.jpg 800w, https:\/\/www.sino-grate.com\/wp-content\/uploads\/2024\/07\/608b69b67d966-300x195.jpg 300w, https:\/\/www.sino-grate.com\/wp-content\/uploads\/2024\/07\/608b69b67d966-768x499.jpg 768w\" sizes=\"(max-width: 1000px) 100vw, 1000px\" \/>\t\t\t\t\t\t\t\t\t\t\t\t\t\t\t<\/div>\n\t\t\t\t<\/div>\n\t\t\t\t\t<\/div>\n\t\t<\/div>\n\t\t\t\t<div class=\"elementor-column elementor-col-50 elementor-top-column elementor-element elementor-element-b8f8aa3\" data-id=\"b8f8aa3\" data-element_type=\"column\">\n\t\t\t<div class=\"elementor-widget-wrap elementor-element-populated\">\n\t\t\t\t\t\t<div class=\"elementor-element elementor-element-e4c694d elementor-widget elementor-widget-image\" data-id=\"e4c694d\" data-element_type=\"widget\" data-widget_type=\"image.default\">\n\t\t\t\t<div class=\"elementor-widget-container\">\n\t\t\t\t\t\t\t\t\t\t\t\t\t\t\t<img decoding=\"async\" width=\"1000\" height=\"650\" src=\"https:\/\/www.sino-grate.com\/wp-content\/uploads\/2024\/07\/608b69bd6919d.jpg\" class=\"attachment-large size-large wp-image-3486\" alt=\"\" srcset=\"https:\/\/www.sino-grate.com\/wp-content\/uploads\/2024\/07\/608b69bd6919d.jpg 1000w, https:\/\/www.sino-grate.com\/wp-content\/uploads\/2024\/07\/608b69bd6919d-600x390.jpg 600w, https:\/\/www.sino-grate.com\/wp-content\/uploads\/2024\/07\/608b69bd6919d-800x520.jpg 800w, https:\/\/www.sino-grate.com\/wp-content\/uploads\/2024\/07\/608b69bd6919d-300x195.jpg 300w, https:\/\/www.sino-grate.com\/wp-content\/uploads\/2024\/07\/608b69bd6919d-768x499.jpg 768w\" sizes=\"(max-width: 1000px) 100vw, 1000px\" \/>\t\t\t\t\t\t\t\t\t\t\t\t\t\t\t<\/div>\n\t\t\t\t<\/div>\n\t\t\t\t\t<\/div>\n\t\t<\/div>\n\t\t\t\t\t<\/div>\n\t\t<\/section>\n\t\t\t\t<section class=\"elementor-section elementor-top-section elementor-element elementor-element-ef0c0cb elementor-section-boxed elementor-section-height-default elementor-section-height-default\" data-id=\"ef0c0cb\" data-element_type=\"section\">\n\t\t\t\t\t\t<div class=\"elementor-container elementor-column-gap-default\">\n\t\t\t\t\t<div class=\"elementor-column elementor-col-50 elementor-top-column elementor-element elementor-element-0179b9c\" data-id=\"0179b9c\" data-element_type=\"column\">\n\t\t\t<div class=\"elementor-widget-wrap elementor-element-populated\">\n\t\t\t\t\t\t<div class=\"elementor-element elementor-element-5c281e7 elementor-widget elementor-widget-image\" data-id=\"5c281e7\" data-element_type=\"widget\" data-widget_type=\"image.default\">\n\t\t\t\t<div class=\"elementor-widget-container\">\n\t\t\t\t\t\t\t\t\t\t\t\t\t\t\t<img loading=\"lazy\" decoding=\"async\" width=\"1000\" height=\"650\" src=\"https:\/\/www.sino-grate.com\/wp-content\/uploads\/2024\/07\/608b69c3f2430.jpg\" class=\"attachment-large size-large wp-image-3487\" alt=\"\" srcset=\"https:\/\/www.sino-grate.com\/wp-content\/uploads\/2024\/07\/608b69c3f2430.jpg 1000w, https:\/\/www.sino-grate.com\/wp-content\/uploads\/2024\/07\/608b69c3f2430-600x390.jpg 600w, https:\/\/www.sino-grate.com\/wp-content\/uploads\/2024\/07\/608b69c3f2430-800x520.jpg 800w, https:\/\/www.sino-grate.com\/wp-content\/uploads\/2024\/07\/608b69c3f2430-300x195.jpg 300w, https:\/\/www.sino-grate.com\/wp-content\/uploads\/2024\/07\/608b69c3f2430-768x499.jpg 768w\" sizes=\"(max-width: 1000px) 100vw, 1000px\" \/>\t\t\t\t\t\t\t\t\t\t\t\t\t\t\t<\/div>\n\t\t\t\t<\/div>\n\t\t\t\t\t<\/div>\n\t\t<\/div>\n\t\t\t\t<div class=\"elementor-column elementor-col-50 elementor-top-column elementor-element elementor-element-17000ad\" data-id=\"17000ad\" data-element_type=\"column\">\n\t\t\t<div class=\"elementor-widget-wrap elementor-element-populated\">\n\t\t\t\t\t\t<div class=\"elementor-element elementor-element-da04f2f elementor-widget elementor-widget-image\" data-id=\"da04f2f\" data-element_type=\"widget\" data-widget_type=\"image.default\">\n\t\t\t\t<div class=\"elementor-widget-container\">\n\t\t\t\t\t\t\t\t\t\t\t\t\t\t\t<img loading=\"lazy\" decoding=\"async\" width=\"1000\" height=\"650\" src=\"https:\/\/www.sino-grate.com\/wp-content\/uploads\/2024\/07\/608b69ccc995c.jpg\" class=\"attachment-large size-large wp-image-3488\" alt=\"\" srcset=\"https:\/\/www.sino-grate.com\/wp-content\/uploads\/2024\/07\/608b69ccc995c.jpg 1000w, https:\/\/www.sino-grate.com\/wp-content\/uploads\/2024\/07\/608b69ccc995c-600x390.jpg 600w, https:\/\/www.sino-grate.com\/wp-content\/uploads\/2024\/07\/608b69ccc995c-800x520.jpg 800w, https:\/\/www.sino-grate.com\/wp-content\/uploads\/2024\/07\/608b69ccc995c-300x195.jpg 300w, https:\/\/www.sino-grate.com\/wp-content\/uploads\/2024\/07\/608b69ccc995c-768x499.jpg 768w\" sizes=\"(max-width: 1000px) 100vw, 1000px\" \/>\t\t\t\t\t\t\t\t\t\t\t\t\t\t\t<\/div>\n\t\t\t\t<\/div>\n\t\t\t\t\t<\/div>\n\t\t<\/div>\n\t\t\t\t\t<\/div>\n\t\t<\/section>\n\t\t\t\t<\/div>","protected":false},"excerpt":{"rendered":"<p>The Mini&amp;Micro mesh grating is similar to the production process of FRP molded grating, except that a cross or Tic-Tac-shaped rib is added to the ordinary grating. The small holes on the surface can prevent small objects from falling to the ground through the grating. Sino Composite offers Mini&amp;Micro grating with all the mesh and [&hellip;]<\/p>\n","protected":false},"featured_media":3475,"template":"","meta":{"site-sidebar-layout":"no-sidebar","site-content-layout":"page-builder","ast-site-content-layout":"full-width-container","site-content-style":"unboxed","site-sidebar-style":"unboxed","ast-global-header-display":"","ast-banner-title-visibility":"","ast-main-header-display":"","ast-hfb-above-header-display":"","ast-hfb-below-header-display":"","ast-hfb-mobile-header-display":"","site-post-title":"disabled","ast-breadcrumbs-content":"","ast-featured-img":"disabled","footer-sml-layout":"","theme-transparent-header-meta":"default","adv-header-id-meta":"","stick-header-meta":"","header-above-stick-meta":"","header-main-stick-meta":"","header-below-stick-meta":"","astra-migrate-meta-layouts":"set","ast-page-background-enabled":"default","ast-page-background-meta":{"desktop":{"background-color":"","background-image":"","background-repeat":"repeat","background-position":"center center","background-size":"auto","background-attachment":"scroll","background-type":"","background-media":"","overlay-type":"","overlay-color":"","overlay-opacity":"","overlay-gradient":""},"tablet":{"background-color":"","background-image":"","background-repeat":"repeat","background-position":"center center","background-size":"auto","background-attachment":"scroll","background-type":"","background-media":"","overlay-type":"","overlay-color":"","overlay-opacity":"","overlay-gradient":""},"mobile":{"background-color":"","background-image":"","background-repeat":"repeat","background-position":"center center","background-size":"auto","background-attachment":"scroll","background-type":"","background-media":"","overlay-type":"","overlay-color":"","overlay-opacity":"","overlay-gradient":""}},"ast-content-background-meta":{"desktop":{"background-color":"var(--ast-global-color-5)","background-image":"","background-repeat":"repeat","background-position":"center center","background-size":"auto","background-attachment":"scroll","background-type":"","background-media":"","overlay-type":"","overlay-color":"","overlay-opacity":"","overlay-gradient":""},"tablet":{"background-color":"var(--ast-global-color-5)","background-image":"","background-repeat":"repeat","background-position":"center center","background-size":"auto","background-attachment":"scroll","background-type":"","background-media":"","overlay-type":"","overlay-color":"","overlay-opacity":"","overlay-gradient":""},"mobile":{"background-color":"var(--ast-global-color-5)","background-image":"","background-repeat":"repeat","background-position":"center center","background-size":"auto","background-attachment":"scroll","background-type":"","background-media":"","overlay-type":"","overlay-color":"","overlay-opacity":"","overlay-gradient":""}}},"product_brand":[],"product_cat":[86],"product_tag":[93,91],"class_list":{"0":"post-3474","1":"product","2":"type-product","3":"status-publish","4":"has-post-thumbnail","6":"product_cat-frp-molded-grating","7":"product_tag-frp-grating","8":"product_tag-frp-molded-grating","9":"desktop-align-left","10":"tablet-align-left","11":"mobile-align-left","12":"ast-product-gallery-layout-horizontal-slider","13":"ast-magnify-disabled","14":"ast-product-tabs-layout-horizontal","16":"first","17":"instock","18":"shipping-taxable","19":"product-type-simple"},"yoast_head":"<!-- This site is optimized with the Yoast SEO plugin v26.6 - https:\/\/yoast.com\/wordpress\/plugins\/seo\/ -->\n<title>FRP Mini&amp;Micro Mesh Molded Grating - China FRP Grating, FRP Profiles, Grating Clips Suppliers, Manufacturers, Factory - Sino Grating<\/title>\n<meta name=\"robots\" content=\"index, follow, max-snippet:-1, max-image-preview:large, max-video-preview:-1\" \/>\n<link rel=\"canonical\" href=\"https:\/\/www.sino-grate.com\/fr\/produit\/frp-minimicro-mesh-molded-grating\/\" \/>\n<meta property=\"og:locale\" content=\"fr_FR\" \/>\n<meta property=\"og:type\" content=\"article\" \/>\n<meta property=\"og:title\" content=\"FRP Mini&amp;Micro Mesh Molded Grating - China FRP Grating, FRP Profiles, Grating Clips Suppliers, Manufacturers, Factory - Sino Grating\" \/>\n<meta property=\"og:description\" content=\"The Mini&amp;Micro mesh grating is similar to the production process of FRP molded grating, except that a cross or Tic-Tac-shaped rib is added to the ordinary grating. The small holes on the surface can prevent small objects from falling to the ground through the grating. Sino Composite offers Mini&amp;Micro grating with all the mesh and [&hellip;]\" \/>\n<meta property=\"og:url\" content=\"https:\/\/www.sino-grate.com\/fr\/produit\/frp-minimicro-mesh-molded-grating\/\" \/>\n<meta property=\"og:site_name\" content=\"China FRP Grating, FRP Profiles, Grating Clips Suppliers, Manufacturers, Factory - Sino Grating\" \/>\n<meta property=\"article:modified_time\" content=\"2024-07-09T05:49:28+00:00\" \/>\n<meta property=\"og:image\" content=\"https:\/\/www.sino-grate.com\/wp-content\/uploads\/2024\/07\/1688440256701595.jpg\" \/>\n\t<meta property=\"og:image:width\" content=\"502\" \/>\n\t<meta property=\"og:image:height\" content=\"326\" \/>\n\t<meta property=\"og:image:type\" content=\"image\/jpeg\" \/>\n<meta name=\"twitter:card\" content=\"summary_large_image\" \/>\n<script type=\"application\/ld+json\" class=\"yoast-schema-graph\">{\"@context\":\"https:\/\/schema.org\",\"@graph\":[{\"@type\":\"WebPage\",\"@id\":\"https:\/\/www.sino-grate.com\/product\/frp-minimicro-mesh-molded-grating\/\",\"url\":\"https:\/\/www.sino-grate.com\/product\/frp-minimicro-mesh-molded-grating\/\",\"name\":\"FRP Mini&Micro Mesh Molded Grating - China FRP Grating, FRP Profiles, Grating Clips Suppliers, Manufacturers, Factory - Sino Grating\",\"isPartOf\":{\"@id\":\"https:\/\/www.sino-grate.com\/#website\"},\"primaryImageOfPage\":{\"@id\":\"https:\/\/www.sino-grate.com\/product\/frp-minimicro-mesh-molded-grating\/#primaryimage\"},\"image\":{\"@id\":\"https:\/\/www.sino-grate.com\/product\/frp-minimicro-mesh-molded-grating\/#primaryimage\"},\"thumbnailUrl\":\"https:\/\/www.sino-grate.com\/wp-content\/uploads\/2024\/07\/1688440256701595.jpg\",\"datePublished\":\"2024-07-09T05:11:02+00:00\",\"dateModified\":\"2024-07-09T05:49:28+00:00\",\"breadcrumb\":{\"@id\":\"https:\/\/www.sino-grate.com\/product\/frp-minimicro-mesh-molded-grating\/#breadcrumb\"},\"inLanguage\":\"fr-FR\",\"potentialAction\":[{\"@type\":\"ReadAction\",\"target\":[\"https:\/\/www.sino-grate.com\/product\/frp-minimicro-mesh-molded-grating\/\"]}]},{\"@type\":\"ImageObject\",\"inLanguage\":\"fr-FR\",\"@id\":\"https:\/\/www.sino-grate.com\/product\/frp-minimicro-mesh-molded-grating\/#primaryimage\",\"url\":\"https:\/\/www.sino-grate.com\/wp-content\/uploads\/2024\/07\/1688440256701595.jpg\",\"contentUrl\":\"https:\/\/www.sino-grate.com\/wp-content\/uploads\/2024\/07\/1688440256701595.jpg\",\"width\":502,\"height\":326,\"caption\":\"FRP Mini&Micro Mesh Molded Grating\"},{\"@type\":\"BreadcrumbList\",\"@id\":\"https:\/\/www.sino-grate.com\/product\/frp-minimicro-mesh-molded-grating\/#breadcrumb\",\"itemListElement\":[{\"@type\":\"ListItem\",\"position\":1,\"name\":\"Home\",\"item\":\"https:\/\/www.sino-grate.com\/\"},{\"@type\":\"ListItem\",\"position\":2,\"name\":\"Products\",\"item\":\"https:\/\/www.sino-grate.com\/shop\/\"},{\"@type\":\"ListItem\",\"position\":3,\"name\":\"FRP Mini&#038;Micro Mesh Molded Grating\"}]},{\"@type\":\"WebSite\",\"@id\":\"https:\/\/www.sino-grate.com\/#website\",\"url\":\"https:\/\/www.sino-grate.com\/\",\"name\":\"China FRP Grating, FRP Profiles, Grating Clips Suppliers, Manufacturers, Factory - Sino Grating\",\"description\":\"Sino composite provides with excellent quality FRP grating, FRP profiles, FRP structures, other FRP products and clip accessories. We provide all-round services from design, helping customers with model selection, production, pre-assembly, and transportation.\",\"publisher\":{\"@id\":\"https:\/\/www.sino-grate.com\/#organization\"},\"potentialAction\":[{\"@type\":\"SearchAction\",\"target\":{\"@type\":\"EntryPoint\",\"urlTemplate\":\"https:\/\/www.sino-grate.com\/?s={search_term_string}\"},\"query-input\":{\"@type\":\"PropertyValueSpecification\",\"valueRequired\":true,\"valueName\":\"search_term_string\"}}],\"inLanguage\":\"fr-FR\"},{\"@type\":\"Organization\",\"@id\":\"https:\/\/www.sino-grate.com\/#organization\",\"name\":\"Sino Composite Structures Co.,Ltd.\",\"url\":\"https:\/\/www.sino-grate.com\/\",\"logo\":{\"@type\":\"ImageObject\",\"inLanguage\":\"fr-FR\",\"@id\":\"https:\/\/www.sino-grate.com\/#\/schema\/logo\/image\/\",\"url\":\"https:\/\/www.sino-grate.com\/wp-content\/uploads\/2023\/06\/sino_logo1.png\",\"contentUrl\":\"https:\/\/www.sino-grate.com\/wp-content\/uploads\/2023\/06\/sino_logo1.png\",\"width\":834,\"height\":125,\"caption\":\"Sino Composite Structures Co.,Ltd.\"},\"image\":{\"@id\":\"https:\/\/www.sino-grate.com\/#\/schema\/logo\/image\/\"}}]}<\/script>\n<!-- \/ Yoast SEO plugin. -->","yoast_head_json":{"title":"Caillebotis moul\u00e9 FRP Mini&amp;Micro Mesh - Caillebotis FRP, Profil\u00e9s FRP, Clips de caillebotis, Fournisseurs, Fabricants, Usine de Chine - Sino Grating","robots":{"index":"index","follow":"follow","max-snippet":"max-snippet:-1","max-image-preview":"max-image-preview:large","max-video-preview":"max-video-preview:-1"},"canonical":"https:\/\/www.sino-grate.com\/fr\/produit\/frp-minimicro-mesh-molded-grating\/","og_locale":"fr_FR","og_type":"article","og_title":"FRP Mini&Micro Mesh Molded Grating - China FRP Grating, FRP Profiles, Grating Clips Suppliers, Manufacturers, Factory - Sino Grating","og_description":"The Mini&amp;Micro mesh grating is similar to the production process of FRP molded grating, except that a cross or Tic-Tac-shaped rib is added to the ordinary grating. The small holes on the surface can prevent small objects from falling to the ground through the grating. Sino Composite offers Mini&amp;Micro grating with all the mesh and [&hellip;]","og_url":"https:\/\/www.sino-grate.com\/fr\/produit\/frp-minimicro-mesh-molded-grating\/","og_site_name":"China FRP Grating, FRP Profiles, Grating Clips Suppliers, Manufacturers, Factory - Sino Grating","article_modified_time":"2024-07-09T05:49:28+00:00","og_image":[{"width":502,"height":326,"url":"https:\/\/www.sino-grate.com\/wp-content\/uploads\/2024\/07\/1688440256701595.jpg","type":"image\/jpeg"}],"twitter_card":"summary_large_image","schema":{"@context":"https:\/\/schema.org","@graph":[{"@type":"WebPage","@id":"https:\/\/www.sino-grate.com\/product\/frp-minimicro-mesh-molded-grating\/","url":"https:\/\/www.sino-grate.com\/product\/frp-minimicro-mesh-molded-grating\/","name":"Caillebotis moul\u00e9 FRP Mini&amp;Micro Mesh - Caillebotis FRP, Profil\u00e9s FRP, Clips de caillebotis, Fournisseurs, Fabricants, Usine de Chine - Sino Grating","isPartOf":{"@id":"https:\/\/www.sino-grate.com\/#website"},"primaryImageOfPage":{"@id":"https:\/\/www.sino-grate.com\/product\/frp-minimicro-mesh-molded-grating\/#primaryimage"},"image":{"@id":"https:\/\/www.sino-grate.com\/product\/frp-minimicro-mesh-molded-grating\/#primaryimage"},"thumbnailUrl":"https:\/\/www.sino-grate.com\/wp-content\/uploads\/2024\/07\/1688440256701595.jpg","datePublished":"2024-07-09T05:11:02+00:00","dateModified":"2024-07-09T05:49:28+00:00","breadcrumb":{"@id":"https:\/\/www.sino-grate.com\/product\/frp-minimicro-mesh-molded-grating\/#breadcrumb"},"inLanguage":"fr-FR","potentialAction":[{"@type":"ReadAction","target":["https:\/\/www.sino-grate.com\/product\/frp-minimicro-mesh-molded-grating\/"]}]},{"@type":"ImageObject","inLanguage":"fr-FR","@id":"https:\/\/www.sino-grate.com\/product\/frp-minimicro-mesh-molded-grating\/#primaryimage","url":"https:\/\/www.sino-grate.com\/wp-content\/uploads\/2024\/07\/1688440256701595.jpg","contentUrl":"https:\/\/www.sino-grate.com\/wp-content\/uploads\/2024\/07\/1688440256701595.jpg","width":502,"height":326,"caption":"FRP Mini&Micro Mesh Molded Grating"},{"@type":"BreadcrumbList","@id":"https:\/\/www.sino-grate.com\/product\/frp-minimicro-mesh-molded-grating\/#breadcrumb","itemListElement":[{"@type":"ListItem","position":1,"name":"Home","item":"https:\/\/www.sino-grate.com\/"},{"@type":"ListItem","position":2,"name":"Products","item":"https:\/\/www.sino-grate.com\/shop\/"},{"@type":"ListItem","position":3,"name":"FRP Mini&#038;Micro Mesh Molded Grating"}]},{"@type":"WebSite","@id":"https:\/\/www.sino-grate.com\/#website","url":"https:\/\/www.sino-grate.com\/","name":"Chine Caillebotis en PRFV, profil\u00e9s en PRFV, clips pour caillebotis Fournisseurs, fabricants, usine - Sino Grating","description":"Sino composite fournit des caillebotis en PRFV, des profil\u00e9s en PRFV, des structures en PRFV, d'autres produits en PRFV et des accessoires de clip d'excellente qualit\u00e9. Nous fournissons des services complets, depuis la conception jusqu'\u00e0 la production, le pr\u00e9-assemblage et le transport, en passant par l'assistance aux clients dans la s\u00e9lection des mod\u00e8les.","publisher":{"@id":"https:\/\/www.sino-grate.com\/#organization"},"potentialAction":[{"@type":"SearchAction","target":{"@type":"EntryPoint","urlTemplate":"https:\/\/www.sino-grate.com\/?s={search_term_string}"},"query-input":{"@type":"PropertyValueSpecification","valueRequired":true,"valueName":"search_term_string"}}],"inLanguage":"fr-FR"},{"@type":"Organization","@id":"https:\/\/www.sino-grate.com\/#organization","name":"Sino Composite Structures Co, Ltd.","url":"https:\/\/www.sino-grate.com\/","logo":{"@type":"ImageObject","inLanguage":"fr-FR","@id":"https:\/\/www.sino-grate.com\/#\/schema\/logo\/image\/","url":"https:\/\/www.sino-grate.com\/wp-content\/uploads\/2023\/06\/sino_logo1.png","contentUrl":"https:\/\/www.sino-grate.com\/wp-content\/uploads\/2023\/06\/sino_logo1.png","width":834,"height":125,"caption":"Sino Composite Structures Co.,Ltd."},"image":{"@id":"https:\/\/www.sino-grate.com\/#\/schema\/logo\/image\/"}}]}},"_links":{"self":[{"href":"https:\/\/www.sino-grate.com\/fr\/wp-json\/wp\/v2\/product\/3474","targetHints":{"allow":["GET"]}}],"collection":[{"href":"https:\/\/www.sino-grate.com\/fr\/wp-json\/wp\/v2\/product"}],"about":[{"href":"https:\/\/www.sino-grate.com\/fr\/wp-json\/wp\/v2\/types\/product"}],"version-history":[{"count":8,"href":"https:\/\/www.sino-grate.com\/fr\/wp-json\/wp\/v2\/product\/3474\/revisions"}],"predecessor-version":[{"id":3493,"href":"https:\/\/www.sino-grate.com\/fr\/wp-json\/wp\/v2\/product\/3474\/revisions\/3493"}],"wp:featuredmedia":[{"embeddable":true,"href":"https:\/\/www.sino-grate.com\/fr\/wp-json\/wp\/v2\/media\/3475"}],"wp:attachment":[{"href":"https:\/\/www.sino-grate.com\/fr\/wp-json\/wp\/v2\/media?parent=3474"}],"wp:term":[{"taxonomy":"product_brand","embeddable":true,"href":"https:\/\/www.sino-grate.com\/fr\/wp-json\/wp\/v2\/product_brand?post=3474"},{"taxonomy":"product_cat","embeddable":true,"href":"https:\/\/www.sino-grate.com\/fr\/wp-json\/wp\/v2\/product_cat?post=3474"},{"taxonomy":"product_tag","embeddable":true,"href":"https:\/\/www.sino-grate.com\/fr\/wp-json\/wp\/v2\/product_tag?post=3474"}],"curies":[{"name":"wp","href":"https:\/\/api.w.org\/{rel}","templated":true}]}}