{"id":3945,"date":"2024-07-10T16:38:16","date_gmt":"2024-07-10T08:38:16","guid":{"rendered":"http:\/\/elementorwp.my.yxly8.com\/?post_type=product&#038;p=3945"},"modified":"2024-07-10T16:40:45","modified_gmt":"2024-07-10T08:40:45","slug":"frp-transparent-grating","status":"publish","type":"product","link":"https:\/\/www.sino-grate.com\/fr\/produit\/frp-transparent-grating\/","title":{"rendered":"Grille transparente en FRP"},"content":{"rendered":"<div data-elementor-type=\"product-post\" data-elementor-id=\"3945\" class=\"elementor elementor-3945\" data-elementor-post-type=\"product\">\n\t\t\t\t\t\t<section class=\"elementor-section elementor-top-section elementor-element elementor-element-00fc119 elementor-section-boxed elementor-section-height-default elementor-section-height-default\" data-id=\"00fc119\" data-element_type=\"section\">\n\t\t\t\t\t\t<div class=\"elementor-container elementor-column-gap-default\">\n\t\t\t\t\t<div class=\"elementor-column elementor-col-100 elementor-top-column elementor-element elementor-element-82d743c\" data-id=\"82d743c\" data-element_type=\"column\">\n\t\t\t<div class=\"elementor-widget-wrap elementor-element-populated\">\n\t\t\t\t\t\t<div class=\"elementor-element elementor-element-50015c5 elementor-widget elementor-widget-text-editor\" data-id=\"50015c5\" data-element_type=\"widget\" data-widget_type=\"text-editor.default\">\n\t\t\t\t<div class=\"elementor-widget-container\">\n\t\t\t\t\t\t\t\t\t<p>Sino Composite propose des caillebotis FRP transparents.<\/p><p>Compar\u00e9 au caillebotis FRP ordinaire, le caillebotis moul\u00e9 transparent est compos\u00e9 de r\u00e9sine pure et d'un faible pourcentage de pigments. Cette propri\u00e9t\u00e9 conf\u00e8re au caillebotis une grande transmission de la lumi\u00e8re. Le caillebotis FRP transparent de Sino Composite conserve des propri\u00e9t\u00e9s m\u00e9caniques \u00e9lev\u00e9es et une bonne r\u00e9sistance \u00e0 la corrosion.<\/p>\t\t\t\t\t\t\t\t<\/div>\n\t\t\t\t<\/div>\n\t\t\t\t<div class=\"elementor-element elementor-element-6d195b8 elementor-widget elementor-widget-gallery\" data-id=\"6d195b8\" data-element_type=\"widget\" data-settings=\"{&quot;gallery_layout&quot;:&quot;masonry&quot;,&quot;columns&quot;:2,&quot;gap&quot;:{&quot;unit&quot;:&quot;px&quot;,&quot;size&quot;:20,&quot;sizes&quot;:[]},&quot;lazyload&quot;:&quot;yes&quot;,&quot;columns_tablet&quot;:2,&quot;columns_mobile&quot;:1,&quot;gap_tablet&quot;:{&quot;unit&quot;:&quot;px&quot;,&quot;size&quot;:10,&quot;sizes&quot;:[]},&quot;gap_mobile&quot;:{&quot;unit&quot;:&quot;px&quot;,&quot;size&quot;:10,&quot;sizes&quot;:[]},&quot;link_to&quot;:&quot;file&quot;,&quot;overlay_background&quot;:&quot;yes&quot;,&quot;content_hover_animation&quot;:&quot;fade-in&quot;}\" data-widget_type=\"gallery.default\">\n\t\t\t\t<div class=\"elementor-widget-container\">\n\t\t\t\t\t\t\t<div class=\"elementor-gallery__container\">\n\t\t\t\t\t\t\t<a class=\"e-gallery-item elementor-gallery-item elementor-animated-content\" href=\"https:\/\/www.sino-grate.com\/wp-content\/uploads\/2024\/07\/1688438323537537.jpg\" data-elementor-open-lightbox=\"yes\" data-elementor-lightbox-slideshow=\"6d195b8\" data-elementor-lightbox-title=\"1688438323537537\" data-e-action-hash=\"#elementor-action%3Aaction%3Dlightbox%26settings%3DeyJpZCI6Mzk0NiwidXJsIjoiaHR0cHM6XC9cL3d3dy5zaW5vLWdyYXRlLmNvbVwvd3AtY29udGVudFwvdXBsb2Fkc1wvMjAyNFwvMDdcLzE2ODg0MzgzMjM1Mzc1MzcuanBnIiwic2xpZGVzaG93IjoiNmQxOTViOCJ9\">\n\t\t\t\t\t<div class=\"e-gallery-image elementor-gallery-item__image\" data-thumbnail=\"https:\/\/www.sino-grate.com\/wp-content\/uploads\/2024\/07\/1688438323537537-300x195.jpg\" data-width=\"300\" data-height=\"195\" aria-label=\"Grille transparente en FRP\" role=\"img\" ><\/div>\n\t\t\t\t\t\t\t\t\t\t\t<div class=\"elementor-gallery-item__overlay\"><\/div>\n\t\t\t\t\t\t\t\t\t\t\t\t\t\t<\/a>\n\t\t\t\t\t\t\t<a class=\"e-gallery-item elementor-gallery-item elementor-animated-content\" href=\"https:\/\/www.sino-grate.com\/wp-content\/uploads\/2024\/07\/1688438327712261.jpg\" data-elementor-open-lightbox=\"yes\" data-elementor-lightbox-slideshow=\"6d195b8\" data-elementor-lightbox-title=\"1688438327712261\" data-e-action-hash=\"#elementor-action%3Aaction%3Dlightbox%26settings%3DeyJpZCI6Mzk0OSwidXJsIjoiaHR0cHM6XC9cL3d3dy5zaW5vLWdyYXRlLmNvbVwvd3AtY29udGVudFwvdXBsb2Fkc1wvMjAyNFwvMDdcLzE2ODg0MzgzMjc3MTIyNjEuanBnIiwic2xpZGVzaG93IjoiNmQxOTViOCJ9\">\n\t\t\t\t\t<div class=\"e-gallery-image elementor-gallery-item__image\" data-thumbnail=\"https:\/\/www.sino-grate.com\/wp-content\/uploads\/2024\/07\/1688438327712261-300x195.jpg\" data-width=\"300\" data-height=\"195\" aria-label=\"\" role=\"img\" ><\/div>\n\t\t\t\t\t\t\t\t\t\t\t<div class=\"elementor-gallery-item__overlay\"><\/div>\n\t\t\t\t\t\t\t\t\t\t\t\t\t\t<\/a>\n\t\t\t\t\t<\/div>\n\t\t\t\t\t<\/div>\n\t\t\t\t<\/div>\n\t\t\t\t<div class=\"elementor-element elementor-element-556b496 elementor-widget elementor-widget-text-editor\" data-id=\"556b496\" data-element_type=\"widget\" data-widget_type=\"text-editor.default\">\n\t\t\t\t<div class=\"elementor-widget-container\">\n\t\t\t\t\t\t\t\t\t<p>Les caillebotis transparents en PRFV de Sino Composite sont principalement utilis\u00e9s pour la d\u00e9coration architecturale et les rideaux,<\/p><p>Les grilles moul\u00e9es transparentes ont \u00e9galement une s\u00e9rie d'applications industrielles, telles que les grilles de sol, la d\u00e9coration des murs des b\u00e2timents, les couvercles de drainage. Nous proposons trois types de surface : mate, lisse et concave.<\/p>\t\t\t\t\t\t\t\t<\/div>\n\t\t\t\t<\/div>\n\t\t\t\t\t<\/div>\n\t\t<\/div>\n\t\t\t\t\t<\/div>\n\t\t<\/section>\n\t\t\t\t<\/div>","protected":false},"excerpt":{"rendered":"<p>Sino Composite offers transparent FRP grating. Compared to regular FRP grating, transparent molded grating is with pure resin and with small percentage of pigment. This property makes this grating with great transmission of light. Sino Composite transparent FRP grating remains high mechanical properties, good corrosion resistance. Sino Composite transparent FRP gratings are mainly used as [&hellip;]<\/p>\n","protected":false},"featured_media":3946,"template":"","meta":{"site-sidebar-layout":"no-sidebar","site-content-layout":"page-builder","ast-site-content-layout":"full-width-container","site-content-style":"default","site-sidebar-style":"default","ast-global-header-display":"","ast-banner-title-visibility":"","ast-main-header-display":"","ast-hfb-above-header-display":"","ast-hfb-below-header-display":"","ast-hfb-mobile-header-display":"","site-post-title":"disabled","ast-breadcrumbs-content":"","ast-featured-img":"disabled","footer-sml-layout":"","theme-transparent-header-meta":"default","adv-header-id-meta":"","stick-header-meta":"","header-above-stick-meta":"","header-main-stick-meta":"","header-below-stick-meta":"","astra-migrate-meta-layouts":"set","ast-page-background-enabled":"default","ast-page-background-meta":{"desktop":{"background-color":"","background-image":"","background-repeat":"repeat","background-position":"center center","background-size":"auto","background-attachment":"scroll","background-type":"","background-media":"","overlay-type":"","overlay-color":"","overlay-opacity":"","overlay-gradient":""},"tablet":{"background-color":"","background-image":"","background-repeat":"repeat","background-position":"center center","background-size":"auto","background-attachment":"scroll","background-type":"","background-media":"","overlay-type":"","overlay-color":"","overlay-opacity":"","overlay-gradient":""},"mobile":{"background-color":"","background-image":"","background-repeat":"repeat","background-position":"center center","background-size":"auto","background-attachment":"scroll","background-type":"","background-media":"","overlay-type":"","overlay-color":"","overlay-opacity":"","overlay-gradient":""}},"ast-content-background-meta":{"desktop":{"background-color":"var(--ast-global-color-5)","background-image":"","background-repeat":"repeat","background-position":"center center","background-size":"auto","background-attachment":"scroll","background-type":"","background-media":"","overlay-type":"","overlay-color":"","overlay-opacity":"","overlay-gradient":""},"tablet":{"background-color":"var(--ast-global-color-5)","background-image":"","background-repeat":"repeat","background-position":"center center","background-size":"auto","background-attachment":"scroll","background-type":"","background-media":"","overlay-type":"","overlay-color":"","overlay-opacity":"","overlay-gradient":""},"mobile":{"background-color":"var(--ast-global-color-5)","background-image":"","background-repeat":"repeat","background-position":"center center","background-size":"auto","background-attachment":"scroll","background-type":"","background-media":"","overlay-type":"","overlay-color":"","overlay-opacity":"","overlay-gradient":""}}},"product_brand":[],"product_cat":[86],"product_tag":[93,91,104],"class_list":{"0":"post-3945","1":"product","2":"type-product","3":"status-publish","4":"has-post-thumbnail","6":"product_cat-frp-molded-grating","7":"product_tag-frp-grating","8":"product_tag-frp-molded-grating","9":"product_tag-frp-transparent-grating","10":"desktop-align-left","11":"tablet-align-left","12":"mobile-align-left","13":"ast-product-gallery-layout-horizontal-slider","14":"ast-magnify-disabled","15":"ast-product-tabs-layout-horizontal","17":"first","18":"instock","19":"shipping-taxable","20":"product-type-simple"},"yoast_head":"<!-- This site is optimized with the Yoast SEO plugin v26.6 - https:\/\/yoast.com\/wordpress\/plugins\/seo\/ -->\n<title>FRP Transparent Grating - China FRP Grating, FRP Profiles, Grating Clips Suppliers, Manufacturers, Factory - Sino Grating<\/title>\n<meta name=\"robots\" content=\"index, follow, max-snippet:-1, max-image-preview:large, max-video-preview:-1\" \/>\n<link rel=\"canonical\" href=\"https:\/\/www.sino-grate.com\/fr\/produit\/frp-transparent-grating\/\" \/>\n<meta property=\"og:locale\" content=\"fr_FR\" \/>\n<meta property=\"og:type\" content=\"article\" \/>\n<meta property=\"og:title\" content=\"FRP Transparent Grating - China FRP Grating, FRP Profiles, Grating Clips Suppliers, Manufacturers, Factory - Sino Grating\" \/>\n<meta property=\"og:description\" content=\"Sino Composite offers transparent FRP grating. Compared to regular FRP grating, transparent molded grating is with pure resin and with small percentage of pigment. This property makes this grating with great transmission of light. Sino Composite transparent FRP grating remains high mechanical properties, good corrosion resistance. Sino Composite transparent FRP gratings are mainly used as [&hellip;]\" \/>\n<meta property=\"og:url\" content=\"https:\/\/www.sino-grate.com\/fr\/produit\/frp-transparent-grating\/\" \/>\n<meta property=\"og:site_name\" content=\"China FRP Grating, FRP Profiles, Grating Clips Suppliers, Manufacturers, Factory - Sino Grating\" \/>\n<meta property=\"article:modified_time\" content=\"2024-07-10T08:40:45+00:00\" \/>\n<meta property=\"og:image\" content=\"https:\/\/www.sino-grate.com\/wp-content\/uploads\/2024\/07\/1688438323537537.jpg\" \/>\n\t<meta property=\"og:image:width\" content=\"502\" \/>\n\t<meta property=\"og:image:height\" content=\"326\" \/>\n\t<meta property=\"og:image:type\" content=\"image\/jpeg\" \/>\n<meta name=\"twitter:card\" content=\"summary_large_image\" \/>\n<script type=\"application\/ld+json\" class=\"yoast-schema-graph\">{\"@context\":\"https:\/\/schema.org\",\"@graph\":[{\"@type\":\"WebPage\",\"@id\":\"https:\/\/www.sino-grate.com\/product\/frp-transparent-grating\/\",\"url\":\"https:\/\/www.sino-grate.com\/product\/frp-transparent-grating\/\",\"name\":\"FRP Transparent Grating - China FRP Grating, FRP Profiles, Grating Clips Suppliers, Manufacturers, Factory - Sino Grating\",\"isPartOf\":{\"@id\":\"https:\/\/www.sino-grate.com\/#website\"},\"primaryImageOfPage\":{\"@id\":\"https:\/\/www.sino-grate.com\/product\/frp-transparent-grating\/#primaryimage\"},\"image\":{\"@id\":\"https:\/\/www.sino-grate.com\/product\/frp-transparent-grating\/#primaryimage\"},\"thumbnailUrl\":\"https:\/\/www.sino-grate.com\/wp-content\/uploads\/2024\/07\/1688438323537537.jpg\",\"datePublished\":\"2024-07-10T08:38:16+00:00\",\"dateModified\":\"2024-07-10T08:40:45+00:00\",\"breadcrumb\":{\"@id\":\"https:\/\/www.sino-grate.com\/product\/frp-transparent-grating\/#breadcrumb\"},\"inLanguage\":\"fr-FR\",\"potentialAction\":[{\"@type\":\"ReadAction\",\"target\":[\"https:\/\/www.sino-grate.com\/product\/frp-transparent-grating\/\"]}]},{\"@type\":\"ImageObject\",\"inLanguage\":\"fr-FR\",\"@id\":\"https:\/\/www.sino-grate.com\/product\/frp-transparent-grating\/#primaryimage\",\"url\":\"https:\/\/www.sino-grate.com\/wp-content\/uploads\/2024\/07\/1688438323537537.jpg\",\"contentUrl\":\"https:\/\/www.sino-grate.com\/wp-content\/uploads\/2024\/07\/1688438323537537.jpg\",\"width\":502,\"height\":326,\"caption\":\"FRP Transparent Grating\"},{\"@type\":\"BreadcrumbList\",\"@id\":\"https:\/\/www.sino-grate.com\/product\/frp-transparent-grating\/#breadcrumb\",\"itemListElement\":[{\"@type\":\"ListItem\",\"position\":1,\"name\":\"Home\",\"item\":\"https:\/\/www.sino-grate.com\/\"},{\"@type\":\"ListItem\",\"position\":2,\"name\":\"Products\",\"item\":\"https:\/\/www.sino-grate.com\/shop\/\"},{\"@type\":\"ListItem\",\"position\":3,\"name\":\"FRP Transparent Grating\"}]},{\"@type\":\"WebSite\",\"@id\":\"https:\/\/www.sino-grate.com\/#website\",\"url\":\"https:\/\/www.sino-grate.com\/\",\"name\":\"China FRP Grating, FRP Profiles, Grating Clips Suppliers, Manufacturers, Factory - Sino Grating\",\"description\":\"Sino composite provides with excellent quality FRP grating, FRP profiles, FRP structures, other FRP products and clip accessories. We provide all-round services from design, helping customers with model selection, production, pre-assembly, and transportation.\",\"publisher\":{\"@id\":\"https:\/\/www.sino-grate.com\/#organization\"},\"potentialAction\":[{\"@type\":\"SearchAction\",\"target\":{\"@type\":\"EntryPoint\",\"urlTemplate\":\"https:\/\/www.sino-grate.com\/?s={search_term_string}\"},\"query-input\":{\"@type\":\"PropertyValueSpecification\",\"valueRequired\":true,\"valueName\":\"search_term_string\"}}],\"inLanguage\":\"fr-FR\"},{\"@type\":\"Organization\",\"@id\":\"https:\/\/www.sino-grate.com\/#organization\",\"name\":\"Sino Composite Structures Co.,Ltd.\",\"url\":\"https:\/\/www.sino-grate.com\/\",\"logo\":{\"@type\":\"ImageObject\",\"inLanguage\":\"fr-FR\",\"@id\":\"https:\/\/www.sino-grate.com\/#\/schema\/logo\/image\/\",\"url\":\"https:\/\/www.sino-grate.com\/wp-content\/uploads\/2023\/06\/sino_logo1.png\",\"contentUrl\":\"https:\/\/www.sino-grate.com\/wp-content\/uploads\/2023\/06\/sino_logo1.png\",\"width\":834,\"height\":125,\"caption\":\"Sino Composite Structures Co.,Ltd.\"},\"image\":{\"@id\":\"https:\/\/www.sino-grate.com\/#\/schema\/logo\/image\/\"}}]}<\/script>\n<!-- \/ Yoast SEO plugin. -->","yoast_head_json":{"title":"Caillebotis transparent en FRP - Caillebotis en FRP, profil\u00e9s en FRP, clips pour caillebotis, fournisseurs, fabricants, usine de Chine - Sino Grating","robots":{"index":"index","follow":"follow","max-snippet":"max-snippet:-1","max-image-preview":"max-image-preview:large","max-video-preview":"max-video-preview:-1"},"canonical":"https:\/\/www.sino-grate.com\/fr\/produit\/frp-transparent-grating\/","og_locale":"fr_FR","og_type":"article","og_title":"FRP Transparent Grating - China FRP Grating, FRP Profiles, Grating Clips Suppliers, Manufacturers, Factory - Sino Grating","og_description":"Sino Composite offers transparent FRP grating. Compared to regular FRP grating, transparent molded grating is with pure resin and with small percentage of pigment. This property makes this grating with great transmission of light. Sino Composite transparent FRP grating remains high mechanical properties, good corrosion resistance. Sino Composite transparent FRP gratings are mainly used as [&hellip;]","og_url":"https:\/\/www.sino-grate.com\/fr\/produit\/frp-transparent-grating\/","og_site_name":"China FRP Grating, FRP Profiles, Grating Clips Suppliers, Manufacturers, Factory - Sino Grating","article_modified_time":"2024-07-10T08:40:45+00:00","og_image":[{"width":502,"height":326,"url":"https:\/\/www.sino-grate.com\/wp-content\/uploads\/2024\/07\/1688438323537537.jpg","type":"image\/jpeg"}],"twitter_card":"summary_large_image","schema":{"@context":"https:\/\/schema.org","@graph":[{"@type":"WebPage","@id":"https:\/\/www.sino-grate.com\/product\/frp-transparent-grating\/","url":"https:\/\/www.sino-grate.com\/product\/frp-transparent-grating\/","name":"Caillebotis transparent en FRP - Caillebotis en FRP, profil\u00e9s en FRP, clips pour caillebotis, fournisseurs, fabricants, usine de Chine - Sino Grating","isPartOf":{"@id":"https:\/\/www.sino-grate.com\/#website"},"primaryImageOfPage":{"@id":"https:\/\/www.sino-grate.com\/product\/frp-transparent-grating\/#primaryimage"},"image":{"@id":"https:\/\/www.sino-grate.com\/product\/frp-transparent-grating\/#primaryimage"},"thumbnailUrl":"https:\/\/www.sino-grate.com\/wp-content\/uploads\/2024\/07\/1688438323537537.jpg","datePublished":"2024-07-10T08:38:16+00:00","dateModified":"2024-07-10T08:40:45+00:00","breadcrumb":{"@id":"https:\/\/www.sino-grate.com\/product\/frp-transparent-grating\/#breadcrumb"},"inLanguage":"fr-FR","potentialAction":[{"@type":"ReadAction","target":["https:\/\/www.sino-grate.com\/product\/frp-transparent-grating\/"]}]},{"@type":"ImageObject","inLanguage":"fr-FR","@id":"https:\/\/www.sino-grate.com\/product\/frp-transparent-grating\/#primaryimage","url":"https:\/\/www.sino-grate.com\/wp-content\/uploads\/2024\/07\/1688438323537537.jpg","contentUrl":"https:\/\/www.sino-grate.com\/wp-content\/uploads\/2024\/07\/1688438323537537.jpg","width":502,"height":326,"caption":"FRP Transparent Grating"},{"@type":"BreadcrumbList","@id":"https:\/\/www.sino-grate.com\/product\/frp-transparent-grating\/#breadcrumb","itemListElement":[{"@type":"ListItem","position":1,"name":"Home","item":"https:\/\/www.sino-grate.com\/"},{"@type":"ListItem","position":2,"name":"Products","item":"https:\/\/www.sino-grate.com\/shop\/"},{"@type":"ListItem","position":3,"name":"FRP Transparent Grating"}]},{"@type":"WebSite","@id":"https:\/\/www.sino-grate.com\/#website","url":"https:\/\/www.sino-grate.com\/","name":"Chine Caillebotis en PRFV, profil\u00e9s en PRFV, clips pour caillebotis Fournisseurs, fabricants, usine - Sino Grating","description":"Sino composite fournit des caillebotis en PRFV, des profil\u00e9s en PRFV, des structures en PRFV, d'autres produits en PRFV et des accessoires de clip d'excellente qualit\u00e9. Nous fournissons des services complets, depuis la conception jusqu'\u00e0 la production, le pr\u00e9-assemblage et le transport, en passant par l'assistance aux clients dans la s\u00e9lection des mod\u00e8les.","publisher":{"@id":"https:\/\/www.sino-grate.com\/#organization"},"potentialAction":[{"@type":"SearchAction","target":{"@type":"EntryPoint","urlTemplate":"https:\/\/www.sino-grate.com\/?s={search_term_string}"},"query-input":{"@type":"PropertyValueSpecification","valueRequired":true,"valueName":"search_term_string"}}],"inLanguage":"fr-FR"},{"@type":"Organization","@id":"https:\/\/www.sino-grate.com\/#organization","name":"Sino Composite Structures Co, Ltd.","url":"https:\/\/www.sino-grate.com\/","logo":{"@type":"ImageObject","inLanguage":"fr-FR","@id":"https:\/\/www.sino-grate.com\/#\/schema\/logo\/image\/","url":"https:\/\/www.sino-grate.com\/wp-content\/uploads\/2023\/06\/sino_logo1.png","contentUrl":"https:\/\/www.sino-grate.com\/wp-content\/uploads\/2023\/06\/sino_logo1.png","width":834,"height":125,"caption":"Sino Composite Structures Co.,Ltd."},"image":{"@id":"https:\/\/www.sino-grate.com\/#\/schema\/logo\/image\/"}}]}},"_links":{"self":[{"href":"https:\/\/www.sino-grate.com\/fr\/wp-json\/wp\/v2\/product\/3945","targetHints":{"allow":["GET"]}}],"collection":[{"href":"https:\/\/www.sino-grate.com\/fr\/wp-json\/wp\/v2\/product"}],"about":[{"href":"https:\/\/www.sino-grate.com\/fr\/wp-json\/wp\/v2\/types\/product"}],"version-history":[{"count":0,"href":"https:\/\/www.sino-grate.com\/fr\/wp-json\/wp\/v2\/product\/3945\/revisions"}],"wp:featuredmedia":[{"embeddable":true,"href":"https:\/\/www.sino-grate.com\/fr\/wp-json\/wp\/v2\/media\/3946"}],"wp:attachment":[{"href":"https:\/\/www.sino-grate.com\/fr\/wp-json\/wp\/v2\/media?parent=3945"}],"wp:term":[{"taxonomy":"product_brand","embeddable":true,"href":"https:\/\/www.sino-grate.com\/fr\/wp-json\/wp\/v2\/product_brand?post=3945"},{"taxonomy":"product_cat","embeddable":true,"href":"https:\/\/www.sino-grate.com\/fr\/wp-json\/wp\/v2\/product_cat?post=3945"},{"taxonomy":"product_tag","embeddable":true,"href":"https:\/\/www.sino-grate.com\/fr\/wp-json\/wp\/v2\/product_tag?post=3945"}],"curies":[{"name":"wp","href":"https:\/\/api.w.org\/{rel}","templated":true}]}}