{"id":4141,"date":"2024-07-11T13:30:44","date_gmt":"2024-07-11T05:30:44","guid":{"rendered":"http:\/\/elementorwp.my.yxly8.com\/?post_type=product&#038;p=4141"},"modified":"2024-07-11T13:34:47","modified_gmt":"2024-07-11T05:34:47","slug":"frp-handrailrailing","status":"publish","type":"product","link":"https:\/\/www.sino-grate.com\/fr\/produit\/frp-handrailrailing\/","title":{"rendered":"Mains courantes et garde-corps en PRFV"},"content":{"rendered":"<div data-elementor-type=\"product-post\" data-elementor-id=\"4141\" class=\"elementor elementor-4141\" data-elementor-post-type=\"product\">\n\t\t\t\t\t\t<section class=\"elementor-section elementor-top-section elementor-element elementor-element-2fe2e7b elementor-section-boxed elementor-section-height-default elementor-section-height-default\" data-id=\"2fe2e7b\" data-element_type=\"section\">\n\t\t\t\t\t\t<div class=\"elementor-container elementor-column-gap-default\">\n\t\t\t\t\t<div class=\"elementor-column elementor-col-100 elementor-top-column elementor-element elementor-element-a63a88a\" data-id=\"a63a88a\" data-element_type=\"column\">\n\t\t\t<div class=\"elementor-widget-wrap elementor-element-populated\">\n\t\t\t\t\t\t<div class=\"elementor-element elementor-element-4d20354 elementor-widget elementor-widget-text-editor\" data-id=\"4d20354\" data-element_type=\"widget\" data-widget_type=\"text-editor.default\">\n\t\t\t\t<div class=\"elementor-widget-container\">\n\t\t\t\t\t\t\t\t\t<p>Rails : Composants horizontaux que les utilisateurs peuvent saisir pour se soutenir. Les mains courantes en PRFV sont con\u00e7ues pour \u00eatre robustes et durables.<\/p><p>Poteaux : Supports verticaux qui ancrent le syst\u00e8me de main courante \u00e0 la structure. Les poteaux assurent la stabilit\u00e9 et le soutien de l'ensemble de la structure de la main courante.<\/p><p>Connecteurs : Les raccords qui relient les diff\u00e9rentes sections de la main courante, y compris les coins, les angles et les lignes droites. Les connecteurs assurent une structure s\u00fbre et rigide.<\/p><p>Brides de base : Utilis\u00e9es pour fixer le syst\u00e8me de main courante au sol ou \u00e0 la structure. Les brides de base assurent la stabilit\u00e9 et le soutien des poteaux verticaux.<\/p><p>Capuchons sup\u00e9rieurs : Ils couvrent la surface sup\u00e9rieure de la main courante, offrant un aspect fini et emp\u00eachant l'accumulation d'eau sur la main courante.<\/p><p>Rails interm\u00e9diaires : Composants horizontaux optionnels ajout\u00e9s entre les rails sup\u00e9rieurs et inf\u00e9rieurs pour plus de s\u00e9curit\u00e9 et de soutien.<\/p><p>Plaques de pied ou plaques de coup de pied : Plaques optionnelles ajout\u00e9es au bas de la main courante pour emp\u00eacher les objets de rouler ou de tomber \u00e0 travers le bas.<\/p><p>Fixations : Les boulons, \u00e9crous et autres fixations sont utilis\u00e9s pour attacher solidement les diff\u00e9rents composants entre eux. L'acier inoxydable ou d'autres fixations r\u00e9sistantes \u00e0 la corrosion sont souvent pr\u00e9f\u00e9r\u00e9s.<\/p><p>Embouts : Utilis\u00e9s pour finir les extr\u00e9mit\u00e9s de la main courante et \u00e9viter que les bords tranchants ne soient expos\u00e9s.<\/p><p>Plaques de jonction : Plaques utilis\u00e9es pour relier deux sections du syst\u00e8me de main courante, afin d'assurer une connexion s\u00fbre et sans faille.<\/p><p>Caillebotis : Dans certaines applications, les caillebotis en PRFV peuvent \u00eatre utilis\u00e9s comme partie int\u00e9grante du syst\u00e8me de main courante, fournissant une surface de marche sur les plates-formes ou les passerelles.<\/p><p>Accessoires : En fonction de l'application sp\u00e9cifique, des accessoires suppl\u00e9mentaires tels que des barri\u00e8res, des rampes et des raccords personnalis\u00e9s peuvent \u00eatre disponibles pour r\u00e9pondre aux exigences du projet.<\/p><p><strong>Application de la main courante en PRFV<\/strong><\/p>\t\t\t\t\t\t\t\t<\/div>\n\t\t\t\t<\/div>\n\t\t\t\t\t<\/div>\n\t\t<\/div>\n\t\t\t\t\t<\/div>\n\t\t<\/section>\n\t\t\t\t<section class=\"elementor-section elementor-top-section elementor-element elementor-element-1432d18 elementor-section-boxed elementor-section-height-default elementor-section-height-default\" data-id=\"1432d18\" data-element_type=\"section\">\n\t\t\t\t\t\t<div class=\"elementor-container elementor-column-gap-default\">\n\t\t\t\t\t<div class=\"elementor-column elementor-col-100 elementor-top-column elementor-element elementor-element-baf4247\" data-id=\"baf4247\" data-element_type=\"column\">\n\t\t\t<div class=\"elementor-widget-wrap elementor-element-populated\">\n\t\t\t\t\t\t<div class=\"elementor-element elementor-element-53ca40e elementor-widget elementor-widget-image\" data-id=\"53ca40e\" data-element_type=\"widget\" data-widget_type=\"image.default\">\n\t\t\t\t<div class=\"elementor-widget-container\">\n\t\t\t\t\t\t\t\t\t\t\t\t\t\t\t<img fetchpriority=\"high\" decoding=\"async\" width=\"1000\" height=\"375\" src=\"https:\/\/www.sino-grate.com\/wp-content\/uploads\/2024\/07\/1705890409534922-1.jpg\" class=\"attachment-full size-full wp-image-4148\" alt=\"\" srcset=\"https:\/\/www.sino-grate.com\/wp-content\/uploads\/2024\/07\/1705890409534922-1.jpg 1000w, https:\/\/www.sino-grate.com\/wp-content\/uploads\/2024\/07\/1705890409534922-1-600x225.jpg 600w, https:\/\/www.sino-grate.com\/wp-content\/uploads\/2024\/07\/1705890409534922-1-800x300.jpg 800w, https:\/\/www.sino-grate.com\/wp-content\/uploads\/2024\/07\/1705890409534922-1-300x113.jpg 300w, https:\/\/www.sino-grate.com\/wp-content\/uploads\/2024\/07\/1705890409534922-1-768x288.jpg 768w\" sizes=\"(max-width: 1000px) 100vw, 1000px\" \/>\t\t\t\t\t\t\t\t\t\t\t\t\t\t\t<\/div>\n\t\t\t\t<\/div>\n\t\t\t\t<div class=\"elementor-element elementor-element-b66e0ce elementor-widget elementor-widget-text-editor\" data-id=\"b66e0ce\" data-element_type=\"widget\" data-widget_type=\"text-editor.default\">\n\t\t\t\t<div class=\"elementor-widget-container\">\n\t\t\t\t\t\t\t\t\t<p>Les mains courantes en PRFV (plastique renforc\u00e9 de fibres) trouvent des applications dans divers secteurs et environnements o\u00f9 la combinaison de la durabilit\u00e9, de la r\u00e9sistance \u00e0 la corrosion et de la facilit\u00e9 d'entretien est essentielle. Voici quelques applications courantes des mains courantes en PRFV :<\/p><p>Installations industrielles : Les mains courantes en PRFV sont largement utilis\u00e9es dans les installations industrielles telles que les usines chimiques, les installations p\u00e9trochimiques et les usines de fabrication. Leur r\u00e9sistance \u00e0 la corrosion les rend adapt\u00e9es aux environnements o\u00f9 l'exposition aux produits chimiques est un probl\u00e8me.<\/p><p>Structures offshore et marines : Les propri\u00e9t\u00e9s de r\u00e9sistance \u00e0 la corrosion du PRFV en font un choix privil\u00e9gi\u00e9 pour les mains courantes sur les plates-formes offshore, les structures marines et les installations c\u00f4ti\u00e8res. Les mains courantes en PRFV r\u00e9sistent \u00e0 l'exposition \u00e0 l'eau sal\u00e9e et aux conditions m\u00e9t\u00e9orologiques difficiles.<\/p><p>Usines de traitement des eaux : Les mains courantes en PRFV sont utilis\u00e9es dans les usines de traitement de l'eau o\u00f9 la r\u00e9sistance \u00e0 la corrosion chimique est cruciale. Elles assurent la s\u00e9curit\u00e9 des travailleurs et des visiteurs qui naviguent autour des r\u00e9servoirs de traitement et des zones de traitement.<\/p><p>Installations de production d'\u00e9nergie : Dans les centrales \u00e9lectriques, en particulier celles qui utilisent du charbon ou d'autres mat\u00e9riaux corrosifs, les mains courantes en PRFV sont utilis\u00e9es pour assurer la s\u00e9curit\u00e9 sur les passerelles, les plates-formes et les escaliers. La nature non conductrice du PRFV est b\u00e9n\u00e9fique dans les environnements \u00e9lectriques.<\/p><p>B\u00e2timents commerciaux et institutionnels : Les mains courantes en PRFV sont utilis\u00e9es dans les b\u00e2timents commerciaux et institutionnels, notamment les h\u00f4pitaux, les \u00e9coles et les espaces publics. Elles offrent une solution durable et n\u00e9cessitant peu d'entretien pour les escaliers, les rampes et les balcons.<\/p><p>Infrastructure de transport : Les mains courantes en PRFV se trouvent dans les infrastructures de transport telles que les ponts, les passerelles et les plates-formes ferroviaires. Leur l\u00e9g\u00e8ret\u00e9 et leur r\u00e9sistance aux conditions environnementales les rendent adapt\u00e9es \u00e0 ces applications.<\/p><p>Usines de traitement des eaux us\u00e9es : Tout comme les usines de traitement des eaux, les usines de traitement des eaux us\u00e9es utilisent des mains courantes en PRFV pour assurer la s\u00e9curit\u00e9 dans les environnements corrosifs. La r\u00e9sistance du mat\u00e9riau \u00e0 l'exposition aux produits chimiques est cruciale dans ces environnements.<\/p><p>Parcs \u00e0 th\u00e8me et lieux de divertissement : Les mains courantes en PRFV sont utilis\u00e9es dans les parcs d'attractions et les lieux de divertissement pour assurer la s\u00e9curit\u00e9 des man\u00e8ges, des passerelles et des plates-formes sur\u00e9lev\u00e9es. Leur capacit\u00e9 \u00e0 r\u00e9sister aux intemp\u00e9ries et \u00e0 la corrosion est un avantage dans les environnements ext\u00e9rieurs.<\/p><p>Installations de transformation des aliments : Dans l'industrie alimentaire, o\u00f9 l'hygi\u00e8ne est une priorit\u00e9, les mains courantes en PRFV sont choisies pour leur r\u00e9sistance \u00e0 la corrosion et leur facilit\u00e9 de nettoyage. Elles sont couramment utilis\u00e9es dans les zones de traitement et sur les plates-formes praticables.<\/p><p>Exploitation mini\u00e8re et traitement des minerais : Les mains courantes en PRFV sont utilis\u00e9es dans les exploitations mini\u00e8res et les usines de traitement des minerais, pour assurer la s\u00e9curit\u00e9 des passerelles, des escaliers et des plates-formes dans des environnements expos\u00e9s aux min\u00e9raux et aux produits chimiques.<\/p><p>Lorsque l'on envisage d'utiliser des mains courantes en PRFV pour une application sp\u00e9cifique, il est essentiel d'\u00e9valuer les conditions environnementales, les exigences de s\u00e9curit\u00e9 et toutes les normes industrielles applicables afin de s'assurer que le syst\u00e8me de main courante choisi r\u00e9pond aux crit\u00e8res n\u00e9cessaires.<\/p>\t\t\t\t\t\t\t\t<\/div>\n\t\t\t\t<\/div>\n\t\t\t\t\t<\/div>\n\t\t<\/div>\n\t\t\t\t\t<\/div>\n\t\t<\/section>\n\t\t\t\t<\/div>","protected":false},"excerpt":{"rendered":"<p>Rails: Horizontal components that users can grasp for support. FRP handrail rails are designed to be sturdy and durable. Posts: Vertical supports that anchor the handrail system to the structure. Posts provide stability and support for the entire handrail structure. Connectors: Fittings that join different sections of the handrail, including corners, angles, and straight runs. [&hellip;]<\/p>\n","protected":false},"featured_media":4142,"template":"","meta":{"site-sidebar-layout":"no-sidebar","site-content-layout":"page-builder","ast-site-content-layout":"full-width-container","site-content-style":"default","site-sidebar-style":"default","ast-global-header-display":"","ast-banner-title-visibility":"","ast-main-header-display":"","ast-hfb-above-header-display":"","ast-hfb-below-header-display":"","ast-hfb-mobile-header-display":"","site-post-title":"disabled","ast-breadcrumbs-content":"","ast-featured-img":"disabled","footer-sml-layout":"","theme-transparent-header-meta":"default","adv-header-id-meta":"","stick-header-meta":"","header-above-stick-meta":"","header-main-stick-meta":"","header-below-stick-meta":"","astra-migrate-meta-layouts":"set","ast-page-background-enabled":"default","ast-page-background-meta":{"desktop":{"background-color":"","background-image":"","background-repeat":"repeat","background-position":"center center","background-size":"auto","background-attachment":"scroll","background-type":"","background-media":"","overlay-type":"","overlay-color":"","overlay-opacity":"","overlay-gradient":""},"tablet":{"background-color":"","background-image":"","background-repeat":"repeat","background-position":"center center","background-size":"auto","background-attachment":"scroll","background-type":"","background-media":"","overlay-type":"","overlay-color":"","overlay-opacity":"","overlay-gradient":""},"mobile":{"background-color":"","background-image":"","background-repeat":"repeat","background-position":"center center","background-size":"auto","background-attachment":"scroll","background-type":"","background-media":"","overlay-type":"","overlay-color":"","overlay-opacity":"","overlay-gradient":""}},"ast-content-background-meta":{"desktop":{"background-color":"var(--ast-global-color-5)","background-image":"","background-repeat":"repeat","background-position":"center center","background-size":"auto","background-attachment":"scroll","background-type":"","background-media":"","overlay-type":"","overlay-color":"","overlay-opacity":"","overlay-gradient":""},"tablet":{"background-color":"var(--ast-global-color-5)","background-image":"","background-repeat":"repeat","background-position":"center center","background-size":"auto","background-attachment":"scroll","background-type":"","background-media":"","overlay-type":"","overlay-color":"","overlay-opacity":"","overlay-gradient":""},"mobile":{"background-color":"var(--ast-global-color-5)","background-image":"","background-repeat":"repeat","background-position":"center center","background-size":"auto","background-attachment":"scroll","background-type":"","background-media":"","overlay-type":"","overlay-color":"","overlay-opacity":"","overlay-gradient":""}}},"product_brand":[],"product_cat":[117],"product_tag":[118,119],"class_list":{"0":"post-4141","1":"product","2":"type-product","3":"status-publish","4":"has-post-thumbnail","6":"product_cat-frp-handrail-system","7":"product_tag-frp-handrail-system","8":"product_tag-frp-handrailrailing","9":"desktop-align-left","10":"tablet-align-left","11":"mobile-align-left","12":"ast-product-gallery-layout-horizontal-slider","13":"ast-magnify-disabled","14":"ast-product-tabs-layout-horizontal","16":"first","17":"instock","18":"shipping-taxable","19":"product-type-simple"},"yoast_head":"<!-- This site is optimized with the Yoast SEO plugin v26.6 - https:\/\/yoast.com\/wordpress\/plugins\/seo\/ -->\n<title>FRP Handrail&amp;Railing - China FRP Grating, FRP Profiles, Grating Clips Suppliers, Manufacturers, Factory - Sino Grating<\/title>\n<meta name=\"robots\" content=\"index, follow, max-snippet:-1, max-image-preview:large, max-video-preview:-1\" \/>\n<link rel=\"canonical\" href=\"https:\/\/www.sino-grate.com\/fr\/produit\/frp-handrailrailing\/\" \/>\n<meta property=\"og:locale\" content=\"fr_FR\" \/>\n<meta property=\"og:type\" content=\"article\" \/>\n<meta property=\"og:title\" content=\"FRP Handrail&amp;Railing - China FRP Grating, FRP Profiles, Grating Clips Suppliers, Manufacturers, Factory - Sino Grating\" \/>\n<meta property=\"og:description\" content=\"Rails: Horizontal components that users can grasp for support. FRP handrail rails are designed to be sturdy and durable. Posts: Vertical supports that anchor the handrail system to the structure. Posts provide stability and support for the entire handrail structure. Connectors: Fittings that join different sections of the handrail, including corners, angles, and straight runs. [&hellip;]\" \/>\n<meta property=\"og:url\" content=\"https:\/\/www.sino-grate.com\/fr\/produit\/frp-handrailrailing\/\" \/>\n<meta property=\"og:site_name\" content=\"China FRP Grating, FRP Profiles, Grating Clips Suppliers, Manufacturers, Factory - Sino Grating\" \/>\n<meta property=\"article:modified_time\" content=\"2024-07-11T05:34:47+00:00\" \/>\n<meta property=\"og:image\" content=\"https:\/\/www.sino-grate.com\/wp-content\/uploads\/2024\/07\/1705890335664006.jpg\" \/>\n\t<meta property=\"og:image:width\" content=\"800\" \/>\n\t<meta property=\"og:image:height\" content=\"600\" \/>\n\t<meta property=\"og:image:type\" content=\"image\/jpeg\" \/>\n<meta name=\"twitter:card\" content=\"summary_large_image\" \/>\n<meta name=\"twitter:label1\" content=\"Dur\u00e9e de lecture estim\u00e9e\" \/>\n\t<meta name=\"twitter:data1\" content=\"3 minutes\" \/>\n<script type=\"application\/ld+json\" class=\"yoast-schema-graph\">{\"@context\":\"https:\/\/schema.org\",\"@graph\":[{\"@type\":\"WebPage\",\"@id\":\"https:\/\/www.sino-grate.com\/product\/frp-handrailrailing\/\",\"url\":\"https:\/\/www.sino-grate.com\/product\/frp-handrailrailing\/\",\"name\":\"FRP Handrail&Railing - China FRP Grating, FRP Profiles, Grating Clips Suppliers, Manufacturers, Factory - Sino Grating\",\"isPartOf\":{\"@id\":\"https:\/\/www.sino-grate.com\/#website\"},\"primaryImageOfPage\":{\"@id\":\"https:\/\/www.sino-grate.com\/product\/frp-handrailrailing\/#primaryimage\"},\"image\":{\"@id\":\"https:\/\/www.sino-grate.com\/product\/frp-handrailrailing\/#primaryimage\"},\"thumbnailUrl\":\"https:\/\/www.sino-grate.com\/wp-content\/uploads\/2024\/07\/1705890335664006.jpg\",\"datePublished\":\"2024-07-11T05:30:44+00:00\",\"dateModified\":\"2024-07-11T05:34:47+00:00\",\"breadcrumb\":{\"@id\":\"https:\/\/www.sino-grate.com\/product\/frp-handrailrailing\/#breadcrumb\"},\"inLanguage\":\"fr-FR\",\"potentialAction\":[{\"@type\":\"ReadAction\",\"target\":[\"https:\/\/www.sino-grate.com\/product\/frp-handrailrailing\/\"]}]},{\"@type\":\"ImageObject\",\"inLanguage\":\"fr-FR\",\"@id\":\"https:\/\/www.sino-grate.com\/product\/frp-handrailrailing\/#primaryimage\",\"url\":\"https:\/\/www.sino-grate.com\/wp-content\/uploads\/2024\/07\/1705890335664006.jpg\",\"contentUrl\":\"https:\/\/www.sino-grate.com\/wp-content\/uploads\/2024\/07\/1705890335664006.jpg\",\"width\":800,\"height\":600},{\"@type\":\"BreadcrumbList\",\"@id\":\"https:\/\/www.sino-grate.com\/product\/frp-handrailrailing\/#breadcrumb\",\"itemListElement\":[{\"@type\":\"ListItem\",\"position\":1,\"name\":\"Home\",\"item\":\"https:\/\/www.sino-grate.com\/\"},{\"@type\":\"ListItem\",\"position\":2,\"name\":\"Products\",\"item\":\"https:\/\/www.sino-grate.com\/shop\/\"},{\"@type\":\"ListItem\",\"position\":3,\"name\":\"FRP Handrail&#038;Railing\"}]},{\"@type\":\"WebSite\",\"@id\":\"https:\/\/www.sino-grate.com\/#website\",\"url\":\"https:\/\/www.sino-grate.com\/\",\"name\":\"China FRP Grating, FRP Profiles, Grating Clips Suppliers, Manufacturers, Factory - Sino Grating\",\"description\":\"Sino composite provides with excellent quality FRP grating, FRP profiles, FRP structures, other FRP products and clip accessories. We provide all-round services from design, helping customers with model selection, production, pre-assembly, and transportation.\",\"publisher\":{\"@id\":\"https:\/\/www.sino-grate.com\/#organization\"},\"potentialAction\":[{\"@type\":\"SearchAction\",\"target\":{\"@type\":\"EntryPoint\",\"urlTemplate\":\"https:\/\/www.sino-grate.com\/?s={search_term_string}\"},\"query-input\":{\"@type\":\"PropertyValueSpecification\",\"valueRequired\":true,\"valueName\":\"search_term_string\"}}],\"inLanguage\":\"fr-FR\"},{\"@type\":\"Organization\",\"@id\":\"https:\/\/www.sino-grate.com\/#organization\",\"name\":\"Sino Composite Structures Co.,Ltd.\",\"url\":\"https:\/\/www.sino-grate.com\/\",\"logo\":{\"@type\":\"ImageObject\",\"inLanguage\":\"fr-FR\",\"@id\":\"https:\/\/www.sino-grate.com\/#\/schema\/logo\/image\/\",\"url\":\"https:\/\/www.sino-grate.com\/wp-content\/uploads\/2023\/06\/sino_logo1.png\",\"contentUrl\":\"https:\/\/www.sino-grate.com\/wp-content\/uploads\/2023\/06\/sino_logo1.png\",\"width\":834,\"height\":125,\"caption\":\"Sino Composite Structures Co.,Ltd.\"},\"image\":{\"@id\":\"https:\/\/www.sino-grate.com\/#\/schema\/logo\/image\/\"}}]}<\/script>\n<!-- \/ Yoast SEO plugin. -->","yoast_head_json":{"title":"Main courante en FRP - Caillebotis en FRP, profil\u00e9s en FRP, clips pour caillebotis, fournisseurs, fabricants, usine de Chine - Sino Grating","robots":{"index":"index","follow":"follow","max-snippet":"max-snippet:-1","max-image-preview":"max-image-preview:large","max-video-preview":"max-video-preview:-1"},"canonical":"https:\/\/www.sino-grate.com\/fr\/produit\/frp-handrailrailing\/","og_locale":"fr_FR","og_type":"article","og_title":"FRP Handrail&Railing - China FRP Grating, FRP Profiles, Grating Clips Suppliers, Manufacturers, Factory - Sino Grating","og_description":"Rails: Horizontal components that users can grasp for support. FRP handrail rails are designed to be sturdy and durable. Posts: Vertical supports that anchor the handrail system to the structure. Posts provide stability and support for the entire handrail structure. Connectors: Fittings that join different sections of the handrail, including corners, angles, and straight runs. [&hellip;]","og_url":"https:\/\/www.sino-grate.com\/fr\/produit\/frp-handrailrailing\/","og_site_name":"China FRP Grating, FRP Profiles, Grating Clips Suppliers, Manufacturers, Factory - Sino Grating","article_modified_time":"2024-07-11T05:34:47+00:00","og_image":[{"width":800,"height":600,"url":"https:\/\/www.sino-grate.com\/wp-content\/uploads\/2024\/07\/1705890335664006.jpg","type":"image\/jpeg"}],"twitter_card":"summary_large_image","twitter_misc":{"Dur\u00e9e de lecture estim\u00e9e":"3 minutes"},"schema":{"@context":"https:\/\/schema.org","@graph":[{"@type":"WebPage","@id":"https:\/\/www.sino-grate.com\/product\/frp-handrailrailing\/","url":"https:\/\/www.sino-grate.com\/product\/frp-handrailrailing\/","name":"Main courante en FRP - Caillebotis en FRP, profil\u00e9s en FRP, clips pour caillebotis, fournisseurs, fabricants, usine de Chine - Sino Grating","isPartOf":{"@id":"https:\/\/www.sino-grate.com\/#website"},"primaryImageOfPage":{"@id":"https:\/\/www.sino-grate.com\/product\/frp-handrailrailing\/#primaryimage"},"image":{"@id":"https:\/\/www.sino-grate.com\/product\/frp-handrailrailing\/#primaryimage"},"thumbnailUrl":"https:\/\/www.sino-grate.com\/wp-content\/uploads\/2024\/07\/1705890335664006.jpg","datePublished":"2024-07-11T05:30:44+00:00","dateModified":"2024-07-11T05:34:47+00:00","breadcrumb":{"@id":"https:\/\/www.sino-grate.com\/product\/frp-handrailrailing\/#breadcrumb"},"inLanguage":"fr-FR","potentialAction":[{"@type":"ReadAction","target":["https:\/\/www.sino-grate.com\/product\/frp-handrailrailing\/"]}]},{"@type":"ImageObject","inLanguage":"fr-FR","@id":"https:\/\/www.sino-grate.com\/product\/frp-handrailrailing\/#primaryimage","url":"https:\/\/www.sino-grate.com\/wp-content\/uploads\/2024\/07\/1705890335664006.jpg","contentUrl":"https:\/\/www.sino-grate.com\/wp-content\/uploads\/2024\/07\/1705890335664006.jpg","width":800,"height":600},{"@type":"BreadcrumbList","@id":"https:\/\/www.sino-grate.com\/product\/frp-handrailrailing\/#breadcrumb","itemListElement":[{"@type":"ListItem","position":1,"name":"Home","item":"https:\/\/www.sino-grate.com\/"},{"@type":"ListItem","position":2,"name":"Products","item":"https:\/\/www.sino-grate.com\/shop\/"},{"@type":"ListItem","position":3,"name":"FRP Handrail&#038;Railing"}]},{"@type":"WebSite","@id":"https:\/\/www.sino-grate.com\/#website","url":"https:\/\/www.sino-grate.com\/","name":"Chine Caillebotis en PRFV, profil\u00e9s en PRFV, clips pour caillebotis Fournisseurs, fabricants, usine - Sino Grating","description":"Sino composite fournit des caillebotis en PRFV, des profil\u00e9s en PRFV, des structures en PRFV, d'autres produits en PRFV et des accessoires de clip d'excellente qualit\u00e9. Nous fournissons des services complets, depuis la conception jusqu'\u00e0 la production, le pr\u00e9-assemblage et le transport, en passant par l'assistance aux clients dans la s\u00e9lection des mod\u00e8les.","publisher":{"@id":"https:\/\/www.sino-grate.com\/#organization"},"potentialAction":[{"@type":"SearchAction","target":{"@type":"EntryPoint","urlTemplate":"https:\/\/www.sino-grate.com\/?s={search_term_string}"},"query-input":{"@type":"PropertyValueSpecification","valueRequired":true,"valueName":"search_term_string"}}],"inLanguage":"fr-FR"},{"@type":"Organization","@id":"https:\/\/www.sino-grate.com\/#organization","name":"Sino Composite Structures Co, Ltd.","url":"https:\/\/www.sino-grate.com\/","logo":{"@type":"ImageObject","inLanguage":"fr-FR","@id":"https:\/\/www.sino-grate.com\/#\/schema\/logo\/image\/","url":"https:\/\/www.sino-grate.com\/wp-content\/uploads\/2023\/06\/sino_logo1.png","contentUrl":"https:\/\/www.sino-grate.com\/wp-content\/uploads\/2023\/06\/sino_logo1.png","width":834,"height":125,"caption":"Sino Composite Structures Co.,Ltd."},"image":{"@id":"https:\/\/www.sino-grate.com\/#\/schema\/logo\/image\/"}}]}},"_links":{"self":[{"href":"https:\/\/www.sino-grate.com\/fr\/wp-json\/wp\/v2\/product\/4141","targetHints":{"allow":["GET"]}}],"collection":[{"href":"https:\/\/www.sino-grate.com\/fr\/wp-json\/wp\/v2\/product"}],"about":[{"href":"https:\/\/www.sino-grate.com\/fr\/wp-json\/wp\/v2\/types\/product"}],"version-history":[{"count":4,"href":"https:\/\/www.sino-grate.com\/fr\/wp-json\/wp\/v2\/product\/4141\/revisions"}],"predecessor-version":[{"id":4151,"href":"https:\/\/www.sino-grate.com\/fr\/wp-json\/wp\/v2\/product\/4141\/revisions\/4151"}],"wp:featuredmedia":[{"embeddable":true,"href":"https:\/\/www.sino-grate.com\/fr\/wp-json\/wp\/v2\/media\/4142"}],"wp:attachment":[{"href":"https:\/\/www.sino-grate.com\/fr\/wp-json\/wp\/v2\/media?parent=4141"}],"wp:term":[{"taxonomy":"product_brand","embeddable":true,"href":"https:\/\/www.sino-grate.com\/fr\/wp-json\/wp\/v2\/product_brand?post=4141"},{"taxonomy":"product_cat","embeddable":true,"href":"https:\/\/www.sino-grate.com\/fr\/wp-json\/wp\/v2\/product_cat?post=4141"},{"taxonomy":"product_tag","embeddable":true,"href":"https:\/\/www.sino-grate.com\/fr\/wp-json\/wp\/v2\/product_tag?post=4141"}],"curies":[{"name":"wp","href":"https:\/\/api.w.org\/{rel}","templated":true}]}}