{"id":4211,"date":"2024-07-11T15:28:08","date_gmt":"2024-07-11T07:28:08","guid":{"rendered":"http:\/\/elementorwp.my.yxly8.com\/?post_type=product&#038;p=4211"},"modified":"2025-03-10T13:08:32","modified_gmt":"2025-03-10T05:08:32","slug":"frp-manhole-cover","status":"publish","type":"product","link":"https:\/\/www.sino-grate.com\/it\/prodotto\/frp-manhole-cover\/","title":{"rendered":"Chiusino in FRP"},"content":{"rendered":"<div data-elementor-type=\"product-post\" data-elementor-id=\"4211\" class=\"elementor elementor-4211\" data-elementor-post-type=\"product\">\n\t\t\t\t\t\t<section class=\"elementor-section elementor-top-section elementor-element elementor-element-7a61158 elementor-section-boxed elementor-section-height-default elementor-section-height-default\" data-id=\"7a61158\" data-element_type=\"section\">\n\t\t\t\t\t\t<div class=\"elementor-container elementor-column-gap-default\">\n\t\t\t\t\t<div class=\"elementor-column elementor-col-100 elementor-top-column elementor-element elementor-element-d2cee3a\" data-id=\"d2cee3a\" data-element_type=\"column\">\n\t\t\t<div class=\"elementor-widget-wrap elementor-element-populated\">\n\t\t\t\t\t\t<div class=\"elementor-element elementor-element-19deb3d elementor-widget elementor-widget-text-editor\" data-id=\"19deb3d\" data-element_type=\"widget\" data-widget_type=\"text-editor.default\">\n\t\t\t\t<div class=\"elementor-widget-container\">\n\t\t\t\t\t\t\t\t\t<p>ino Composite offre ai clienti chiusini in PRFV\/FRP di eccellente qualit\u00e0.<\/p><p>I chiusini in FRP sono un nuovo tipo di chiusino sviluppato per risolvere i difetti dei chiusini in acciaio e ferro, facili alla ruggine e alla perdita, troppo ingombranti e fragili, e per migliorarne le funzioni d'uso e i benefici economici e sociali.<\/p>\t\t\t\t\t\t\t\t<\/div>\n\t\t\t\t<\/div>\n\t\t\t\t<div class=\"elementor-element elementor-element-9e84214 elementor-widget elementor-widget-gallery\" data-id=\"9e84214\" data-element_type=\"widget\" data-settings=\"{&quot;gallery_layout&quot;:&quot;masonry&quot;,&quot;columns&quot;:2,&quot;lazyload&quot;:&quot;yes&quot;,&quot;columns_tablet&quot;:2,&quot;columns_mobile&quot;:1,&quot;gap&quot;:{&quot;unit&quot;:&quot;px&quot;,&quot;size&quot;:10,&quot;sizes&quot;:[]},&quot;gap_tablet&quot;:{&quot;unit&quot;:&quot;px&quot;,&quot;size&quot;:10,&quot;sizes&quot;:[]},&quot;gap_mobile&quot;:{&quot;unit&quot;:&quot;px&quot;,&quot;size&quot;:10,&quot;sizes&quot;:[]},&quot;content_hover_animation&quot;:&quot;fade-in&quot;}\" data-widget_type=\"gallery.default\">\n\t\t\t\t<div class=\"elementor-widget-container\">\n\t\t\t\t\t\t\t<div class=\"elementor-gallery__container\">\n\t\t\t\t\t\t\t<div class=\"e-gallery-item elementor-gallery-item elementor-animated-content\">\n\t\t\t\t\t<div class=\"e-gallery-image elementor-gallery-item__image\" data-thumbnail=\"https:\/\/www.sino-grate.com\/wp-content\/uploads\/2024\/07\/1688438617543243.jpg\" data-width=\"502\" data-height=\"326\" aria-label=\"\" role=\"img\" ><\/div>\n\t\t\t\t\t\t\t\t\t\t\t\t\t\t<\/div>\n\t\t\t\t\t\t\t<div class=\"e-gallery-item elementor-gallery-item elementor-animated-content\">\n\t\t\t\t\t<div class=\"e-gallery-image elementor-gallery-item__image\" data-thumbnail=\"https:\/\/www.sino-grate.com\/wp-content\/uploads\/2024\/07\/1688438621963233.jpg\" data-width=\"502\" data-height=\"326\" aria-label=\"\" role=\"img\" ><\/div>\n\t\t\t\t\t\t\t\t\t\t\t\t\t\t<\/div>\n\t\t\t\t\t<\/div>\n\t\t\t\t\t<\/div>\n\t\t\t\t<\/div>\n\t\t\t\t<div class=\"elementor-element elementor-element-56c2ee4 elementor-widget elementor-widget-text-editor\" data-id=\"56c2ee4\" data-element_type=\"widget\" data-widget_type=\"text-editor.default\">\n\t\t\t\t<div class=\"elementor-widget-container\">\n\t\t\t\t\t\t\t\t\t<p><strong>Vantaggi del chiusino in FRP<\/strong><\/p><p>1 Peso leggero, il peso del chiusino in vetro acciaio \u00e8 solo 1\/4 di quello del chiusino in ferro, e l'installazione ingegneristica e l'uso dell'apertura e della chiusura sono leggeri e flessibili.<\/p><p>2 Buon autobloccaggio. L'esclusiva struttura di connessione vincolata tra il chiusino rotondo in plastica rinforzata con fibra di vetro e la sede del pozzetto ha una funzione autobloccante che impedisce al chiusino di saltare dalla sede del pozzetto dopo il passaggio dell'auto.<\/p><p>3 Alta resistenza, la resistenza alla trazione del materiale FRP \u00e8 equivalente a quella dell'acciaio Q235 e la resistenza alla compressione \u00e8 pi\u00f9 del doppio di quella del C30X. La sua resistenza agli urti, alle vibrazioni, alla fatica e alla frattura \u00e8 migliore di quella dell'acciaio, del ferro e di altri materiali.<\/p><p>5 Resistenza alla corrosione, il materiale plastico rinforzato con fibra di vetro \u00e8 naturalmente resistente alla corrosione, utilizzato come chiusino per ambienti acidi, alcalini, salini, fognari e altri mezzi corrosivi, con vantaggi competitivi tecnici ed economici.<\/p><p><strong>Standard di carico<\/strong><\/p><p><strong>EN124 A15 B125 C250 D400<\/strong><\/p><p><strong>Specifiche dei chiusini in PRFV<\/strong><\/p>\t\t\t\t\t\t\t\t<\/div>\n\t\t\t\t<\/div>\n\t\t\t\t<div class=\"elementor-element elementor-element-2d0a26d elementor-widget elementor-widget-gallery\" data-id=\"2d0a26d\" data-element_type=\"widget\" data-settings=\"{&quot;gallery_layout&quot;:&quot;masonry&quot;,&quot;columns&quot;:2,&quot;lazyload&quot;:&quot;yes&quot;,&quot;columns_tablet&quot;:2,&quot;columns_mobile&quot;:1,&quot;gap&quot;:{&quot;unit&quot;:&quot;px&quot;,&quot;size&quot;:10,&quot;sizes&quot;:[]},&quot;gap_tablet&quot;:{&quot;unit&quot;:&quot;px&quot;,&quot;size&quot;:10,&quot;sizes&quot;:[]},&quot;gap_mobile&quot;:{&quot;unit&quot;:&quot;px&quot;,&quot;size&quot;:10,&quot;sizes&quot;:[]},&quot;content_hover_animation&quot;:&quot;fade-in&quot;}\" data-widget_type=\"gallery.default\">\n\t\t\t\t<div class=\"elementor-widget-container\">\n\t\t\t\t\t\t\t<div class=\"elementor-gallery__container\">\n\t\t\t\t\t\t\t<div class=\"e-gallery-item elementor-gallery-item elementor-animated-content\">\n\t\t\t\t\t<div class=\"e-gallery-image elementor-gallery-item__image\" data-thumbnail=\"https:\/\/www.sino-grate.com\/wp-content\/uploads\/2024\/07\/608b60c36d94c.png\" data-width=\"1192\" data-height=\"748\" aria-label=\"\" role=\"img\" ><\/div>\n\t\t\t\t\t\t\t\t\t\t\t\t\t\t<\/div>\n\t\t\t\t\t\t\t<div class=\"e-gallery-item elementor-gallery-item elementor-animated-content\">\n\t\t\t\t\t<div class=\"e-gallery-image elementor-gallery-item__image\" data-thumbnail=\"https:\/\/www.sino-grate.com\/wp-content\/uploads\/2024\/07\/608b60babfd5a.png\" data-width=\"1292\" data-height=\"754\" aria-label=\"\" role=\"img\" ><\/div>\n\t\t\t\t\t\t\t\t\t\t\t\t\t\t<\/div>\n\t\t\t\t\t<\/div>\n\t\t\t\t\t<\/div>\n\t\t\t\t<\/div>\n\t\t\t\t\t<\/div>\n\t\t<\/div>\n\t\t\t\t\t<\/div>\n\t\t<\/section>\n\t\t\t\t<\/div>","protected":false},"excerpt":{"rendered":"<p>ino Composite offers customer with excellent quality GRP\/FRP manhole cover. FRP manhole covers are a new type of manhole cover developed to solve the defects of steel and iron manhole covers that are easy to rust and lose, too bulky, and easy to brittle, and to improve their use functions and economic and social benefits. [&hellip;]<\/p>\n","protected":false},"featured_media":5287,"template":"","meta":{"site-sidebar-layout":"no-sidebar","site-content-layout":"page-builder","ast-site-content-layout":"full-width-container","site-content-style":"default","site-sidebar-style":"default","ast-global-header-display":"","ast-banner-title-visibility":"","ast-main-header-display":"","ast-hfb-above-header-display":"","ast-hfb-below-header-display":"","ast-hfb-mobile-header-display":"","site-post-title":"disabled","ast-breadcrumbs-content":"","ast-featured-img":"disabled","footer-sml-layout":"","theme-transparent-header-meta":"default","adv-header-id-meta":"","stick-header-meta":"","header-above-stick-meta":"","header-main-stick-meta":"","header-below-stick-meta":"","astra-migrate-meta-layouts":"set","ast-page-background-enabled":"default","ast-page-background-meta":{"desktop":{"background-color":"","background-image":"","background-repeat":"repeat","background-position":"center center","background-size":"auto","background-attachment":"scroll","background-type":"","background-media":"","overlay-type":"","overlay-color":"","overlay-opacity":"","overlay-gradient":""},"tablet":{"background-color":"","background-image":"","background-repeat":"repeat","background-position":"center center","background-size":"auto","background-attachment":"scroll","background-type":"","background-media":"","overlay-type":"","overlay-color":"","overlay-opacity":"","overlay-gradient":""},"mobile":{"background-color":"","background-image":"","background-repeat":"repeat","background-position":"center center","background-size":"auto","background-attachment":"scroll","background-type":"","background-media":"","overlay-type":"","overlay-color":"","overlay-opacity":"","overlay-gradient":""}},"ast-content-background-meta":{"desktop":{"background-color":"var(--ast-global-color-5)","background-image":"","background-repeat":"repeat","background-position":"center center","background-size":"auto","background-attachment":"scroll","background-type":"","background-media":"","overlay-type":"","overlay-color":"","overlay-opacity":"","overlay-gradient":""},"tablet":{"background-color":"var(--ast-global-color-5)","background-image":"","background-repeat":"repeat","background-position":"center center","background-size":"auto","background-attachment":"scroll","background-type":"","background-media":"","overlay-type":"","overlay-color":"","overlay-opacity":"","overlay-gradient":""},"mobile":{"background-color":"var(--ast-global-color-5)","background-image":"","background-repeat":"repeat","background-position":"center center","background-size":"auto","background-attachment":"scroll","background-type":"","background-media":"","overlay-type":"","overlay-color":"","overlay-opacity":"","overlay-gradient":""}}},"product_brand":[],"product_cat":[73],"product_tag":[124],"class_list":{"0":"post-4211","1":"product","2":"type-product","3":"status-publish","4":"has-post-thumbnail","6":"product_cat-uncategorized","7":"product_tag-frp-manhole-cover","8":"desktop-align-left","9":"tablet-align-left","10":"mobile-align-left","11":"ast-product-gallery-layout-horizontal-slider","12":"ast-magnify-disabled","13":"ast-product-tabs-layout-horizontal","15":"first","16":"instock","17":"featured","18":"shipping-taxable","19":"product-type-simple"},"yoast_head":"<!-- This site is optimized with the Yoast SEO plugin v26.6 - https:\/\/yoast.com\/wordpress\/plugins\/seo\/ -->\n<title>FRP Manhole Cover - China FRP Grating, FRP Profiles, Grating Clips Suppliers, Manufacturers, Factory - Sino Grating<\/title>\n<meta name=\"robots\" content=\"index, follow, max-snippet:-1, max-image-preview:large, max-video-preview:-1\" \/>\n<link rel=\"canonical\" href=\"https:\/\/www.sino-grate.com\/it\/prodotto\/frp-manhole-cover\/\" \/>\n<meta property=\"og:locale\" content=\"it_IT\" \/>\n<meta property=\"og:type\" content=\"article\" \/>\n<meta property=\"og:title\" content=\"FRP Manhole Cover - China FRP Grating, FRP Profiles, Grating Clips Suppliers, Manufacturers, Factory - Sino Grating\" \/>\n<meta property=\"og:description\" content=\"ino Composite offers customer with excellent quality GRP\/FRP manhole cover. FRP manhole covers are a new type of manhole cover developed to solve the defects of steel and iron manhole covers that are easy to rust and lose, too bulky, and easy to brittle, and to improve their use functions and economic and social benefits. [&hellip;]\" \/>\n<meta property=\"og:url\" content=\"https:\/\/www.sino-grate.com\/it\/prodotto\/frp-manhole-cover\/\" \/>\n<meta property=\"og:site_name\" content=\"China FRP Grating, FRP Profiles, Grating Clips Suppliers, Manufacturers, Factory - Sino Grating\" \/>\n<meta property=\"article:modified_time\" content=\"2025-03-10T05:08:32+00:00\" \/>\n<meta property=\"og:image\" content=\"https:\/\/www.sino-grate.com\/wp-content\/uploads\/2024\/07\/28cbfdfd38c05ae3c5690381bf6112b7.jpg\" \/>\n\t<meta property=\"og:image:width\" content=\"800\" \/>\n\t<meta property=\"og:image:height\" content=\"520\" \/>\n\t<meta property=\"og:image:type\" content=\"image\/jpeg\" \/>\n<meta name=\"twitter:card\" content=\"summary_large_image\" \/>\n<meta name=\"twitter:label1\" content=\"Tempo di lettura stimato\" \/>\n\t<meta name=\"twitter:data1\" content=\"2 minuti\" \/>\n<script type=\"application\/ld+json\" class=\"yoast-schema-graph\">{\"@context\":\"https:\/\/schema.org\",\"@graph\":[{\"@type\":\"WebPage\",\"@id\":\"https:\/\/www.sino-grate.com\/product\/frp-manhole-cover\/\",\"url\":\"https:\/\/www.sino-grate.com\/product\/frp-manhole-cover\/\",\"name\":\"FRP Manhole Cover - China FRP Grating, FRP Profiles, Grating Clips Suppliers, Manufacturers, Factory - Sino Grating\",\"isPartOf\":{\"@id\":\"https:\/\/www.sino-grate.com\/#website\"},\"primaryImageOfPage\":{\"@id\":\"https:\/\/www.sino-grate.com\/product\/frp-manhole-cover\/#primaryimage\"},\"image\":{\"@id\":\"https:\/\/www.sino-grate.com\/product\/frp-manhole-cover\/#primaryimage\"},\"thumbnailUrl\":\"https:\/\/www.sino-grate.com\/wp-content\/uploads\/2024\/07\/28cbfdfd38c05ae3c5690381bf6112b7.jpg\",\"datePublished\":\"2024-07-11T07:28:08+00:00\",\"dateModified\":\"2025-03-10T05:08:32+00:00\",\"breadcrumb\":{\"@id\":\"https:\/\/www.sino-grate.com\/product\/frp-manhole-cover\/#breadcrumb\"},\"inLanguage\":\"it-IT\",\"potentialAction\":[{\"@type\":\"ReadAction\",\"target\":[\"https:\/\/www.sino-grate.com\/product\/frp-manhole-cover\/\"]}]},{\"@type\":\"ImageObject\",\"inLanguage\":\"it-IT\",\"@id\":\"https:\/\/www.sino-grate.com\/product\/frp-manhole-cover\/#primaryimage\",\"url\":\"https:\/\/www.sino-grate.com\/wp-content\/uploads\/2024\/07\/28cbfdfd38c05ae3c5690381bf6112b7.jpg\",\"contentUrl\":\"https:\/\/www.sino-grate.com\/wp-content\/uploads\/2024\/07\/28cbfdfd38c05ae3c5690381bf6112b7.jpg\",\"width\":800,\"height\":520,\"caption\":\"FRP Manhole Cover\"},{\"@type\":\"BreadcrumbList\",\"@id\":\"https:\/\/www.sino-grate.com\/product\/frp-manhole-cover\/#breadcrumb\",\"itemListElement\":[{\"@type\":\"ListItem\",\"position\":1,\"name\":\"Home\",\"item\":\"https:\/\/www.sino-grate.com\/\"},{\"@type\":\"ListItem\",\"position\":2,\"name\":\"Products\",\"item\":\"https:\/\/www.sino-grate.com\/shop\/\"},{\"@type\":\"ListItem\",\"position\":3,\"name\":\"FRP Manhole Cover\"}]},{\"@type\":\"WebSite\",\"@id\":\"https:\/\/www.sino-grate.com\/#website\",\"url\":\"https:\/\/www.sino-grate.com\/\",\"name\":\"China FRP Grating, FRP Profiles, Grating Clips Suppliers, Manufacturers, Factory - Sino Grating\",\"description\":\"Sino composite provides with excellent quality FRP grating, FRP profiles, FRP structures, other FRP products and clip accessories. We provide all-round services from design, helping customers with model selection, production, pre-assembly, and transportation.\",\"publisher\":{\"@id\":\"https:\/\/www.sino-grate.com\/#organization\"},\"potentialAction\":[{\"@type\":\"SearchAction\",\"target\":{\"@type\":\"EntryPoint\",\"urlTemplate\":\"https:\/\/www.sino-grate.com\/?s={search_term_string}\"},\"query-input\":{\"@type\":\"PropertyValueSpecification\",\"valueRequired\":true,\"valueName\":\"search_term_string\"}}],\"inLanguage\":\"it-IT\"},{\"@type\":\"Organization\",\"@id\":\"https:\/\/www.sino-grate.com\/#organization\",\"name\":\"Sino Composite Structures Co.,Ltd.\",\"url\":\"https:\/\/www.sino-grate.com\/\",\"logo\":{\"@type\":\"ImageObject\",\"inLanguage\":\"it-IT\",\"@id\":\"https:\/\/www.sino-grate.com\/#\/schema\/logo\/image\/\",\"url\":\"https:\/\/www.sino-grate.com\/wp-content\/uploads\/2023\/06\/sino_logo1.png\",\"contentUrl\":\"https:\/\/www.sino-grate.com\/wp-content\/uploads\/2023\/06\/sino_logo1.png\",\"width\":834,\"height\":125,\"caption\":\"Sino Composite Structures Co.,Ltd.\"},\"image\":{\"@id\":\"https:\/\/www.sino-grate.com\/#\/schema\/logo\/image\/\"}}]}<\/script>\n<!-- \/ Yoast SEO plugin. -->","yoast_head_json":{"title":"Chiusino in FRP - Cina Griglia in FRP, Profili in FRP, Clip per griglie Fornitori, Produttori, Fabbrica - Sino Grating","robots":{"index":"index","follow":"follow","max-snippet":"max-snippet:-1","max-image-preview":"max-image-preview:large","max-video-preview":"max-video-preview:-1"},"canonical":"https:\/\/www.sino-grate.com\/it\/prodotto\/frp-manhole-cover\/","og_locale":"it_IT","og_type":"article","og_title":"FRP Manhole Cover - China FRP Grating, FRP Profiles, Grating Clips Suppliers, Manufacturers, Factory - Sino Grating","og_description":"ino Composite offers customer with excellent quality GRP\/FRP manhole cover. FRP manhole covers are a new type of manhole cover developed to solve the defects of steel and iron manhole covers that are easy to rust and lose, too bulky, and easy to brittle, and to improve their use functions and economic and social benefits. [&hellip;]","og_url":"https:\/\/www.sino-grate.com\/it\/prodotto\/frp-manhole-cover\/","og_site_name":"China FRP Grating, FRP Profiles, Grating Clips Suppliers, Manufacturers, Factory - Sino Grating","article_modified_time":"2025-03-10T05:08:32+00:00","og_image":[{"width":800,"height":520,"url":"https:\/\/www.sino-grate.com\/wp-content\/uploads\/2024\/07\/28cbfdfd38c05ae3c5690381bf6112b7.jpg","type":"image\/jpeg"}],"twitter_card":"summary_large_image","twitter_misc":{"Tempo di lettura stimato":"2 minuti"},"schema":{"@context":"https:\/\/schema.org","@graph":[{"@type":"WebPage","@id":"https:\/\/www.sino-grate.com\/product\/frp-manhole-cover\/","url":"https:\/\/www.sino-grate.com\/product\/frp-manhole-cover\/","name":"Chiusino in FRP - Cina Griglia in FRP, Profili in FRP, Clip per griglie Fornitori, Produttori, Fabbrica - Sino Grating","isPartOf":{"@id":"https:\/\/www.sino-grate.com\/#website"},"primaryImageOfPage":{"@id":"https:\/\/www.sino-grate.com\/product\/frp-manhole-cover\/#primaryimage"},"image":{"@id":"https:\/\/www.sino-grate.com\/product\/frp-manhole-cover\/#primaryimage"},"thumbnailUrl":"https:\/\/www.sino-grate.com\/wp-content\/uploads\/2024\/07\/28cbfdfd38c05ae3c5690381bf6112b7.jpg","datePublished":"2024-07-11T07:28:08+00:00","dateModified":"2025-03-10T05:08:32+00:00","breadcrumb":{"@id":"https:\/\/www.sino-grate.com\/product\/frp-manhole-cover\/#breadcrumb"},"inLanguage":"it-IT","potentialAction":[{"@type":"ReadAction","target":["https:\/\/www.sino-grate.com\/product\/frp-manhole-cover\/"]}]},{"@type":"ImageObject","inLanguage":"it-IT","@id":"https:\/\/www.sino-grate.com\/product\/frp-manhole-cover\/#primaryimage","url":"https:\/\/www.sino-grate.com\/wp-content\/uploads\/2024\/07\/28cbfdfd38c05ae3c5690381bf6112b7.jpg","contentUrl":"https:\/\/www.sino-grate.com\/wp-content\/uploads\/2024\/07\/28cbfdfd38c05ae3c5690381bf6112b7.jpg","width":800,"height":520,"caption":"FRP Manhole Cover"},{"@type":"BreadcrumbList","@id":"https:\/\/www.sino-grate.com\/product\/frp-manhole-cover\/#breadcrumb","itemListElement":[{"@type":"ListItem","position":1,"name":"Home","item":"https:\/\/www.sino-grate.com\/"},{"@type":"ListItem","position":2,"name":"Products","item":"https:\/\/www.sino-grate.com\/shop\/"},{"@type":"ListItem","position":3,"name":"FRP Manhole Cover"}]},{"@type":"WebSite","@id":"https:\/\/www.sino-grate.com\/#website","url":"https:\/\/www.sino-grate.com\/","name":"Cina Griglia FRP, profili FRP, clip per griglia fornitori, produttori, fabbrica - Sino Grating","description":"Sino composite fornisce grigliati in FRP di qualit\u00e0 eccellente, profili in FRP, strutture in FRP, altri prodotti in FRP e accessori per clip. Forniamo servizi a tutto tondo, dalla progettazione, all'assistenza ai clienti nella scelta del modello, alla produzione, al preassemblaggio e al trasporto.","publisher":{"@id":"https:\/\/www.sino-grate.com\/#organization"},"potentialAction":[{"@type":"SearchAction","target":{"@type":"EntryPoint","urlTemplate":"https:\/\/www.sino-grate.com\/?s={search_term_string}"},"query-input":{"@type":"PropertyValueSpecification","valueRequired":true,"valueName":"search_term_string"}}],"inLanguage":"it-IT"},{"@type":"Organization","@id":"https:\/\/www.sino-grate.com\/#organization","name":"Sino Composite Structures Co.,Ltd.","url":"https:\/\/www.sino-grate.com\/","logo":{"@type":"ImageObject","inLanguage":"it-IT","@id":"https:\/\/www.sino-grate.com\/#\/schema\/logo\/image\/","url":"https:\/\/www.sino-grate.com\/wp-content\/uploads\/2023\/06\/sino_logo1.png","contentUrl":"https:\/\/www.sino-grate.com\/wp-content\/uploads\/2023\/06\/sino_logo1.png","width":834,"height":125,"caption":"Sino Composite Structures Co.,Ltd."},"image":{"@id":"https:\/\/www.sino-grate.com\/#\/schema\/logo\/image\/"}}]}},"_links":{"self":[{"href":"https:\/\/www.sino-grate.com\/it\/wp-json\/wp\/v2\/product\/4211","targetHints":{"allow":["GET"]}}],"collection":[{"href":"https:\/\/www.sino-grate.com\/it\/wp-json\/wp\/v2\/product"}],"about":[{"href":"https:\/\/www.sino-grate.com\/it\/wp-json\/wp\/v2\/types\/product"}],"version-history":[{"count":5,"href":"https:\/\/www.sino-grate.com\/it\/wp-json\/wp\/v2\/product\/4211\/revisions"}],"predecessor-version":[{"id":5288,"href":"https:\/\/www.sino-grate.com\/it\/wp-json\/wp\/v2\/product\/4211\/revisions\/5288"}],"wp:featuredmedia":[{"embeddable":true,"href":"https:\/\/www.sino-grate.com\/it\/wp-json\/wp\/v2\/media\/5287"}],"wp:attachment":[{"href":"https:\/\/www.sino-grate.com\/it\/wp-json\/wp\/v2\/media?parent=4211"}],"wp:term":[{"taxonomy":"product_brand","embeddable":true,"href":"https:\/\/www.sino-grate.com\/it\/wp-json\/wp\/v2\/product_brand?post=4211"},{"taxonomy":"product_cat","embeddable":true,"href":"https:\/\/www.sino-grate.com\/it\/wp-json\/wp\/v2\/product_cat?post=4211"},{"taxonomy":"product_tag","embeddable":true,"href":"https:\/\/www.sino-grate.com\/it\/wp-json\/wp\/v2\/product_tag?post=4211"}],"curies":[{"name":"wp","href":"https:\/\/api.w.org\/{rel}","templated":true}]}}