{"id":3159,"date":"2024-07-05T14:15:36","date_gmt":"2024-07-05T06:15:36","guid":{"rendered":"http:\/\/elementorwp.my.yxly8.com\/?page_id=3159"},"modified":"2026-03-10T02:35:04","modified_gmt":"2026-03-10T09:35:04","slug":"company-profile","status":"publish","type":"page","link":"https:\/\/www.sino-grate.com\/pt\/about\/company-profile\/","title":{"rendered":"Perfil da empresa"},"content":{"rendered":"<div data-elementor-type=\"wp-page\" data-elementor-id=\"3159\" class=\"elementor elementor-3159\" data-elementor-post-type=\"page\">\n\t\t\t\t\t\t<section class=\"elementor-section elementor-top-section elementor-element elementor-element-de497bd elementor-section-boxed elementor-section-height-default elementor-section-height-default\" data-id=\"de497bd\" data-element_type=\"section\">\n\t\t\t\t\t\t<div class=\"elementor-container elementor-column-gap-default\">\n\t\t\t\t\t<div class=\"elementor-column elementor-col-100 elementor-top-column elementor-element elementor-element-e88e2e3\" data-id=\"e88e2e3\" data-element_type=\"column\">\n\t\t\t<div class=\"elementor-widget-wrap elementor-element-populated\">\n\t\t\t\t\t\t<div class=\"elementor-element elementor-element-cc7b49f elementor-widget elementor-widget-heading\" data-id=\"cc7b49f\" data-element_type=\"widget\" data-widget_type=\"heading.default\">\n\t\t\t\t<div class=\"elementor-widget-container\">\n\t\t\t\t\t<div class=\"elementor-heading-title elementor-size-default\">Empresa<\/div>\t\t\t\t<\/div>\n\t\t\t\t<\/div>\n\t\t\t\t<div class=\"elementor-element elementor-element-089ee85 elementor-widget elementor-widget-image\" data-id=\"089ee85\" data-element_type=\"widget\" data-widget_type=\"image.default\">\n\t\t\t\t<div class=\"elementor-widget-container\">\n\t\t\t\t\t\t\t\t\t\t\t\t\t\t\t<img fetchpriority=\"high\" decoding=\"async\" width=\"1633\" height=\"485\" src=\"https:\/\/www.sino-grate.com\/wp-content\/uploads\/2026\/03\/11.jpg\" class=\"attachment-full size-full wp-image-8739\" alt=\"\" srcset=\"https:\/\/www.sino-grate.com\/wp-content\/uploads\/2026\/03\/11.jpg 1633w, https:\/\/www.sino-grate.com\/wp-content\/uploads\/2026\/03\/11-800x238.jpg 800w, https:\/\/www.sino-grate.com\/wp-content\/uploads\/2026\/03\/11-1024x304.jpg 1024w, https:\/\/www.sino-grate.com\/wp-content\/uploads\/2026\/03\/11-768x228.jpg 768w, https:\/\/www.sino-grate.com\/wp-content\/uploads\/2026\/03\/11-1536x456.jpg 1536w, https:\/\/www.sino-grate.com\/wp-content\/uploads\/2026\/03\/11-18x5.jpg 18w, https:\/\/www.sino-grate.com\/wp-content\/uploads\/2026\/03\/11-600x178.jpg 600w\" sizes=\"(max-width: 1633px) 100vw, 1633px\" \/>\t\t\t\t\t\t\t\t\t\t\t\t\t\t\t<\/div>\n\t\t\t\t<\/div>\n\t\t\t\t<div class=\"elementor-element elementor-element-4baeb31 elementor-widget elementor-widget-text-editor\" data-id=\"4baeb31\" data-element_type=\"widget\" data-widget_type=\"text-editor.default\">\n\t\t\t\t<div class=\"elementor-widget-container\">\n\t\t\t\t\t\t\t\t\t<p>Desde o in\u00edcio do neg\u00f3cio de FRP (Pl\u00e1stico Refor\u00e7ado com Fibra, tamb\u00e9m chamado Pol\u00edmero Refor\u00e7ado com Fibra) em 2002, a Sino Composite acredita firmemente que o nosso neg\u00f3cio pode ajudar os clientes a ter sucesso. Desde a entrega da primeira grelha moldada em FRP ao nosso cliente, temos assegurado que cada um dos nossos produtos pode ajudar os clientes a concluir o projeto de forma perfeita e segura.<\/p>\t\t\t\t\t\t\t\t<\/div>\n\t\t\t\t<\/div>\n\t\t\t\t<div class=\"elementor-element elementor-element-08e4329 elementor-widget elementor-widget-text-editor\" data-id=\"08e4329\" data-element_type=\"widget\" data-widget_type=\"text-editor.default\">\n\t\t\t\t<div class=\"elementor-widget-container\">\n\t\t\t\t\t\t\t\t\t<p>Ap\u00f3s 20 anos de desenvolvimento cont\u00ednuo, a atividade da Sino Composite abrange grelha FRP, sistema de estrutura FRP, sistema de corrim\u00e3o FRP, sistema de escada FRP e outros sistemas de acesso. Tamb\u00e9m fornecemos aos clientes v\u00e1rios designs, projectos, engenharia e outras solu\u00e7\u00f5es FRP. Tais como sistema de bandeja de cabos, sistema de poste telegr\u00e1fico, sistema de ponte, sistema de gabinete e assim por diante.<\/p>\t\t\t\t\t\t\t\t<\/div>\n\t\t\t\t<\/div>\n\t\t\t\t<div class=\"elementor-element elementor-element-fb96d57 elementor-widget elementor-widget-text-editor\" data-id=\"fb96d57\" data-element_type=\"widget\" data-widget_type=\"text-editor.default\">\n\t\t\t\t<div class=\"elementor-widget-container\">\n\t\t\t\t\t\t\t\t\t<p>Na deslumbrante gama de projectos, tamb\u00e9m desenvolvemos outras aplica\u00e7\u00f5es de materiais comp\u00f3sitos. Tais como fibra de carbono, fibra de basalto, material composto de fibra de aramida e assim por diante. Tamb\u00e9m reconhecemos o efeito surpreendente trazido pela combina\u00e7\u00e3o de m\u00faltiplos materiais, e tamb\u00e9m fornecemos aos clientes solu\u00e7\u00f5es de aplica\u00e7\u00e3o para alum\u00ednio e outros materiais met\u00e1licos.<\/p>\t\t\t\t\t\t\t\t<\/div>\n\t\t\t\t<\/div>\n\t\t\t\t<section class=\"elementor-section elementor-inner-section elementor-element elementor-element-2183a1a elementor-section-boxed elementor-section-height-default elementor-section-height-default\" data-id=\"2183a1a\" data-element_type=\"section\">\n\t\t\t\t\t\t<div class=\"elementor-container elementor-column-gap-default\">\n\t\t\t\t\t<div class=\"elementor-column elementor-col-50 elementor-inner-column elementor-element elementor-element-b01912d\" data-id=\"b01912d\" data-element_type=\"column\">\n\t\t\t<div class=\"elementor-widget-wrap elementor-element-populated\">\n\t\t\t\t\t\t<div class=\"elementor-element elementor-element-07dc092 elementor-widget elementor-widget-image\" data-id=\"07dc092\" data-element_type=\"widget\" data-widget_type=\"image.default\">\n\t\t\t\t<div class=\"elementor-widget-container\">\n\t\t\t\t\t\t\t\t\t\t\t\t\t\t\t<img decoding=\"async\" width=\"1024\" height=\"683\" src=\"https:\/\/www.sino-grate.com\/wp-content\/uploads\/2024\/06\/1688360768101894-1024x683.jpg\" class=\"attachment-large size-large wp-image-3295\" alt=\"\" srcset=\"https:\/\/www.sino-grate.com\/wp-content\/uploads\/2024\/06\/1688360768101894-1024x683.jpg 1024w, https:\/\/www.sino-grate.com\/wp-content\/uploads\/2024\/06\/1688360768101894-600x400.jpg 600w, https:\/\/www.sino-grate.com\/wp-content\/uploads\/2024\/06\/1688360768101894-800x534.jpg 800w, https:\/\/www.sino-grate.com\/wp-content\/uploads\/2024\/06\/1688360768101894-300x200.jpg 300w, https:\/\/www.sino-grate.com\/wp-content\/uploads\/2024\/06\/1688360768101894-768x512.jpg 768w, https:\/\/www.sino-grate.com\/wp-content\/uploads\/2024\/06\/1688360768101894.jpg 1202w\" sizes=\"(max-width: 1024px) 100vw, 1024px\" \/>\t\t\t\t\t\t\t\t\t\t\t\t\t\t\t<\/div>\n\t\t\t\t<\/div>\n\t\t\t\t\t<\/div>\n\t\t<\/div>\n\t\t\t\t<div class=\"elementor-column elementor-col-50 elementor-inner-column elementor-element elementor-element-8fe23e7\" data-id=\"8fe23e7\" data-element_type=\"column\">\n\t\t\t<div class=\"elementor-widget-wrap elementor-element-populated\">\n\t\t\t\t\t\t<div class=\"elementor-element elementor-element-b4bf607 elementor-widget elementor-widget-image\" data-id=\"b4bf607\" data-element_type=\"widget\" data-widget_type=\"image.default\">\n\t\t\t\t<div class=\"elementor-widget-container\">\n\t\t\t\t\t\t\t\t\t\t\t\t\t\t\t<img decoding=\"async\" width=\"1024\" height=\"683\" src=\"https:\/\/www.sino-grate.com\/wp-content\/uploads\/2024\/06\/1688360812920568-1024x683.jpg\" class=\"attachment-large size-large wp-image-3296\" alt=\"\" srcset=\"https:\/\/www.sino-grate.com\/wp-content\/uploads\/2024\/06\/1688360812920568-1024x683.jpg 1024w, https:\/\/www.sino-grate.com\/wp-content\/uploads\/2024\/06\/1688360812920568-600x400.jpg 600w, https:\/\/www.sino-grate.com\/wp-content\/uploads\/2024\/06\/1688360812920568-800x534.jpg 800w, https:\/\/www.sino-grate.com\/wp-content\/uploads\/2024\/06\/1688360812920568-300x200.jpg 300w, https:\/\/www.sino-grate.com\/wp-content\/uploads\/2024\/06\/1688360812920568-768x512.jpg 768w, https:\/\/www.sino-grate.com\/wp-content\/uploads\/2024\/06\/1688360812920568.jpg 1202w\" sizes=\"(max-width: 1024px) 100vw, 1024px\" \/>\t\t\t\t\t\t\t\t\t\t\t\t\t\t\t<\/div>\n\t\t\t\t<\/div>\n\t\t\t\t\t<\/div>\n\t\t<\/div>\n\t\t\t\t\t<\/div>\n\t\t<\/section>\n\t\t\t\t<div class=\"elementor-element elementor-element-18b2e04 elementor-widget elementor-widget-heading\" data-id=\"18b2e04\" data-element_type=\"widget\" data-widget_type=\"heading.default\">\n\t\t\t\t<div class=\"elementor-widget-container\">\n\t\t\t\t\t<div class=\"elementor-heading-title elementor-size-default\">V\u00eddeo da empresa<\/div>\t\t\t\t<\/div>\n\t\t\t\t<\/div>\n\t\t\t\t<div class=\"elementor-element elementor-element-1e2b756 elementor-widget elementor-widget-video\" data-id=\"1e2b756\" data-element_type=\"widget\" data-settings=\"{&quot;youtube_url&quot;:&quot;https:\\\/\\\/www.youtube.com\\\/embed\\\/DWNuqqA1ydg?si=HEqXk9nFqtksDyGv&quot;,&quot;video_type&quot;:&quot;youtube&quot;,&quot;controls&quot;:&quot;yes&quot;}\" data-widget_type=\"video.default\">\n\t\t\t\t<div class=\"elementor-widget-container\">\n\t\t\t\t\t\t\t<div class=\"elementor-wrapper elementor-open-inline\">\n\t\t\t<div class=\"elementor-video\"><\/div>\t\t<\/div>\n\t\t\t\t\t\t<\/div>\n\t\t\t\t<\/div>\n\t\t\t\t<div class=\"elementor-element elementor-element-356ca26 elementor-widget elementor-widget-heading\" data-id=\"356ca26\" data-element_type=\"widget\" data-widget_type=\"heading.default\">\n\t\t\t\t<div class=\"elementor-widget-container\">\n\t\t\t\t\t<div class=\"elementor-heading-title elementor-size-default\">Vis\u00e3o<\/div>\t\t\t\t<\/div>\n\t\t\t\t<\/div>\n\t\t\t\t<div class=\"elementor-element elementor-element-52aaeaf elementor-icon-list--layout-inline elementor-align-start elementor-list-item-link-full_width elementor-widget elementor-widget-icon-list\" data-id=\"52aaeaf\" data-element_type=\"widget\" data-widget_type=\"icon-list.default\">\n\t\t\t\t<div class=\"elementor-widget-container\">\n\t\t\t\t\t\t\t<ul class=\"elementor-icon-list-items elementor-inline-items\">\n\t\t\t\t\t\t\t<li class=\"elementor-icon-list-item elementor-inline-item\">\n\t\t\t\t\t\t\t\t\t\t\t<span class=\"elementor-icon-list-icon\">\n\t\t\t\t\t\t\t<i aria-hidden=\"true\" class=\"fas fa-square\"><\/i>\t\t\t\t\t\t<\/span>\n\t\t\t\t\t\t\t\t\t\t<span class=\"elementor-icon-list-text\">Um mundo mais verde<\/span>\n\t\t\t\t\t\t\t\t\t<\/li>\n\t\t\t\t\t\t\t\t<li class=\"elementor-icon-list-item elementor-inline-item\">\n\t\t\t\t\t\t\t\t\t\t\t<span class=\"elementor-icon-list-icon\">\n\t\t\t\t\t\t\t<i aria-hidden=\"true\" class=\"fas fa-square\"><\/i>\t\t\t\t\t\t<\/span>\n\t\t\t\t\t\t\t\t\t\t<span class=\"elementor-icon-list-text\">Seguran\u00e7a sem paralelo<\/span>\n\t\t\t\t\t\t\t\t\t<\/li>\n\t\t\t\t\t\t\t\t<li class=\"elementor-icon-list-item elementor-inline-item\">\n\t\t\t\t\t\t\t\t\t\t\t<span class=\"elementor-icon-list-icon\">\n\t\t\t\t\t\t\t<i aria-hidden=\"true\" class=\"fas fa-square\"><\/i>\t\t\t\t\t\t<\/span>\n\t\t\t\t\t\t\t\t\t\t<span class=\"elementor-icon-list-text\">Criar benef\u00edcios vis\u00edveis para os clientes<\/span>\n\t\t\t\t\t\t\t\t\t<\/li>\n\t\t\t\t\t\t<\/ul>\n\t\t\t\t\t\t<\/div>\n\t\t\t\t<\/div>\n\t\t\t\t\t<\/div>\n\t\t<\/div>\n\t\t\t\t\t<\/div>\n\t\t<\/section>\n\t\t\t\t<\/div>","protected":false},"excerpt":{"rendered":"<p>Company Since starting the FRP(Fiber Fibre Reinforced Plastic also called Fiber Reinforced Polymer) business in 2002, Sino Composite firmly believes that our business can help customers success. From our delivery of the first FRP molded grating to our customer, we have ensured that each of our products can help customers complete the project perfectly and [&hellip;]<\/p>\n","protected":false},"author":1,"featured_media":0,"parent":1468,"menu_order":0,"comment_status":"closed","ping_status":"closed","template":"","meta":{"site-sidebar-layout":"no-sidebar","site-content-layout":"page-builder","ast-site-content-layout":"full-width-container","site-content-style":"default","site-sidebar-style":"default","ast-global-header-display":"","ast-banner-title-visibility":"","ast-main-header-display":"","ast-hfb-above-header-display":"","ast-hfb-below-header-display":"","ast-hfb-mobile-header-display":"","site-post-title":"disabled","ast-breadcrumbs-content":"","ast-featured-img":"disabled","footer-sml-layout":"","theme-transparent-header-meta":"","adv-header-id-meta":"","stick-header-meta":"","header-above-stick-meta":"","header-main-stick-meta":"","header-below-stick-meta":"","astra-migrate-meta-layouts":"set","ast-page-background-enabled":"default","ast-page-background-meta":{"desktop":{"background-color":"","background-image":"","background-repeat":"repeat","background-position":"center center","background-size":"auto","background-attachment":"scroll","background-type":"","background-media":"","overlay-type":"","overlay-color":"","overlay-opacity":"","overlay-gradient":""},"tablet":{"background-color":"","background-image":"","background-repeat":"repeat","background-position":"center center","background-size":"auto","background-attachment":"scroll","background-type":"","background-media":"","overlay-type":"","overlay-color":"","overlay-opacity":"","overlay-gradient":""},"mobile":{"background-color":"","background-image":"","background-repeat":"repeat","background-position":"center center","background-size":"auto","background-attachment":"scroll","background-type":"","background-media":"","overlay-type":"","overlay-color":"","overlay-opacity":"","overlay-gradient":""}},"ast-content-background-meta":{"desktop":{"background-color":"var(--ast-global-color-5)","background-image":"","background-repeat":"repeat","background-position":"center center","background-size":"auto","background-attachment":"scroll","background-type":"","background-media":"","overlay-type":"","overlay-color":"","overlay-opacity":"","overlay-gradient":""},"tablet":{"background-color":"var(--ast-global-color-5)","background-image":"","background-repeat":"repeat","background-position":"center center","background-size":"auto","background-attachment":"scroll","background-type":"","background-media":"","overlay-type":"","overlay-color":"","overlay-opacity":"","overlay-gradient":""},"mobile":{"background-color":"var(--ast-global-color-5)","background-image":"","background-repeat":"repeat","background-position":"center center","background-size":"auto","background-attachment":"scroll","background-type":"","background-media":"","overlay-type":"","overlay-color":"","overlay-opacity":"","overlay-gradient":""}},"footnotes":""},"class_list":["post-3159","page","type-page","status-publish","hentry"],"yoast_head":"<!-- This site is optimized with the Yoast SEO plugin v26.6 - https:\/\/yoast.com\/wordpress\/plugins\/seo\/ -->\n<title>Company Profile - Sino Composite Structures Co.,Ltd.<\/title>\n<meta name=\"robots\" content=\"index, follow, max-snippet:-1, max-image-preview:large, max-video-preview:-1\" \/>\n<link rel=\"canonical\" href=\"https:\/\/www.sino-grate.com\/pt\/about\/company-profile\/\" \/>\n<meta property=\"og:locale\" content=\"pt_PT\" \/>\n<meta property=\"og:type\" content=\"article\" \/>\n<meta property=\"og:title\" content=\"Company Profile - Sino Composite Structures Co.,Ltd.\" \/>\n<meta property=\"og:description\" content=\"Company Since starting the FRP(Fiber Fibre Reinforced Plastic also called Fiber Reinforced Polymer) business in 2002, Sino Composite firmly believes that our business can help customers success. From our delivery of the first FRP molded grating to our customer, we have ensured that each of our products can help customers complete the project perfectly and [&hellip;]\" \/>\n<meta property=\"og:url\" content=\"https:\/\/www.sino-grate.com\/pt\/about\/company-profile\/\" \/>\n<meta property=\"og:site_name\" content=\"China FRP Grating, FRP Profiles, Grating Clips Suppliers, Manufacturers, Factory - Sino Grating\" \/>\n<meta property=\"article:modified_time\" content=\"2026-03-10T09:35:04+00:00\" \/>\n<meta property=\"og:image\" content=\"https:\/\/www.sino-grate.com\/wp-content\/uploads\/2026\/03\/11.jpg\" \/>\n<meta name=\"twitter:card\" content=\"summary_large_image\" \/>\n<meta name=\"twitter:label1\" content=\"Tempo estimado de leitura\" \/>\n\t<meta name=\"twitter:data1\" content=\"2 minutos\" \/>\n<script type=\"application\/ld+json\" class=\"yoast-schema-graph\">{\"@context\":\"https:\/\/schema.org\",\"@graph\":[{\"@type\":\"WebPage\",\"@id\":\"https:\/\/www.sino-grate.com\/about\/company-profile\/\",\"url\":\"https:\/\/www.sino-grate.com\/about\/company-profile\/\",\"name\":\"Company Profile - Sino Composite Structures Co.,Ltd.\",\"isPartOf\":{\"@id\":\"https:\/\/www.sino-grate.com\/#website\"},\"primaryImageOfPage\":{\"@id\":\"https:\/\/www.sino-grate.com\/about\/company-profile\/#primaryimage\"},\"image\":{\"@id\":\"https:\/\/www.sino-grate.com\/about\/company-profile\/#primaryimage\"},\"thumbnailUrl\":\"https:\/\/www.sino-grate.com\/wp-content\/uploads\/2026\/03\/11.jpg\",\"datePublished\":\"2024-07-05T06:15:36+00:00\",\"dateModified\":\"2026-03-10T09:35:04+00:00\",\"breadcrumb\":{\"@id\":\"https:\/\/www.sino-grate.com\/about\/company-profile\/#breadcrumb\"},\"inLanguage\":\"pt-PT\",\"potentialAction\":[{\"@type\":\"ReadAction\",\"target\":[\"https:\/\/www.sino-grate.com\/about\/company-profile\/\"]}]},{\"@type\":\"ImageObject\",\"inLanguage\":\"pt-PT\",\"@id\":\"https:\/\/www.sino-grate.com\/about\/company-profile\/#primaryimage\",\"url\":\"https:\/\/www.sino-grate.com\/wp-content\/uploads\/2026\/03\/11.jpg\",\"contentUrl\":\"https:\/\/www.sino-grate.com\/wp-content\/uploads\/2026\/03\/11.jpg\"},{\"@type\":\"BreadcrumbList\",\"@id\":\"https:\/\/www.sino-grate.com\/about\/company-profile\/#breadcrumb\",\"itemListElement\":[{\"@type\":\"ListItem\",\"position\":1,\"name\":\"Home\",\"item\":\"https:\/\/www.sino-grate.com\/\"},{\"@type\":\"ListItem\",\"position\":2,\"name\":\"About Us\",\"item\":\"https:\/\/www.sino-grate.com\/about\/\"},{\"@type\":\"ListItem\",\"position\":3,\"name\":\"Company Profile\"}]},{\"@type\":\"WebSite\",\"@id\":\"https:\/\/www.sino-grate.com\/#website\",\"url\":\"https:\/\/www.sino-grate.com\/\",\"name\":\"China FRP Grating, FRP Profiles, Grating Clips Suppliers, Manufacturers, Factory - Sino Grating\",\"description\":\"Sino composite provides with excellent quality FRP grating, FRP profiles, FRP structures, other FRP products and clip accessories. We provide all-round services from design, helping customers with model selection, production, pre-assembly, and transportation.\",\"publisher\":{\"@id\":\"https:\/\/www.sino-grate.com\/#organization\"},\"potentialAction\":[{\"@type\":\"SearchAction\",\"target\":{\"@type\":\"EntryPoint\",\"urlTemplate\":\"https:\/\/www.sino-grate.com\/?s={search_term_string}\"},\"query-input\":{\"@type\":\"PropertyValueSpecification\",\"valueRequired\":true,\"valueName\":\"search_term_string\"}}],\"inLanguage\":\"pt-PT\"},{\"@type\":\"Organization\",\"@id\":\"https:\/\/www.sino-grate.com\/#organization\",\"name\":\"Sino Composite Structures Co.,Ltd.\",\"url\":\"https:\/\/www.sino-grate.com\/\",\"logo\":{\"@type\":\"ImageObject\",\"inLanguage\":\"pt-PT\",\"@id\":\"https:\/\/www.sino-grate.com\/#\/schema\/logo\/image\/\",\"url\":\"https:\/\/www.sino-grate.com\/wp-content\/uploads\/2023\/06\/sino_logo1.png\",\"contentUrl\":\"https:\/\/www.sino-grate.com\/wp-content\/uploads\/2023\/06\/sino_logo1.png\",\"width\":834,\"height\":125,\"caption\":\"Sino Composite Structures Co.,Ltd.\"},\"image\":{\"@id\":\"https:\/\/www.sino-grate.com\/#\/schema\/logo\/image\/\"}}]}<\/script>\n<!-- \/ Yoast SEO plugin. -->","yoast_head_json":{"title":"Perfil da empresa - Sino Composite Structures Co.,Ltd.","robots":{"index":"index","follow":"follow","max-snippet":"max-snippet:-1","max-image-preview":"max-image-preview:large","max-video-preview":"max-video-preview:-1"},"canonical":"https:\/\/www.sino-grate.com\/pt\/about\/company-profile\/","og_locale":"pt_PT","og_type":"article","og_title":"Company Profile - Sino Composite Structures Co.,Ltd.","og_description":"Company Since starting the FRP(Fiber Fibre Reinforced Plastic also called Fiber Reinforced Polymer) business in 2002, Sino Composite firmly believes that our business can help customers success. From our delivery of the first FRP molded grating to our customer, we have ensured that each of our products can help customers complete the project perfectly and [&hellip;]","og_url":"https:\/\/www.sino-grate.com\/pt\/about\/company-profile\/","og_site_name":"China FRP Grating, FRP Profiles, Grating Clips Suppliers, Manufacturers, Factory - Sino Grating","article_modified_time":"2026-03-10T09:35:04+00:00","og_image":[{"url":"https:\/\/www.sino-grate.com\/wp-content\/uploads\/2026\/03\/11.jpg","type":"","width":"","height":""}],"twitter_card":"summary_large_image","twitter_misc":{"Tempo estimado de leitura":"2 minutos"},"schema":{"@context":"https:\/\/schema.org","@graph":[{"@type":"WebPage","@id":"https:\/\/www.sino-grate.com\/about\/company-profile\/","url":"https:\/\/www.sino-grate.com\/about\/company-profile\/","name":"Perfil da empresa - Sino Composite Structures Co.,Ltd.","isPartOf":{"@id":"https:\/\/www.sino-grate.com\/#website"},"primaryImageOfPage":{"@id":"https:\/\/www.sino-grate.com\/about\/company-profile\/#primaryimage"},"image":{"@id":"https:\/\/www.sino-grate.com\/about\/company-profile\/#primaryimage"},"thumbnailUrl":"https:\/\/www.sino-grate.com\/wp-content\/uploads\/2026\/03\/11.jpg","datePublished":"2024-07-05T06:15:36+00:00","dateModified":"2026-03-10T09:35:04+00:00","breadcrumb":{"@id":"https:\/\/www.sino-grate.com\/about\/company-profile\/#breadcrumb"},"inLanguage":"pt-PT","potentialAction":[{"@type":"ReadAction","target":["https:\/\/www.sino-grate.com\/about\/company-profile\/"]}]},{"@type":"ImageObject","inLanguage":"pt-PT","@id":"https:\/\/www.sino-grate.com\/about\/company-profile\/#primaryimage","url":"https:\/\/www.sino-grate.com\/wp-content\/uploads\/2026\/03\/11.jpg","contentUrl":"https:\/\/www.sino-grate.com\/wp-content\/uploads\/2026\/03\/11.jpg"},{"@type":"BreadcrumbList","@id":"https:\/\/www.sino-grate.com\/about\/company-profile\/#breadcrumb","itemListElement":[{"@type":"ListItem","position":1,"name":"Home","item":"https:\/\/www.sino-grate.com\/"},{"@type":"ListItem","position":2,"name":"About Us","item":"https:\/\/www.sino-grate.com\/about\/"},{"@type":"ListItem","position":3,"name":"Company Profile"}]},{"@type":"WebSite","@id":"https:\/\/www.sino-grate.com\/#website","url":"https:\/\/www.sino-grate.com\/","name":"China Grade FRP, Perfis FRP, Clipes de grade Fornecedores, Fabricantes, F\u00e1brica - Sino Grating","description":"A Sino composite fornece grelha FRP de excelente qualidade, perfis FRP, estruturas FRP, outros produtos FRP e acess\u00f3rios para clipes. Prestamos servi\u00e7os completos desde a conce\u00e7\u00e3o, ajudando os clientes na sele\u00e7\u00e3o de modelos, produ\u00e7\u00e3o, pr\u00e9-montagem e transporte.","publisher":{"@id":"https:\/\/www.sino-grate.com\/#organization"},"potentialAction":[{"@type":"SearchAction","target":{"@type":"EntryPoint","urlTemplate":"https:\/\/www.sino-grate.com\/?s={search_term_string}"},"query-input":{"@type":"PropertyValueSpecification","valueRequired":true,"valueName":"search_term_string"}}],"inLanguage":"pt-PT"},{"@type":"Organization","@id":"https:\/\/www.sino-grate.com\/#organization","name":"Sino Composite Structures Co.,Ltd.","url":"https:\/\/www.sino-grate.com\/","logo":{"@type":"ImageObject","inLanguage":"pt-PT","@id":"https:\/\/www.sino-grate.com\/#\/schema\/logo\/image\/","url":"https:\/\/www.sino-grate.com\/wp-content\/uploads\/2023\/06\/sino_logo1.png","contentUrl":"https:\/\/www.sino-grate.com\/wp-content\/uploads\/2023\/06\/sino_logo1.png","width":834,"height":125,"caption":"Sino Composite Structures Co.,Ltd."},"image":{"@id":"https:\/\/www.sino-grate.com\/#\/schema\/logo\/image\/"}}]}},"_links":{"self":[{"href":"https:\/\/www.sino-grate.com\/pt\/wp-json\/wp\/v2\/pages\/3159","targetHints":{"allow":["GET"]}}],"collection":[{"href":"https:\/\/www.sino-grate.com\/pt\/wp-json\/wp\/v2\/pages"}],"about":[{"href":"https:\/\/www.sino-grate.com\/pt\/wp-json\/wp\/v2\/types\/page"}],"author":[{"embeddable":true,"href":"https:\/\/www.sino-grate.com\/pt\/wp-json\/wp\/v2\/users\/1"}],"replies":[{"embeddable":true,"href":"https:\/\/www.sino-grate.com\/pt\/wp-json\/wp\/v2\/comments?post=3159"}],"version-history":[{"count":7,"href":"https:\/\/www.sino-grate.com\/pt\/wp-json\/wp\/v2\/pages\/3159\/revisions"}],"predecessor-version":[{"id":8745,"href":"https:\/\/www.sino-grate.com\/pt\/wp-json\/wp\/v2\/pages\/3159\/revisions\/8745"}],"up":[{"embeddable":true,"href":"https:\/\/www.sino-grate.com\/pt\/wp-json\/wp\/v2\/pages\/1468"}],"wp:attachment":[{"href":"https:\/\/www.sino-grate.com\/pt\/wp-json\/wp\/v2\/media?parent=3159"}],"curies":[{"name":"wp","href":"https:\/\/api.w.org\/{rel}","templated":true}]}}